{"id":85,"date":"2020-09-28T06:24:08","date_gmt":"2020-09-28T06:24:08","guid":{"rendered":"https:\/\/www.travelslowly.de\/?page_id=85"},"modified":"2020-09-29T18:01:25","modified_gmt":"2020-09-29T18:01:25","slug":"slow-travel","status":"publish","type":"page","link":"https:\/\/www.travelslowly.de\/?page_id=85","title":{"rendered":"SLOW TRAVEL"},"content":{"rendered":"\n<p>Unter diesem Men\u00fcpunkt findest du gut recherchierte Informationen zu Slow Travel als Reiseart. Dazu z\u00e4hlen:<\/p>\n\n\n\n<ul class=\"wp-block-list\"><li>Eine knappe Definition.<\/li><\/ul>\n\n\n\n<ul class=\"wp-block-list\"><li>Die Entstehungsgeschichte.<\/li><\/ul>\n\n\n\n<ul class=\"wp-block-list\"><li>Die theoretische Umsetzung.<\/li><\/ul>\n\n\n\n<ul class=\"wp-block-list\"><li>Vorteile des langsamen und bewussten Reisens.<\/li><\/ul>\n\n\n\n<ul class=\"wp-block-list\"><li>Kritik an Slow Travel.<\/li><\/ul>\n\n\n\n<p>Auch wird auf weiterf\u00fchrende Informationen verwiesen, wie B\u00fccher, Filme und Websites. Es sind freie Empfehlungen. Die Autorin erh\u00e4lt keine Bezahlung oder Provision.<\/p>\n\n\n\n<p><\/p>\n","protected":false},"excerpt":{"rendered":"<p>Unter diesem Men\u00fcpunkt findest du gut recherchierte Informationen zu Slow Travel als Reiseart. Dazu z\u00e4hlen: Eine knappe Definition. Die Entstehungsgeschichte. Die theoretische Umsetzung. Vorteile des langsamen und bewussten Reisens. Kritik an Slow Travel. Auch wird auf weiterf\u00fchrende Informationen verwiesen, wie B\u00fccher, Filme und Websites. Es sind freie Empfehlungen. Die Autorin erh\u00e4lt keine Bezahlung oder Provision.<\/p>\n","protected":false},"author":1,"featured_media":0,"parent":0,"menu_order":0,"comment_status":"closed","ping_status":"closed","template":"","meta":{"footnotes":""},"class_list":["post-85","page","type-page","status-publish","hentry"],"_links":{"self":[{"href":"https:\/\/www.travelslowly.de\/index.php?rest_route=\/wp\/v2\/pages\/85","targetHints":{"allow":["GET"]}}],"collection":[{"href":"https:\/\/www.travelslowly.de\/index.php?rest_route=\/wp\/v2\/pages"}],"about":[{"href":"https:\/\/www.travelslowly.de\/index.php?rest_route=\/wp\/v2\/types\/page"}],"author":[{"embeddable":true,"href":"https:\/\/www.travelslowly.de\/index.php?rest_route=\/wp\/v2\/users\/1"}],"replies":[{"embeddable":true,"href":"https:\/\/www.travelslowly.de\/index.php?rest_route=%2Fwp%2Fv2%2Fcomments&post=85"}],"version-history":[{"count":4,"href":"https:\/\/www.travelslowly.de\/index.php?rest_route=\/wp\/v2\/pages\/85\/revisions"}],"predecessor-version":[{"id":363,"href":"https:\/\/www.travelslowly.de\/index.php?rest_route=\/wp\/v2\/pages\/85\/revisions\/363"}],"wp:attachment":[{"href":"https:\/\/www.travelslowly.de\/index.php?rest_route=%2Fwp%2Fv2%2Fmedia&parent=85"}],"curies":[{"name":"wp","href":"https:\/\/api.w.org\/{rel}","templated":true}]}}