{"id":82,"date":"2020-09-28T06:24:08","date_gmt":"2020-09-28T06:24:08","guid":{"rendered":"https:\/\/www.travelslowly.de\/?page_id=82"},"modified":"2023-09-29T13:34:23","modified_gmt":"2023-09-29T13:34:23","slug":"kontakt","status":"publish","type":"page","link":"https:\/\/www.travelslowly.de\/?page_id=82","title":{"rendered":"Kontakt"},"content":{"rendered":"\n<p>Hier finden sich:<\/p>\n\n\n\n<ul class=\"wp-block-list\"><li>Informationen \u00fcber die Autorin von TRAVEL SLOWLY.<\/li><\/ul>\n\n\n\n<ul class=\"wp-block-list\"><li>Die M\u00f6glichkeit zur Kontaktaufnahmeper E-Mail.<\/li><\/ul>\n\n\n\n<ul class=\"wp-block-list\"><li>Ein Formular f\u00fcr die Eintragung in den Newsletter.<\/li><\/ul>\n","protected":false},"excerpt":{"rendered":"<p>Hier finden sich: Informationen \u00fcber die Autorin von TRAVEL SLOWLY. Die M\u00f6glichkeit zur Kontaktaufnahmeper E-Mail. Ein Formular f\u00fcr die Eintragung in den Newsletter.<\/p>\n","protected":false},"author":1,"featured_media":0,"parent":0,"menu_order":0,"comment_status":"closed","ping_status":"closed","template":"","meta":{"footnotes":""},"class_list":["post-82","page","type-page","status-publish","hentry"],"_links":{"self":[{"href":"https:\/\/www.travelslowly.de\/index.php?rest_route=\/wp\/v2\/pages\/82","targetHints":{"allow":["GET"]}}],"collection":[{"href":"https:\/\/www.travelslowly.de\/index.php?rest_route=\/wp\/v2\/pages"}],"about":[{"href":"https:\/\/www.travelslowly.de\/index.php?rest_route=\/wp\/v2\/types\/page"}],"author":[{"embeddable":true,"href":"https:\/\/www.travelslowly.de\/index.php?rest_route=\/wp\/v2\/users\/1"}],"replies":[{"embeddable":true,"href":"https:\/\/www.travelslowly.de\/index.php?rest_route=%2Fwp%2Fv2%2Fcomments&post=82"}],"version-history":[{"count":3,"href":"https:\/\/www.travelslowly.de\/index.php?rest_route=\/wp\/v2\/pages\/82\/revisions"}],"predecessor-version":[{"id":3667,"href":"https:\/\/www.travelslowly.de\/index.php?rest_route=\/wp\/v2\/pages\/82\/revisions\/3667"}],"wp:attachment":[{"href":"https:\/\/www.travelslowly.de\/index.php?rest_route=%2Fwp%2Fv2%2Fmedia&parent=82"}],"curies":[{"name":"wp","href":"https:\/\/api.w.org\/{rel}","templated":true}]}}