{"id":81,"date":"2020-09-28T06:24:08","date_gmt":"2020-09-28T06:24:08","guid":{"rendered":"https:\/\/www.travelslowly.de\/?page_id=81"},"modified":"2023-10-01T08:20:46","modified_gmt":"2023-10-01T08:20:46","slug":"faq","status":"publish","type":"page","link":"https:\/\/www.travelslowly.de\/?page_id=81","title":{"rendered":"FAQ"},"content":{"rendered":"\n<p><strong>Sind Slow Traveller Individualreisende?<\/strong><\/p>\n\n\n\n<p>Weder Pauline Kenny (Wortsch\u00f6pferin) noch Nicky Gardner (<a href=\"https:\/\/www.travelslowly.de\/?p=670\">Slow Travel-Manifest<\/a>) legten fest, ob Slow Travel individuelles Reisen bedeutet. In Folge kamen mit der Zeit verschiedene Interpretationen auf. Autorin Jennifer M. Sparks definiert Slow Travel im Buch \u201eSlow Travel. Escape the Grind and Explore the World\u201d (2019) beispielsweise klar als Individualreise. Andererseits gibt es zu Slow Travel Reiseangebote der Tourismusbranche. Wer eine Slow-Reise bucht, folgt durch die bewusst auf Slow Travel angelegte Tour dessen Prinzipien, ist jedoch kein Individualreisender.<\/p>\n\n\n\n<p><strong>Ist bei Slow Travel Fliegen verboten? <\/strong><\/p>\n\n\n\n<p>Beim Thema Flugzeug ist die Haltung der Slow Traveller gespalten. Manche streichen das Fliegen g\u00e4nzlich als Fortbewegungsmittel, andere nutzen es weiterhin. In die Entscheidungsfindung spielen Aspekte, wie Reisedauer und -intension sowie Umweltvertr\u00e4glichkeit hinein. Besonders f\u00fcr Langzeitaufenthalte auf anderen Kontinenten wird ein Flug in Kauf genommen. | <a href=\"https:\/\/www.travelslowly.de\/?p=1936\" data-type=\"URL\" data-id=\"https:\/\/www.travelslowly.de\/?p=1936\">Artikel zum Thema <\/a><\/p>\n\n\n\n<p><strong>Z\u00e4hlen Kurztrips zu Slow Travel? <\/strong><\/p>\n\n\n\n<p>Obwohl sich viele Slow Traveller f\u00fcr mindestens eine Reisewoche aussprechen, gibt es keine Mindestdauer. Bei Slow Travel geht es um die innere Einstellung. Entschleunigung und Achtsamkeit ist auf Reisen jeder L\u00e4nge anwendbar. Das kann auch ein Nachmittag in der Natur oder ein Tagesausflug in eine Ortschaft bedeuten.<\/p>\n\n\n\n<p><strong>Geht Slow Travel auch als Familie? <\/strong><\/p>\n\n\n\n<p>Kinder ben\u00f6tigen keine durchg\u00e4ngige Bespa\u00dfung. Sie bleiben von selbst am Wegesrand stehen und widmen ihre Aufmerksamkeit Details, wie einer Schnecke oder Pflanze. Viele Familien reisen nach Slow Travel-Kriterien ohne es zu wissen. Die bewusste Planung von Slow Travel kann kindgerechte Aktivit\u00e4ten beinhalten, wie beispielsweise Picknicks, Bauernhof-Touren oder Tageswanderungen. Dadurch lernen auch die Kinder das Leben und die Gegebenheiten vor Ort kennen.<a href=\"#_ftn1\">[1]<\/a><\/p>\n\n\n\n<p><strong>Sind Kreuzfahrten als Slow Travel zu werten? <\/strong><\/p>\n\n\n\n<p>Die Abgase von Kreuzfahrtschiffen unterliegen kaum Regulierungen und belasten die Luft sowie das Klima. Sie leiten dar\u00fcber hinaus Abf\u00e4lle und giftige Abw\u00e4sser in das Meer. Bei Kreuzfahrten profitieren die gro\u00dfen Reiseanbieter der westlichen L\u00e4nder, anstelle der Bev\u00f6lkerung vor Ort. Beispielsweise stammen die Lebensmittelvorr\u00e4te f\u00fcr Kreuzfahrten in der Karibik in der Regel komplett aus Europa. Die Landg\u00e4nge der Reisenden sind Tagesbesuche von wenigen Stunden. Im Anschluss geht es gleich weiter zum n\u00e4chsten Stopp. In Anbetracht der Umweltbelastung, des L\u00e4nder-Hoppings und des geringen kulturellen Austausches sind Kreuzfahrten nicht als Slow Travel zu werten. | <a href=\"https:\/\/www.travelslowly.de\/?p=3626\" data-type=\"URL\" data-id=\"https:\/\/www.travelslowly.de\/?p=3626\">Artikel zum Thema<\/a><\/p>\n\n\n\n<p><strong>Ist Slow Travel gegen Technik und Internet? <\/strong><\/p>\n\n\n\n<p>Technische Ger\u00e4te sind n\u00fctzlich f\u00fcr die Reiseplanung und Orientierung vor Ort. Im Slow Travel wollen Reisende aber nicht abh\u00e4ngig von Ger\u00e4ten oder Internetverbindung sein. Das Smartphone soll dem Kontakt zur Umgebung nicht im Weg stehen. Angestrebt wird Digitaler Minimalismus. Der Mensch nutzt die Technik und nicht anders herum.<a href=\"#_ftn2\">[2]<\/a><\/p>\n\n\n\n<p><strong>Ist Slow Travel dasselbe wie \u00d6ko-Tourismus? <\/strong><\/p>\n\n\n\n<p>Es sind zwei verschiedene Reisearten, die gewisse Aspekte teilen. Dazu z\u00e4hlen der Nachhaltigkeitsgedanke und der Einbezug der Einheimischen. Im \u00d6ko-Tourismus stehen verantwortungsvolles Reisen und der Umweltschutz im Mittelpunkt. Besucht werden seltene und gesch\u00fctzte Gegenden, an deren Erhalt sich \u00d6ko-Touristen durch Spenden und Partizipation beteiligen. Benachteiligte soziale Gruppen und Kulturen werden ebenfalls unterst\u00fctzt. Der Austausch mit den Menschen vor Ort ist \u00d6ko-Touristen wichtig. Slow Travel ist auch nachhaltiges Reisen, kann jedoch an alle Regionen und Gegenden der Welt f\u00fchren. Der Fokus liegt auf Entschleunigung.<\/p>\n\n\n\n<hr class=\"wp-block-separator\"\/>\n\n\n\n<p><a href=\"#_ftnref1\">[1]<\/a> Vgl. Lori und Angelo (2020): The Power of Slow Travel (How To Experience More By Slowing Down), In: <a href=\"https:\/\/www.travlinmad.com\/blog\/slow-traveling-what-it-is-how-to-do-it\">https:\/\/www.travlinmad.com\/blog\/slow-traveling-what-it-is-how-to-do-it<\/a> (26.09.2020).<\/p>\n\n\n\n<p><a href=\"#_ftnref2\">[2]<\/a> Vgl. Kowalski, Kyle (2020): What is Slow Travel? (+3 Slow Travel Myths), In: <a href=\"https:\/\/www.sloww.co\/what-is-slow-travel\/\">https:\/\/www.sloww.co\/what-is-slow-travel\/<\/a> (25.09.2020).<\/p>\n","protected":false},"excerpt":{"rendered":"<p>Sind Slow Traveller Individualreisende? Weder Pauline Kenny (Wortsch\u00f6pferin) noch Nicky Gardner (Slow Travel-Manifest) legten fest, ob Slow Travel individuelles Reisen bedeutet. In Folge kamen mit der Zeit verschiedene Interpretationen auf. Autorin Jennifer M. Sparks definiert Slow Travel im Buch \u201eSlow Travel. Escape the Grind and Explore the World\u201d (2019) beispielsweise klar als Individualreise. Andererseits gibt&#8230;<\/p>\n","protected":false},"author":1,"featured_media":0,"parent":0,"menu_order":0,"comment_status":"closed","ping_status":"closed","template":"","meta":{"footnotes":""},"class_list":["post-81","page","type-page","status-publish","hentry"],"_links":{"self":[{"href":"https:\/\/www.travelslowly.de\/index.php?rest_route=\/wp\/v2\/pages\/81","targetHints":{"allow":["GET"]}}],"collection":[{"href":"https:\/\/www.travelslowly.de\/index.php?rest_route=\/wp\/v2\/pages"}],"about":[{"href":"https:\/\/www.travelslowly.de\/index.php?rest_route=\/wp\/v2\/types\/page"}],"author":[{"embeddable":true,"href":"https:\/\/www.travelslowly.de\/index.php?rest_route=\/wp\/v2\/users\/1"}],"replies":[{"embeddable":true,"href":"https:\/\/www.travelslowly.de\/index.php?rest_route=%2Fwp%2Fv2%2Fcomments&post=81"}],"version-history":[{"count":8,"href":"https:\/\/www.travelslowly.de\/index.php?rest_route=\/wp\/v2\/pages\/81\/revisions"}],"predecessor-version":[{"id":3688,"href":"https:\/\/www.travelslowly.de\/index.php?rest_route=\/wp\/v2\/pages\/81\/revisions\/3688"}],"wp:attachment":[{"href":"https:\/\/www.travelslowly.de\/index.php?rest_route=%2Fwp%2Fv2%2Fmedia&parent=81"}],"curies":[{"name":"wp","href":"https:\/\/api.w.org\/{rel}","templated":true}]}}