{"id":4162,"date":"2025-01-24T20:26:46","date_gmt":"2025-01-24T20:26:46","guid":{"rendered":"https:\/\/www.travelslowly.de\/?page_id=4162"},"modified":"2025-09-17T09:59:11","modified_gmt":"2025-09-17T09:59:11","slug":"home","status":"publish","type":"page","link":"https:\/\/www.travelslowly.de\/","title":{"rendered":"Home"},"content":{"rendered":"\n<h2 class=\"wp-block-heading\">Neuste Artikel<\/h2>\n\n\n\n<div class=\"wp-block-columns is-layout-flex wp-container-core-columns-is-layout-1 wp-block-columns-is-layout-flex\">\n<div class=\"wp-block-column is-layout-flow wp-block-column-is-layout-flow\" style=\"flex-basis:66.66%\">\n<figure class=\"wp-block-gallery has-nested-images columns-default is-cropped wp-block-gallery-1 is-layout-flex wp-block-gallery-is-layout-flex\">\n<figure class=\"wp-block-image size-large\"><img loading=\"lazy\" decoding=\"async\" width=\"1024\" height=\"556\" src=\"https:\/\/www.travelslowly.de\/wp-content\/uploads\/2025\/09\/Unbenannt-1-1024x556.jpg\" alt=\"\" class=\"wp-image-4228\" srcset=\"https:\/\/www.travelslowly.de\/wp-content\/uploads\/2025\/09\/Unbenannt-1-1024x556.jpg 1024w, https:\/\/www.travelslowly.de\/wp-content\/uploads\/2025\/09\/Unbenannt-1-300x163.jpg 300w, https:\/\/www.travelslowly.de\/wp-content\/uploads\/2025\/09\/Unbenannt-1-768x417.jpg 768w, https:\/\/www.travelslowly.de\/wp-content\/uploads\/2025\/09\/Unbenannt-1-850x461.jpg 850w, https:\/\/www.travelslowly.de\/wp-content\/uploads\/2025\/09\/Unbenannt-1-24x13.jpg 24w, https:\/\/www.travelslowly.de\/wp-content\/uploads\/2025\/09\/Unbenannt-1-36x20.jpg 36w, https:\/\/www.travelslowly.de\/wp-content\/uploads\/2025\/09\/Unbenannt-1-48x26.jpg 48w, https:\/\/www.travelslowly.de\/wp-content\/uploads\/2025\/09\/Unbenannt-1.jpg 1481w\" sizes=\"auto, (max-width: 1024px) 100vw, 1024px\" \/><figcaption class=\"wp-element-caption\">Kategorie: St\u00e4dte und Regionen<\/figcaption><\/figure>\n<\/figure>\n<\/div>\n\n\n\n<div class=\"wp-block-column is-layout-flow wp-block-column-is-layout-flow\" style=\"flex-basis:33.33%\">\n<p>17. September 2025<\/p>\n\n\n\n<h2 class=\"wp-block-heading\"><strong>Studierenden-Projekt: Eine Slow-Travel-Landkarte f\u00fcr Kreuzlingen und den n\u00f6rdlichen Thurgau<\/strong><\/h2>\n\n\n\n<p>Im zweiten Seminar \u00fcber &#8220;Nachhaltig Reisen&#8221; an der Universit\u00e4t Konstanz erstellten die Studierenden eine Landkarte f\u00fcr Kreuzlingen und den n\u00f6rdlichen Thurgau. Hier gibt es viel zu entdecken!<\/p>\n\n\n\n<div class=\"wp-block-buttons is-layout-flex wp-block-buttons-is-layout-flex\">\n<div class=\"wp-block-button\"><a class=\"wp-block-button__link wp-element-button\" href=\"https:\/\/www.travelslowly.de\/?p=4195\">Weiterlesen<\/a><\/div>\n<\/div>\n<\/div>\n<\/div>\n\n\n\n<hr class=\"wp-block-separator has-alpha-channel-opacity\"\/>\n\n\n\n<div class=\"wp-block-columns is-layout-flex wp-container-core-columns-is-layout-2 wp-block-columns-is-layout-flex\">\n<div class=\"wp-block-column is-layout-flow wp-block-column-is-layout-flow\" style=\"flex-basis:66.66%\">\n<figure class=\"wp-block-image size-full is-resized\"><img loading=\"lazy\" decoding=\"async\" width=\"1024\" height=\"768\" src=\"https:\/\/www.travelslowly.de\/wp-content\/uploads\/2025\/01\/20240203_135559-1024x768-1.jpg\" alt=\"\" class=\"wp-image-4165\" style=\"width:554px;height:auto\" srcset=\"https:\/\/www.travelslowly.de\/wp-content\/uploads\/2025\/01\/20240203_135559-1024x768-1.jpg 1024w, https:\/\/www.travelslowly.de\/wp-content\/uploads\/2025\/01\/20240203_135559-1024x768-1-300x225.jpg 300w, https:\/\/www.travelslowly.de\/wp-content\/uploads\/2025\/01\/20240203_135559-1024x768-1-768x576.jpg 768w, https:\/\/www.travelslowly.de\/wp-content\/uploads\/2025\/01\/20240203_135559-1024x768-1-850x638.jpg 850w, https:\/\/www.travelslowly.de\/wp-content\/uploads\/2025\/01\/20240203_135559-1024x768-1-24x18.jpg 24w, https:\/\/www.travelslowly.de\/wp-content\/uploads\/2025\/01\/20240203_135559-1024x768-1-36x27.jpg 36w, https:\/\/www.travelslowly.de\/wp-content\/uploads\/2025\/01\/20240203_135559-1024x768-1-48x36.jpg 48w\" sizes=\"auto, (max-width: 1024px) 100vw, 1024px\" \/><figcaption class=\"wp-element-caption\">Kategorie: Inspiration und Tipps<\/figcaption><\/figure>\n\n\n\n<p><\/p>\n<\/div>\n\n\n\n<div class=\"wp-block-column is-layout-flow wp-block-column-is-layout-flow\" style=\"flex-basis:33.33%\">\n<p>12. M\u00e4rz 2024<\/p>\n\n\n\n<h2 class=\"wp-block-heading\"><strong>Green Travelling \u2013 Einfach nachhaltig reisen. Ein Buch von Julia-Maria Blesin<\/strong><\/h2>\n\n\n\n<p>Ein kleiner Buchtipp f\u00fcr den Fr\u00fchling! Wer f\u00fcr dieses Jahr noch klimafreundliche Inspiration f\u00fcr Reiseziele, Packliste und Fortbewegungsmittel sucht, findet diese im Buch \u201eGreen Travelling \u2013 Einfach nachhaltig reisen\u201c.<\/p>\n\n\n\n<div class=\"wp-block-buttons is-layout-flex wp-block-buttons-is-layout-flex\">\n<div class=\"wp-block-button\"><a class=\"wp-block-button__link wp-element-button\" href=\"https:\/\/www.travelslowly.de\/?p=4043\" style=\"border-radius:50px\">Weiterlesen<\/a><\/div>\n<\/div>\n<\/div>\n<\/div>\n\n\n\n<hr class=\"wp-block-separator has-alpha-channel-opacity\"\/>\n\n\n\n<div class=\"wp-block-columns is-layout-flex wp-container-core-columns-is-layout-3 wp-block-columns-is-layout-flex\">\n<div class=\"wp-block-column is-layout-flow wp-block-column-is-layout-flow\" style=\"flex-basis:66.66%\">\n<figure class=\"wp-block-image size-large\"><img decoding=\"async\" src=\"https:\/\/www.travelslowly.de\/wp-content\/uploads\/2024\/02\/Screenshot_Landkarte-Konstanz-1024x555.jpg\" alt=\"\" class=\"wp-image-4063\"\/><figcaption class=\"wp-element-caption\">Kategorie: St\u00e4dte und Regionen<\/figcaption><\/figure>\n<\/div>\n\n\n\n<div class=\"wp-block-column is-layout-flow wp-block-column-is-layout-flow\" style=\"flex-basis:33.33%\">\n<p>04. Februar 2024<\/p>\n\n\n\n<h2 class=\"wp-block-heading\"><strong>Studierenden-Projekt: Eine Slow-Travel-Landkarte f\u00fcr Konstanz<\/strong><\/h2>\n\n\n\n<p>In dem Seminar &#8220;Nachhaltig Reisen&#8221;, das ich an der Universit\u00e4t Konstanz hielt, lernten die Studierenden die gr\u00fcnen Reisekonzepte \u201eSlow Travel\u201c und \u201eMikroabenteuer\u201c kennen. Das Hauptprojekt war die gemeinsame Entwicklung einer Slow-Travel-Landkarte f\u00fcr die Stadt Konstanz.<\/p>\n\n\n\n<div class=\"wp-block-buttons is-layout-flex wp-block-buttons-is-layout-flex\">\n<div class=\"wp-block-button\"><a class=\"wp-block-button__link wp-element-button\" href=\"https:\/\/www.travelslowly.de\/?p=4010\" style=\"border-radius:50px\">Weiterlesen<\/a><\/div>\n<\/div>\n<\/div>\n<\/div>\n\n\n\n<hr class=\"wp-block-separator has-alpha-channel-opacity\"\/>\n\n\n\n<div class=\"wp-block-columns is-layout-flex wp-container-core-columns-is-layout-4 wp-block-columns-is-layout-flex\">\n<div class=\"wp-block-column is-layout-flow wp-block-column-is-layout-flow\" style=\"flex-basis:66.66%\">\n<figure class=\"wp-block-image size-large\"><img loading=\"lazy\" decoding=\"async\" width=\"1024\" height=\"768\" src=\"https:\/\/www.travelslowly.de\/wp-content\/uploads\/2024\/01\/ich2_small-2-1024x768.jpg\" alt=\"\" class=\"wp-image-3987\" srcset=\"https:\/\/www.travelslowly.de\/wp-content\/uploads\/2024\/01\/ich2_small-2-1024x768.jpg 1024w, https:\/\/www.travelslowly.de\/wp-content\/uploads\/2024\/01\/ich2_small-2-300x225.jpg 300w, https:\/\/www.travelslowly.de\/wp-content\/uploads\/2024\/01\/ich2_small-2-768x576.jpg 768w, https:\/\/www.travelslowly.de\/wp-content\/uploads\/2024\/01\/ich2_small-2-850x638.jpg 850w, https:\/\/www.travelslowly.de\/wp-content\/uploads\/2024\/01\/ich2_small-2-24x18.jpg 24w, https:\/\/www.travelslowly.de\/wp-content\/uploads\/2024\/01\/ich2_small-2-36x27.jpg 36w, https:\/\/www.travelslowly.de\/wp-content\/uploads\/2024\/01\/ich2_small-2-48x36.jpg 48w, https:\/\/www.travelslowly.de\/wp-content\/uploads\/2024\/01\/ich2_small-2.jpg 1425w\" sizes=\"auto, (max-width: 1024px) 100vw, 1024px\" \/><figcaption class=\"wp-element-caption\">Kategorie: Reisebericht<\/figcaption><\/figure>\n<\/div>\n\n\n\n<div class=\"wp-block-column is-layout-flow wp-block-column-is-layout-flow\" style=\"flex-basis:33.33%\">\n<p>16. Januar 2024<\/p>\n\n\n\n<h2 class=\"wp-block-heading\"><strong>Praktikum in der Karibik &#8211; Fern von wei\u00dfen Traumstr\u00e4nden<\/strong><\/h2>\n\n\n\n<p>Im Jahr 2007 absolvierte Sonja ein f\u00fcnfmonatiges Auslandspraktikum in der Karibik. Auslandsaufenthalte in dieser Zeit waren noch etwas abenteuerlich: kaum jemand hatte ein Smartphone und das Internet war noch nicht so reich gespickt an Reiseberichten und -informationen wie es heute ist.<\/p>\n\n\n\n<div class=\"wp-block-buttons is-layout-flex wp-block-buttons-is-layout-flex\">\n<div class=\"wp-block-button\"><a class=\"wp-block-button__link wp-element-button\" href=\"https:\/\/www.travelslowly.de\/?p=3740\" style=\"border-radius:50px\">Weiterlesen<\/a><\/div>\n<\/div>\n<\/div>\n<\/div>\n\n\n\n<hr class=\"wp-block-separator has-alpha-channel-opacity\"\/>\n\n\n\n<div class=\"wp-block-columns is-layout-flex wp-container-core-columns-is-layout-5 wp-block-columns-is-layout-flex\">\n<div class=\"wp-block-column is-layout-flow wp-block-column-is-layout-flow\" style=\"flex-basis:66.66%\">\n<figure class=\"wp-block-image size-large\"><img loading=\"lazy\" decoding=\"async\" width=\"1024\" height=\"682\" src=\"https:\/\/www.travelslowly.de\/wp-content\/uploads\/2023\/10\/3-KODM-AerialVenice001-1-1024x682.jpg\" alt=\"\" class=\"wp-image-3680\" srcset=\"https:\/\/www.travelslowly.de\/wp-content\/uploads\/2023\/10\/3-KODM-AerialVenice001-1-1024x682.jpg 1024w, https:\/\/www.travelslowly.de\/wp-content\/uploads\/2023\/10\/3-KODM-AerialVenice001-1-300x200.jpg 300w, https:\/\/www.travelslowly.de\/wp-content\/uploads\/2023\/10\/3-KODM-AerialVenice001-1-768x511.jpg 768w, https:\/\/www.travelslowly.de\/wp-content\/uploads\/2023\/10\/3-KODM-AerialVenice001-1-1536x1023.jpg 1536w, https:\/\/www.travelslowly.de\/wp-content\/uploads\/2023\/10\/3-KODM-AerialVenice001-1-2048x1363.jpg 2048w, https:\/\/www.travelslowly.de\/wp-content\/uploads\/2023\/10\/3-KODM-AerialVenice001-1-850x566.jpg 850w, https:\/\/www.travelslowly.de\/wp-content\/uploads\/2023\/10\/3-KODM-AerialVenice001-1-24x16.jpg 24w, https:\/\/www.travelslowly.de\/wp-content\/uploads\/2023\/10\/3-KODM-AerialVenice001-1-36x24.jpg 36w, https:\/\/www.travelslowly.de\/wp-content\/uploads\/2023\/10\/3-KODM-AerialVenice001-1-48x32.jpg 48w\" sizes=\"auto, (max-width: 1024px) 100vw, 1024px\" \/><figcaption class=\"wp-element-caption\">Kategorie: Slow Travel Grundlagen<\/figcaption><\/figure>\n<\/div>\n\n\n\n<div class=\"wp-block-column is-layout-flow wp-block-column-is-layout-flow\" style=\"flex-basis:33.33%\">\n<p>01. Oktober 2023<\/p>\n\n\n\n<h2 class=\"wp-block-heading\"><strong>Pro-Kontra &#8211; Z\u00e4hlen Kreuzfahrten zu Slow Travel?<\/strong><\/h2>\n\n\n\n<p>Mit dem Kreuzfahrtschiff bewegen sich die Reisenden entschleunigt von einem zum n\u00e4chsten Zielhafen. Das Schiff bietet gleichzeitig allerlei Unterhaltung, Restaurants sowie andere Reisende zum Kennenlernen, also einen gro\u00dfen Mehrwert. Der Weg ist das Ziel. Klingt nach Slow Travel? Ist es aber nicht! <\/p>\n\n\n\n<div class=\"wp-block-buttons is-layout-flex wp-block-buttons-is-layout-flex\">\n<div class=\"wp-block-button\"><a class=\"wp-block-button__link wp-element-button\" href=\"https:\/\/www.travelslowly.de\/?p=3626\" style=\"border-radius:44px\">Weiterlesen<\/a><\/div>\n<\/div>\n<\/div>\n<\/div>\n\n\n\n<hr class=\"wp-block-separator has-alpha-channel-opacity\"\/>\n\n\n\n<div class=\"wp-block-columns is-layout-flex wp-container-core-columns-is-layout-6 wp-block-columns-is-layout-flex\">\n<div class=\"wp-block-column is-layout-flow wp-block-column-is-layout-flow\" style=\"flex-basis:66.66%\">\n<figure class=\"wp-block-image size-large\"><img loading=\"lazy\" decoding=\"async\" width=\"1024\" height=\"768\" src=\"https:\/\/www.travelslowly.de\/wp-content\/uploads\/2023\/09\/20230831_183747_2_Auswahl_small-3-1024x768.jpg\" alt=\"\" class=\"wp-image-3612\" srcset=\"https:\/\/www.travelslowly.de\/wp-content\/uploads\/2023\/09\/20230831_183747_2_Auswahl_small-3-1024x768.jpg 1024w, https:\/\/www.travelslowly.de\/wp-content\/uploads\/2023\/09\/20230831_183747_2_Auswahl_small-3-300x225.jpg 300w, https:\/\/www.travelslowly.de\/wp-content\/uploads\/2023\/09\/20230831_183747_2_Auswahl_small-3-768x576.jpg 768w, https:\/\/www.travelslowly.de\/wp-content\/uploads\/2023\/09\/20230831_183747_2_Auswahl_small-3-850x638.jpg 850w, https:\/\/www.travelslowly.de\/wp-content\/uploads\/2023\/09\/20230831_183747_2_Auswahl_small-3-24x18.jpg 24w, https:\/\/www.travelslowly.de\/wp-content\/uploads\/2023\/09\/20230831_183747_2_Auswahl_small-3-36x27.jpg 36w, https:\/\/www.travelslowly.de\/wp-content\/uploads\/2023\/09\/20230831_183747_2_Auswahl_small-3-48x36.jpg 48w, https:\/\/www.travelslowly.de\/wp-content\/uploads\/2023\/09\/20230831_183747_2_Auswahl_small-3.jpg 1500w\" sizes=\"auto, (max-width: 1024px) 100vw, 1024px\" \/><figcaption class=\"wp-element-caption\">Kategorie: Inspiration und Tipps<\/figcaption><\/figure>\n<\/div>\n\n\n\n<div class=\"wp-block-column is-layout-flow wp-block-column-is-layout-flow\" style=\"flex-basis:33.33%\">\n<p>01. September 2023<\/p>\n\n\n\n<h2 class=\"wp-block-heading\"><strong>Slow Travel \u2013 Unterwegs in Schleswig-Holstein. Ein Buch von Elke Weiler<\/strong><\/h2>\n\n\n\n<p>Auf dem deutschen Buchmarkt finden sich bislang kaum B\u00fccher, die sich dem Thema Slow Travel zuwenden. Umso neugieriger war ich, als ich im Fr\u00fchjahr 2023 den neu erschienenen Reisef\u00fchrer der Autorin Elke Weiler entdeckte.&nbsp;Eine Rezension.<\/p>\n\n\n\n<div class=\"wp-block-buttons is-layout-flex wp-block-buttons-is-layout-flex\">\n<div class=\"wp-block-button\"><a class=\"wp-block-button__link wp-element-button\" href=\"https:\/\/www.travelslowly.de\/?p=3596\" style=\"border-radius:50px\">Weiterlesen<\/a><\/div>\n<\/div>\n<\/div>\n<\/div>\n\n\n\n<hr class=\"wp-block-separator has-alpha-channel-opacity\"\/>\n\n\n\n<p>Alle \u00e4lteren Blog-Beitr\u00e4ge bis zum Jahr 2020 finden sich unter dem Reiter &#8220;Artikel&#8221; oder direkt hier:<\/p>\n\n\n\n<div class=\"wp-block-buttons is-layout-flex wp-block-buttons-is-layout-flex\">\n<div class=\"wp-block-button\"><a class=\"wp-block-button__link wp-element-button\" href=\"https:\/\/www.travelslowly.de\/?page_id=3711\">Artikel 2023<\/a><\/div>\n<\/div>\n\n\n\n<p><\/p>\n\n\n\n<div class=\"wp-block-buttons is-layout-flex wp-block-buttons-is-layout-flex\">\n<div class=\"wp-block-button\"><a class=\"wp-block-button__link wp-element-button\" href=\"https:\/\/www.travelslowly.de\/?page_id=3292\">Artikel 2022<\/a><\/div>\n<\/div>\n\n\n\n<p><\/p>\n\n\n\n<div class=\"wp-block-buttons is-layout-flex wp-block-buttons-is-layout-flex\">\n<div class=\"wp-block-button\"><a class=\"wp-block-button__link wp-element-button\" href=\"https:\/\/www.travelslowly.de\/?page_id=2290\">Artikel 2021<\/a><\/div>\n<\/div>\n\n\n\n<p><\/p>\n\n\n\n<div class=\"wp-block-buttons is-layout-flex wp-block-buttons-is-layout-flex\">\n<div class=\"wp-block-button\"><a class=\"wp-block-button__link wp-element-button\" href=\"https:\/\/www.travelslowly.de\/?page_id=1559\">Artikel 2020<\/a><\/div>\n<\/div>\n\n\n\n<p><\/p>\n","protected":false},"excerpt":{"rendered":"<p>Neuste Artikel 17. September 2025 Studierenden-Projekt: Eine Slow-Travel-Landkarte f\u00fcr Kreuzlingen und den n\u00f6rdlichen Thurgau Im zweiten Seminar \u00fcber &#8220;Nachhaltig Reisen&#8221; an der Universit\u00e4t Konstanz erstellten die Studierenden eine Landkarte f\u00fcr Kreuzlingen und den n\u00f6rdlichen Thurgau. Hier gibt es viel zu entdecken! 12. M\u00e4rz 2024 Green Travelling \u2013 Einfach nachhaltig reisen. Ein Buch von Julia-Maria Blesin&#8230;<\/p>\n","protected":false},"author":1,"featured_media":0,"parent":0,"menu_order":0,"comment_status":"closed","ping_status":"closed","template":"","meta":{"footnotes":""},"class_list":["post-4162","page","type-page","status-publish","hentry"],"_links":{"self":[{"href":"https:\/\/www.travelslowly.de\/index.php?rest_route=\/wp\/v2\/pages\/4162","targetHints":{"allow":["GET"]}}],"collection":[{"href":"https:\/\/www.travelslowly.de\/index.php?rest_route=\/wp\/v2\/pages"}],"about":[{"href":"https:\/\/www.travelslowly.de\/index.php?rest_route=\/wp\/v2\/types\/page"}],"author":[{"embeddable":true,"href":"https:\/\/www.travelslowly.de\/index.php?rest_route=\/wp\/v2\/users\/1"}],"replies":[{"embeddable":true,"href":"https:\/\/www.travelslowly.de\/index.php?rest_route=%2Fwp%2Fv2%2Fcomments&post=4162"}],"version-history":[{"count":13,"href":"https:\/\/www.travelslowly.de\/index.php?rest_route=\/wp\/v2\/pages\/4162\/revisions"}],"predecessor-version":[{"id":4230,"href":"https:\/\/www.travelslowly.de\/index.php?rest_route=\/wp\/v2\/pages\/4162\/revisions\/4230"}],"wp:attachment":[{"href":"https:\/\/www.travelslowly.de\/index.php?rest_route=%2Fwp%2Fv2%2Fmedia&parent=4162"}],"curies":[{"name":"wp","href":"https:\/\/api.w.org\/{rel}","templated":true}]}}