{"id":2994,"date":"2022-01-22T18:31:05","date_gmt":"2022-01-22T18:31:05","guid":{"rendered":"https:\/\/www.travelslowly.de\/?page_id=2994"},"modified":"2022-01-22T18:48:55","modified_gmt":"2022-01-22T18:48:55","slug":"2994-2","status":"publish","type":"page","link":"https:\/\/www.travelslowly.de\/?page_id=2994","title":{"rendered":""},"content":{"rendered":"\n<h2 class=\"wp-block-heading\" id=\"Frage17\"><strong>W\u00e4rst du bereit deine Kauf- oder Ern\u00e4hrungsgewohnheiten f\u00fcr den Klimaschutz zu \u00e4ndern?<\/strong><\/h2>\n\n\n\n<div class=\"wp-block-buttons is-layout-flex wp-block-buttons-is-layout-flex\">\n<div class=\"wp-block-button is-style-outline is-style-outline--1\"><a class=\"wp-block-button__link\" href=\"https:\/\/www.travelslowly.de\/?page_id=2801\">A) Ja. Meine Ern\u00e4hrungsgewohnheiten w\u00e4re ich bereit zu \u00e4ndern.<\/a><\/div>\n\n\n\n<div class=\"wp-block-button is-style-outline is-style-outline--2\"><a class=\"wp-block-button__link\" href=\"https:\/\/www.travelslowly.de\/?page_id=2798\">B) Nein. Ich m\u00f6chte an meiner Ern\u00e4hrung oder meinem Kaufverhalten nichts ver\u00e4ndern.<\/a><\/div>\n\n\n\n<div class=\"wp-block-button is-style-outline is-style-outline--3\"><a class=\"wp-block-button__link\" href=\"https:\/\/www.travelslowly.de\/?page_id=2810\">C) Ja. Mein Einkaufsverhalten k\u00f6nnte ich sicher verbessern.<\/a><\/div>\n\n\n\n<div class=\"wp-block-button is-style-outline is-style-outline--4\"><a class=\"wp-block-button__link\" href=\"https:\/\/www.travelslowly.de\/?page_id=2771\">D) Ja. Ich bin sogar gut informiert oder habe es bereits versucht. Aber die Umsetzung des theoretischen Wissens f\u00e4llt mir im Alltag schwer.<\/a><\/div>\n\n\n\n<div class=\"wp-block-button is-style-outline is-style-outline--5\"><a class=\"wp-block-button__link\" href=\"https:\/\/www.travelslowly.de\/?page_id=2986\">E) Nein. Aber ich w\u00e4re stattdessen bereit mein Mobilit\u00e4tsverhalten zu \u00e4ndern.<\/a><\/div>\n<\/div>\n","protected":false},"excerpt":{"rendered":"<p>W\u00e4rst du bereit deine Kauf- oder Ern\u00e4hrungsgewohnheiten f\u00fcr den Klimaschutz zu \u00e4ndern?<\/p>\n","protected":false},"author":1,"featured_media":0,"parent":2709,"menu_order":0,"comment_status":"closed","ping_status":"closed","template":"","meta":{"footnotes":""},"class_list":["post-2994","page","type-page","status-publish","hentry"],"_links":{"self":[{"href":"https:\/\/www.travelslowly.de\/index.php?rest_route=\/wp\/v2\/pages\/2994","targetHints":{"allow":["GET"]}}],"collection":[{"href":"https:\/\/www.travelslowly.de\/index.php?rest_route=\/wp\/v2\/pages"}],"about":[{"href":"https:\/\/www.travelslowly.de\/index.php?rest_route=\/wp\/v2\/types\/page"}],"author":[{"embeddable":true,"href":"https:\/\/www.travelslowly.de\/index.php?rest_route=\/wp\/v2\/users\/1"}],"replies":[{"embeddable":true,"href":"https:\/\/www.travelslowly.de\/index.php?rest_route=%2Fwp%2Fv2%2Fcomments&post=2994"}],"version-history":[{"count":3,"href":"https:\/\/www.travelslowly.de\/index.php?rest_route=\/wp\/v2\/pages\/2994\/revisions"}],"predecessor-version":[{"id":3004,"href":"https:\/\/www.travelslowly.de\/index.php?rest_route=\/wp\/v2\/pages\/2994\/revisions\/3004"}],"up":[{"embeddable":true,"href":"https:\/\/www.travelslowly.de\/index.php?rest_route=\/wp\/v2\/pages\/2709"}],"wp:attachment":[{"href":"https:\/\/www.travelslowly.de\/index.php?rest_route=%2Fwp%2Fv2%2Fmedia&parent=2994"}],"curies":[{"name":"wp","href":"https:\/\/api.w.org\/{rel}","templated":true}]}}