{"id":2986,"date":"2022-01-22T18:27:41","date_gmt":"2022-01-22T18:27:41","guid":{"rendered":"https:\/\/www.travelslowly.de\/?page_id=2986"},"modified":"2022-01-22T18:48:32","modified_gmt":"2022-01-22T18:48:32","slug":"2986-2","status":"publish","type":"page","link":"https:\/\/www.travelslowly.de\/?page_id=2986","title":{"rendered":""},"content":{"rendered":"\n<h2 class=\"wp-block-heading\" id=\"Frage12\"><strong>Besitzt du ein eigenes Auto?<\/strong><\/h2>\n\n\n\n<div class=\"wp-block-buttons is-layout-flex wp-block-buttons-is-layout-flex\">\n<div class=\"wp-block-button is-style-outline is-style-outline--1\"><a class=\"wp-block-button__link\" href=\"https:\/\/www.travelslowly.de\/?page_id=2988\">A) Ja. Ich ben\u00f6tige mein Auto fast t\u00e4glich.<\/a><\/div>\n\n\n\n<div class=\"wp-block-button is-style-outline is-style-outline--2\"><a class=\"wp-block-button__link\" href=\"https:\/\/www.travelslowly.de\/?page_id=2842\">B) Ja. Aber ich nutze das Auto nicht oft oder nur selten.<\/a><\/div>\n\n\n\n<div class=\"wp-block-button is-style-outline is-style-outline--3\"><a class=\"wp-block-button__link\" href=\"https:\/\/www.travelslowly.de\/?page_id=2845\">C) Nein. In der Zukunft ben\u00f6tige ich aber bestimmt ein Fortbewegungsmittel f\u00fcr gr\u00f6\u00dfere Eink\u00e4ufe oder den Transport meiner Kinder.<\/a><\/div>\n\n\n\n<div class=\"wp-block-button is-style-outline is-style-outline--4\"><a class=\"wp-block-button__link\" href=\"https:\/\/www.travelslowly.de\/?page_id=2961\">D) Nein. Zur Fortbewegung nutze ich eine Mobilit\u00e4tsmischung aus Fahrrad, \u00d6PNV, Fernbus, Zug und\/oder Sharing-Angeboten.<\/a><\/div>\n<\/div>\n","protected":false},"excerpt":{"rendered":"<p>Besitzt du ein eigenes Auto?<\/p>\n","protected":false},"author":1,"featured_media":0,"parent":2709,"menu_order":0,"comment_status":"closed","ping_status":"closed","template":"","meta":{"footnotes":""},"class_list":["post-2986","page","type-page","status-publish","hentry"],"_links":{"self":[{"href":"https:\/\/www.travelslowly.de\/index.php?rest_route=\/wp\/v2\/pages\/2986","targetHints":{"allow":["GET"]}}],"collection":[{"href":"https:\/\/www.travelslowly.de\/index.php?rest_route=\/wp\/v2\/pages"}],"about":[{"href":"https:\/\/www.travelslowly.de\/index.php?rest_route=\/wp\/v2\/types\/page"}],"author":[{"embeddable":true,"href":"https:\/\/www.travelslowly.de\/index.php?rest_route=\/wp\/v2\/users\/1"}],"replies":[{"embeddable":true,"href":"https:\/\/www.travelslowly.de\/index.php?rest_route=%2Fwp%2Fv2%2Fcomments&post=2986"}],"version-history":[{"count":3,"href":"https:\/\/www.travelslowly.de\/index.php?rest_route=\/wp\/v2\/pages\/2986\/revisions"}],"predecessor-version":[{"id":3006,"href":"https:\/\/www.travelslowly.de\/index.php?rest_route=\/wp\/v2\/pages\/2986\/revisions\/3006"}],"up":[{"embeddable":true,"href":"https:\/\/www.travelslowly.de\/index.php?rest_route=\/wp\/v2\/pages\/2709"}],"wp:attachment":[{"href":"https:\/\/www.travelslowly.de\/index.php?rest_route=%2Fwp%2Fv2%2Fmedia&parent=2986"}],"curies":[{"name":"wp","href":"https:\/\/api.w.org\/{rel}","templated":true}]}}