{"id":2979,"date":"2022-01-22T18:24:04","date_gmt":"2022-01-22T18:24:04","guid":{"rendered":"https:\/\/www.travelslowly.de\/?page_id=2979"},"modified":"2022-01-22T18:48:25","modified_gmt":"2022-01-22T18:48:25","slug":"2979-2","status":"publish","type":"page","link":"https:\/\/www.travelslowly.de\/?page_id=2979","title":{"rendered":""},"content":{"rendered":"\n<h2 class=\"wp-block-heading\" id=\"Frage13\"><strong>W\u00fcrdest du gerne selbst g\u00e4rtnern? <\/strong><\/h2>\n\n\n\n<div class=\"wp-block-buttons is-layout-flex wp-block-buttons-is-layout-flex\">\n<div class=\"wp-block-button is-style-outline is-style-outline--1\"><a class=\"wp-block-button__link\" href=\"https:\/\/www.travelslowly.de\/?page_id=2790\">A) Ja. Aber ich m\u00f6chte weniger Obst und Gem\u00fcse, sondern mehr dekorative Pflanzen, wie Blumen, anlegen.<\/a><\/div>\n\n\n\n<div class=\"wp-block-button is-style-outline is-style-outline--2\"><a class=\"wp-block-button__link\" href=\"https:\/\/www.travelslowly.de\/?page_id=2781\">B) Ja. Mein Interesse liegt dabei aber konkret auf der Selbstversorgung mit Lebensmitteln.<\/a><\/div>\n\n\n\n<div class=\"wp-block-button is-style-outline is-style-outline--3\"><a class=\"wp-block-button__link\" href=\"https:\/\/www.travelslowly.de\/?page_id=2828\">C) Ja. Aber mir steht nur wenig bis gar kein Platz zur Verf\u00fcgung. Alternativ w\u00e4re ich offen f\u00fcr gemeinschaftliches G\u00e4rtnern.<\/a><\/div>\n\n\n\n<div class=\"wp-block-button is-style-outline is-style-outline--4\"><a class=\"wp-block-button__link\" href=\"https:\/\/www.travelslowly.de\/?page_id=2816\">D) Nein. Aber ich empfinde die Landwirtschaft und lokale Lebensmittelproduktion als unterst\u00fctzenswert.<\/a><\/div>\n\n\n\n<div class=\"wp-block-button is-style-outline is-style-outline--5\"><a class=\"wp-block-button__link\" href=\"https:\/\/www.travelslowly.de\/?page_id=2955\">E) Nein. Nichts von allem.<\/a><\/div>\n<\/div>\n","protected":false},"excerpt":{"rendered":"<p>W\u00fcrdest du gerne selbst g\u00e4rtnern?<\/p>\n","protected":false},"author":1,"featured_media":0,"parent":2709,"menu_order":0,"comment_status":"closed","ping_status":"closed","template":"","meta":{"footnotes":""},"class_list":["post-2979","page","type-page","status-publish","hentry"],"_links":{"self":[{"href":"https:\/\/www.travelslowly.de\/index.php?rest_route=\/wp\/v2\/pages\/2979","targetHints":{"allow":["GET"]}}],"collection":[{"href":"https:\/\/www.travelslowly.de\/index.php?rest_route=\/wp\/v2\/pages"}],"about":[{"href":"https:\/\/www.travelslowly.de\/index.php?rest_route=\/wp\/v2\/types\/page"}],"author":[{"embeddable":true,"href":"https:\/\/www.travelslowly.de\/index.php?rest_route=\/wp\/v2\/users\/1"}],"replies":[{"embeddable":true,"href":"https:\/\/www.travelslowly.de\/index.php?rest_route=%2Fwp%2Fv2%2Fcomments&post=2979"}],"version-history":[{"count":3,"href":"https:\/\/www.travelslowly.de\/index.php?rest_route=\/wp\/v2\/pages\/2979\/revisions"}],"predecessor-version":[{"id":3007,"href":"https:\/\/www.travelslowly.de\/index.php?rest_route=\/wp\/v2\/pages\/2979\/revisions\/3007"}],"up":[{"embeddable":true,"href":"https:\/\/www.travelslowly.de\/index.php?rest_route=\/wp\/v2\/pages\/2709"}],"wp:attachment":[{"href":"https:\/\/www.travelslowly.de\/index.php?rest_route=%2Fwp%2Fv2%2Fmedia&parent=2979"}],"curies":[{"name":"wp","href":"https:\/\/api.w.org\/{rel}","templated":true}]}}