{"id":2961,"date":"2022-01-22T18:13:34","date_gmt":"2022-01-22T18:13:34","guid":{"rendered":"https:\/\/www.travelslowly.de\/?page_id=2961"},"modified":"2022-01-22T18:48:05","modified_gmt":"2022-01-22T18:48:05","slug":"2961-2","status":"publish","type":"page","link":"https:\/\/www.travelslowly.de\/?page_id=2961","title":{"rendered":""},"content":{"rendered":"\n<h2 class=\"wp-block-heading\" id=\"Frage14\"><strong>Was w\u00fcrdest du gerne an deinem aktuellen Beruf oder deiner T\u00e4tigkeit \u00e4ndern?<\/strong><\/h2>\n\n\n\n<div class=\"wp-block-buttons is-layout-flex wp-block-buttons-is-layout-flex\">\n<div class=\"wp-block-button is-style-outline is-style-outline--1\"><a class=\"wp-block-button__link\" href=\"https:\/\/www.travelslowly.de\/?page_id=2986\">A) Mehr f\u00fcr den Umwelt- und Klimaschutz tun.<\/a><\/div>\n\n\n\n<div class=\"wp-block-button is-style-outline is-style-outline--2\"><a class=\"wp-block-button__link\" href=\"https:\/\/www.travelslowly.de\/?page_id=2790\">B) Mehr mit den eigenen H\u00e4nden arbeiten.<\/a><\/div>\n\n\n\n<div class=\"wp-block-button is-style-outline is-style-outline--3\"><a class=\"wp-block-button__link\" href=\"https:\/\/www.travelslowly.de\/?page_id=2784\">C) Mehr Neues kennenlernen und den Horizont erweitern.<\/a><\/div>\n\n\n\n<div class=\"wp-block-button is-style-outline is-style-outline--4\"><a class=\"wp-block-button__link\" href=\"https:\/\/www.travelslowly.de\/?page_id=2771\">D) Selbst ruhiger und gelassener sein.<\/a><\/div>\n\n\n\n<div class=\"wp-block-button is-style-outline is-style-outline--5\"><a class=\"wp-block-button__link\" href=\"https:\/\/www.travelslowly.de\/?page_id=2761\">E) Den Dresscode bzw. meine Arbeitsgarderobe.<\/a><\/div>\n\n\n\n<div class=\"wp-block-button is-style-outline is-style-outline--6\"><a class=\"wp-block-button__link\" href=\"https:\/\/www.travelslowly.de\/?page_id=2994\">F) Keine der genannten Optionen. Ich bin mit meiner aktuellen Situation zufrieden.<\/a><\/div>\n<\/div>\n","protected":false},"excerpt":{"rendered":"<p>Was w\u00fcrdest du gerne an deinem aktuellen Beruf oder deiner T\u00e4tigkeit \u00e4ndern?<\/p>\n","protected":false},"author":1,"featured_media":0,"parent":2709,"menu_order":0,"comment_status":"closed","ping_status":"closed","template":"","meta":{"footnotes":""},"class_list":["post-2961","page","type-page","status-publish","hentry"],"_links":{"self":[{"href":"https:\/\/www.travelslowly.de\/index.php?rest_route=\/wp\/v2\/pages\/2961","targetHints":{"allow":["GET"]}}],"collection":[{"href":"https:\/\/www.travelslowly.de\/index.php?rest_route=\/wp\/v2\/pages"}],"about":[{"href":"https:\/\/www.travelslowly.de\/index.php?rest_route=\/wp\/v2\/types\/page"}],"author":[{"embeddable":true,"href":"https:\/\/www.travelslowly.de\/index.php?rest_route=\/wp\/v2\/users\/1"}],"replies":[{"embeddable":true,"href":"https:\/\/www.travelslowly.de\/index.php?rest_route=%2Fwp%2Fv2%2Fcomments&post=2961"}],"version-history":[{"count":3,"href":"https:\/\/www.travelslowly.de\/index.php?rest_route=\/wp\/v2\/pages\/2961\/revisions"}],"predecessor-version":[{"id":3011,"href":"https:\/\/www.travelslowly.de\/index.php?rest_route=\/wp\/v2\/pages\/2961\/revisions\/3011"}],"up":[{"embeddable":true,"href":"https:\/\/www.travelslowly.de\/index.php?rest_route=\/wp\/v2\/pages\/2709"}],"wp:attachment":[{"href":"https:\/\/www.travelslowly.de\/index.php?rest_route=%2Fwp%2Fv2%2Fmedia&parent=2961"}],"curies":[{"name":"wp","href":"https:\/\/api.w.org\/{rel}","templated":true}]}}