{"id":2942,"date":"2022-01-22T18:05:22","date_gmt":"2022-01-22T18:05:22","guid":{"rendered":"https:\/\/www.travelslowly.de\/?page_id=2942"},"modified":"2022-01-22T18:46:45","modified_gmt":"2022-01-22T18:46:45","slug":"2942-2","status":"publish","type":"page","link":"https:\/\/www.travelslowly.de\/?page_id=2942","title":{"rendered":""},"content":{"rendered":"\n<h2 class=\"wp-block-heading\" id=\"block-4b5ff8a4-26ae-4aac-bbee-03cda5edafbc\"><strong>Hast du dir schon einmal Gedanken dar\u00fcber gemacht, wie und wo die Mode produziert wird, die du tr\u00e4gst?<\/strong><\/h2>\n\n\n\n<div class=\"wp-block-buttons is-layout-flex wp-block-buttons-is-layout-flex\">\n<div class=\"wp-block-button is-style-outline is-style-outline--1\"><a class=\"wp-block-button__link\" href=\"https:\/\/www.travelslowly.de\/?page_id=2747\">A) Nein. Dar\u00fcber habe ich mir noch nie Gedanken gemacht bzw. mich nie tiefer informiert. Aber ich wollte schon l\u00e4nger oder w\u00fcrde gerne mehr dar\u00fcber erfahren.<\/a><\/div>\n\n\n\n<div class=\"wp-block-button is-style-outline is-style-outline--2\"><a class=\"wp-block-button__link\" href=\"https:\/\/www.travelslowly.de\/?page_id=2968\">B) Ja. Ich versuche deshalb Billig-Labels zu meiden und mehr Second Hand-Kleidung oder faire Mode zu kaufen.<\/a><\/div>\n\n\n\n<div class=\"wp-block-button is-style-outline is-style-outline--3\"><a class=\"wp-block-button__link\" href=\"https:\/\/www.travelslowly.de\/?page_id=2964\">C) Mir ist bewusst, dass viele Mode-Labels schlecht produzieren, aber mich interessieren aktuell eher andere Themen.<\/a><\/div>\n<\/div>\n","protected":false},"excerpt":{"rendered":"<p>Hast du dir schon einmal Gedanken dar\u00fcber gemacht, wie und wo die Mode produziert wird, die du tr\u00e4gst?<\/p>\n","protected":false},"author":1,"featured_media":0,"parent":2709,"menu_order":0,"comment_status":"closed","ping_status":"closed","template":"","meta":{"footnotes":""},"class_list":["post-2942","page","type-page","status-publish","hentry"],"_links":{"self":[{"href":"https:\/\/www.travelslowly.de\/index.php?rest_route=\/wp\/v2\/pages\/2942","targetHints":{"allow":["GET"]}}],"collection":[{"href":"https:\/\/www.travelslowly.de\/index.php?rest_route=\/wp\/v2\/pages"}],"about":[{"href":"https:\/\/www.travelslowly.de\/index.php?rest_route=\/wp\/v2\/types\/page"}],"author":[{"embeddable":true,"href":"https:\/\/www.travelslowly.de\/index.php?rest_route=\/wp\/v2\/users\/1"}],"replies":[{"embeddable":true,"href":"https:\/\/www.travelslowly.de\/index.php?rest_route=%2Fwp%2Fv2%2Fcomments&post=2942"}],"version-history":[{"count":4,"href":"https:\/\/www.travelslowly.de\/index.php?rest_route=\/wp\/v2\/pages\/2942\/revisions"}],"predecessor-version":[{"id":3017,"href":"https:\/\/www.travelslowly.de\/index.php?rest_route=\/wp\/v2\/pages\/2942\/revisions\/3017"}],"up":[{"embeddable":true,"href":"https:\/\/www.travelslowly.de\/index.php?rest_route=\/wp\/v2\/pages\/2709"}],"wp:attachment":[{"href":"https:\/\/www.travelslowly.de\/index.php?rest_route=%2Fwp%2Fv2%2Fmedia&parent=2942"}],"curies":[{"name":"wp","href":"https:\/\/api.w.org\/{rel}","templated":true}]}}