{"id":2937,"date":"2022-01-22T18:03:37","date_gmt":"2022-01-22T18:03:37","guid":{"rendered":"https:\/\/www.travelslowly.de\/?page_id=2937"},"modified":"2022-01-22T18:46:31","modified_gmt":"2022-01-22T18:46:31","slug":"2937-2","status":"publish","type":"page","link":"https:\/\/www.travelslowly.de\/?page_id=2937","title":{"rendered":""},"content":{"rendered":"\n<h2 class=\"wp-block-heading\" id=\"Frage2\"><strong>F\u00fchlst du dich zu Hause eingeengt von deinem Besitz?<\/strong><\/h2>\n\n\n\n<div class=\"wp-block-buttons is-layout-flex wp-block-buttons-is-layout-flex\">\n<div class=\"wp-block-button is-style-outline is-style-outline--1\"><a class=\"wp-block-button__link\" href=\"https:\/\/www.travelslowly.de\/?page_id=2741\">A) Ja. Tats\u00e4chlich interessiere ich mich gerade daf\u00fcr, wie ich meinen Besitz verringern oder Dinge vereinfachen kann.<\/a><\/div>\n\n\n\n<div class=\"wp-block-button is-style-outline is-style-outline--2\"><a class=\"wp-block-button__link\" href=\"https:\/\/www.travelslowly.de\/?page_id=2946\">B) Eigentlich nicht. Ich nutze das, was ich besitze und werde los, was ich nicht ben\u00f6tige.<\/a><\/div>\n<\/div>\n\n\n\n<div class=\"wp-block-buttons is-layout-flex wp-block-buttons-is-layout-flex\">\n<div class=\"wp-block-button is-style-outline is-style-outline--3\"><a class=\"wp-block-button__link\" href=\"https:\/\/www.travelslowly.de\/?page_id=2940\">C) Nein. Ich habe gen\u00fcgend Platz f\u00fcr meinen Besitz und es st\u00f6rt mich auch nicht sie aufzubewahren. Sie k\u00f6nnten irgendwann n\u00fctzlich sein.<\/a><\/div>\n<\/div>\n","protected":false},"excerpt":{"rendered":"<p>F\u00fchlst du dich zu Hause eingeengt von deinem Besitz?<\/p>\n","protected":false},"author":1,"featured_media":0,"parent":2709,"menu_order":0,"comment_status":"closed","ping_status":"closed","template":"","meta":{"footnotes":""},"class_list":["post-2937","page","type-page","status-publish","hentry"],"_links":{"self":[{"href":"https:\/\/www.travelslowly.de\/index.php?rest_route=\/wp\/v2\/pages\/2937","targetHints":{"allow":["GET"]}}],"collection":[{"href":"https:\/\/www.travelslowly.de\/index.php?rest_route=\/wp\/v2\/pages"}],"about":[{"href":"https:\/\/www.travelslowly.de\/index.php?rest_route=\/wp\/v2\/types\/page"}],"author":[{"embeddable":true,"href":"https:\/\/www.travelslowly.de\/index.php?rest_route=\/wp\/v2\/users\/1"}],"replies":[{"embeddable":true,"href":"https:\/\/www.travelslowly.de\/index.php?rest_route=%2Fwp%2Fv2%2Fcomments&post=2937"}],"version-history":[{"count":3,"href":"https:\/\/www.travelslowly.de\/index.php?rest_route=\/wp\/v2\/pages\/2937\/revisions"}],"predecessor-version":[{"id":3019,"href":"https:\/\/www.travelslowly.de\/index.php?rest_route=\/wp\/v2\/pages\/2937\/revisions\/3019"}],"up":[{"embeddable":true,"href":"https:\/\/www.travelslowly.de\/index.php?rest_route=\/wp\/v2\/pages\/2709"}],"wp:attachment":[{"href":"https:\/\/www.travelslowly.de\/index.php?rest_route=%2Fwp%2Fv2%2Fmedia&parent=2937"}],"curies":[{"name":"wp","href":"https:\/\/api.w.org\/{rel}","templated":true}]}}