{"id":2882,"date":"2022-01-16T19:00:56","date_gmt":"2022-01-16T19:00:56","guid":{"rendered":"https:\/\/www.travelslowly.de\/?page_id=2882"},"modified":"2022-01-16T19:37:57","modified_gmt":"2022-01-16T19:37:57","slug":"ergebnis-tiny-house","status":"publish","type":"page","link":"https:\/\/www.travelslowly.de\/?page_id=2882","title":{"rendered":"Ergebnis: Tiny House"},"content":{"rendered":"\n<p>Tiny House bedeutet auf Deutsch \u201ewinziges Haus\u201c. Die Tiny-House-Bewegung ist ein gesellschaftlicher und architektonischer Trend zum Leben in einem kleinen Eigenheim. Die Angaben f\u00fcr die maximale Fl\u00e4che eines Tiny House variieren zwischen 37\u00a0oder 45\u00a0Quadratmeter \u2013 die durchschnittliche Grundfl\u00e4che betr\u00e4gt um die 17\u00a0Quadratmeter. Die H\u00e4user sind h\u00e4ufig mobil, was an Wohnw\u00e4gen erinnert. \u00c4sthetisch entsprechen sie allerdings normalen Wohnh\u00e4usern. Sie sind als permanenter Wohnsitz gedacht. Der positive Nebeneffekt ist ein geringer Ressourcenverbrauch und CO<sub>2<\/sub>-Aussto\u00df.<\/p>\n","protected":false},"excerpt":{"rendered":"<p>Tiny House bedeutet auf Deutsch \u201ewinziges Haus\u201c. Die Tiny-House-Bewegung ist ein gesellschaftlicher und architektonischer Trend zum Leben in einem kleinen Eigenheim. Die Angaben f\u00fcr die maximale Fl\u00e4che eines Tiny House variieren zwischen 37\u00a0oder 45\u00a0Quadratmeter \u2013 die durchschnittliche Grundfl\u00e4che betr\u00e4gt um die 17\u00a0Quadratmeter. Die H\u00e4user sind h\u00e4ufig mobil, was an Wohnw\u00e4gen erinnert. \u00c4sthetisch entsprechen sie allerdings&#8230;<\/p>\n","protected":false},"author":1,"featured_media":0,"parent":2709,"menu_order":0,"comment_status":"closed","ping_status":"closed","template":"","meta":{"footnotes":""},"class_list":["post-2882","page","type-page","status-publish","hentry"],"_links":{"self":[{"href":"https:\/\/www.travelslowly.de\/index.php?rest_route=\/wp\/v2\/pages\/2882","targetHints":{"allow":["GET"]}}],"collection":[{"href":"https:\/\/www.travelslowly.de\/index.php?rest_route=\/wp\/v2\/pages"}],"about":[{"href":"https:\/\/www.travelslowly.de\/index.php?rest_route=\/wp\/v2\/types\/page"}],"author":[{"embeddable":true,"href":"https:\/\/www.travelslowly.de\/index.php?rest_route=\/wp\/v2\/users\/1"}],"replies":[{"embeddable":true,"href":"https:\/\/www.travelslowly.de\/index.php?rest_route=%2Fwp%2Fv2%2Fcomments&post=2882"}],"version-history":[{"count":1,"href":"https:\/\/www.travelslowly.de\/index.php?rest_route=\/wp\/v2\/pages\/2882\/revisions"}],"predecessor-version":[{"id":2883,"href":"https:\/\/www.travelslowly.de\/index.php?rest_route=\/wp\/v2\/pages\/2882\/revisions\/2883"}],"up":[{"embeddable":true,"href":"https:\/\/www.travelslowly.de\/index.php?rest_route=\/wp\/v2\/pages\/2709"}],"wp:attachment":[{"href":"https:\/\/www.travelslowly.de\/index.php?rest_route=%2Fwp%2Fv2%2Fmedia&parent=2882"}],"curies":[{"name":"wp","href":"https:\/\/api.w.org\/{rel}","templated":true}]}}