{"id":2836,"date":"2022-01-16T18:34:35","date_gmt":"2022-01-16T18:34:35","guid":{"rendered":"https:\/\/www.travelslowly.de\/?page_id=2836"},"modified":"2022-01-16T19:36:28","modified_gmt":"2022-01-16T19:36:28","slug":"ergebnis-mikroabenteuer","status":"publish","type":"page","link":"https:\/\/www.travelslowly.de\/?page_id=2836","title":{"rendered":"Ergebnis: Mikroabenteuer"},"content":{"rendered":"\n<p>Als Mikroabenteuer, auf Englisch <em>microadventure<\/em>, gilt ein Outdoor-Erlebnis, das jeder Mensch in seiner n\u00e4heren Umgebung, ohne gro\u00dfe Einschnitte in den Alltag, erleben kann \u2013 ein kleines Abenteuer vor der eigenen Haust\u00fcr. Das ist beispielsweise eine Nacht in der H\u00e4ngematte im Wald, eine Fluss\u00fcberquerung auf eigene Faust oder eine spontane Radtour. Das zeitlich begrenzte Abenteuer ist nicht nur kosteng\u00fcnstig, sondern verringert auch den eigenen CO<sub>2<\/sub>-Fu\u00dfabdruck, der wom\u00f6glich durch eine Fernreise entstanden w\u00e4re.<\/p>\n","protected":false},"excerpt":{"rendered":"<p>Als Mikroabenteuer, auf Englisch microadventure, gilt ein Outdoor-Erlebnis, das jeder Mensch in seiner n\u00e4heren Umgebung, ohne gro\u00dfe Einschnitte in den Alltag, erleben kann \u2013 ein kleines Abenteuer vor der eigenen Haust\u00fcr. Das ist beispielsweise eine Nacht in der H\u00e4ngematte im Wald, eine Fluss\u00fcberquerung auf eigene Faust oder eine spontane Radtour. Das zeitlich begrenzte Abenteuer ist&#8230;<\/p>\n","protected":false},"author":1,"featured_media":0,"parent":2709,"menu_order":0,"comment_status":"closed","ping_status":"closed","template":"","meta":{"footnotes":""},"class_list":["post-2836","page","type-page","status-publish","hentry"],"_links":{"self":[{"href":"https:\/\/www.travelslowly.de\/index.php?rest_route=\/wp\/v2\/pages\/2836","targetHints":{"allow":["GET"]}}],"collection":[{"href":"https:\/\/www.travelslowly.de\/index.php?rest_route=\/wp\/v2\/pages"}],"about":[{"href":"https:\/\/www.travelslowly.de\/index.php?rest_route=\/wp\/v2\/types\/page"}],"author":[{"embeddable":true,"href":"https:\/\/www.travelslowly.de\/index.php?rest_route=\/wp\/v2\/users\/1"}],"replies":[{"embeddable":true,"href":"https:\/\/www.travelslowly.de\/index.php?rest_route=%2Fwp%2Fv2%2Fcomments&post=2836"}],"version-history":[{"count":1,"href":"https:\/\/www.travelslowly.de\/index.php?rest_route=\/wp\/v2\/pages\/2836\/revisions"}],"predecessor-version":[{"id":2837,"href":"https:\/\/www.travelslowly.de\/index.php?rest_route=\/wp\/v2\/pages\/2836\/revisions\/2837"}],"up":[{"embeddable":true,"href":"https:\/\/www.travelslowly.de\/index.php?rest_route=\/wp\/v2\/pages\/2709"}],"wp:attachment":[{"href":"https:\/\/www.travelslowly.de\/index.php?rest_route=%2Fwp%2Fv2%2Fmedia&parent=2836"}],"curies":[{"name":"wp","href":"https:\/\/api.w.org\/{rel}","templated":true}]}}