{"id":2828,"date":"2022-01-16T18:30:38","date_gmt":"2022-01-16T18:30:38","guid":{"rendered":"https:\/\/www.travelslowly.de\/?page_id=2828"},"modified":"2022-01-16T19:38:17","modified_gmt":"2022-01-16T19:38:17","slug":"ergebnis-urban-gardening","status":"publish","type":"page","link":"https:\/\/www.travelslowly.de\/?page_id=2828","title":{"rendered":"Ergebnis: Urban Gardening"},"content":{"rendered":"\n<p>Bei Urban Gardening, auf Deutsch \u201eurbaner Gartenbau\u201c, g\u00e4rtnern Menschen in der Stadt. Die G\u00e4rten k\u00f6nnen gemietet oder gepachtet sein, aber auch aus Eigeninitiative auf vernachl\u00e4ssigten Fl\u00e4chen im st\u00e4dtischen Raum entstehen. Die Bepflanzung von privaten G\u00e4rten, Balkonen, Terrassen oder D\u00e4chern z\u00e4hlt ebenfalls zu Urban Gardening.<\/p>\n","protected":false},"excerpt":{"rendered":"<p>Bei Urban Gardening, auf Deutsch \u201eurbaner Gartenbau\u201c, g\u00e4rtnern Menschen in der Stadt. Die G\u00e4rten k\u00f6nnen gemietet oder gepachtet sein, aber auch aus Eigeninitiative auf vernachl\u00e4ssigten Fl\u00e4chen im st\u00e4dtischen Raum entstehen. Die Bepflanzung von privaten G\u00e4rten, Balkonen, Terrassen oder D\u00e4chern z\u00e4hlt ebenfalls zu Urban Gardening.<\/p>\n","protected":false},"author":1,"featured_media":0,"parent":2709,"menu_order":0,"comment_status":"closed","ping_status":"closed","template":"","meta":{"footnotes":""},"class_list":["post-2828","page","type-page","status-publish","hentry"],"_links":{"self":[{"href":"https:\/\/www.travelslowly.de\/index.php?rest_route=\/wp\/v2\/pages\/2828","targetHints":{"allow":["GET"]}}],"collection":[{"href":"https:\/\/www.travelslowly.de\/index.php?rest_route=\/wp\/v2\/pages"}],"about":[{"href":"https:\/\/www.travelslowly.de\/index.php?rest_route=\/wp\/v2\/types\/page"}],"author":[{"embeddable":true,"href":"https:\/\/www.travelslowly.de\/index.php?rest_route=\/wp\/v2\/users\/1"}],"replies":[{"embeddable":true,"href":"https:\/\/www.travelslowly.de\/index.php?rest_route=%2Fwp%2Fv2%2Fcomments&post=2828"}],"version-history":[{"count":1,"href":"https:\/\/www.travelslowly.de\/index.php?rest_route=\/wp\/v2\/pages\/2828\/revisions"}],"predecessor-version":[{"id":2829,"href":"https:\/\/www.travelslowly.de\/index.php?rest_route=\/wp\/v2\/pages\/2828\/revisions\/2829"}],"up":[{"embeddable":true,"href":"https:\/\/www.travelslowly.de\/index.php?rest_route=\/wp\/v2\/pages\/2709"}],"wp:attachment":[{"href":"https:\/\/www.travelslowly.de\/index.php?rest_route=%2Fwp%2Fv2%2Fmedia&parent=2828"}],"curies":[{"name":"wp","href":"https:\/\/api.w.org\/{rel}","templated":true}]}}