{"id":2801,"date":"2022-01-16T18:17:34","date_gmt":"2022-01-16T18:17:34","guid":{"rendered":"https:\/\/www.travelslowly.de\/?page_id=2801"},"modified":"2022-01-16T19:38:29","modified_gmt":"2022-01-16T19:38:29","slug":"ergebnis-veganismus","status":"publish","type":"page","link":"https:\/\/www.travelslowly.de\/?page_id=2801","title":{"rendered":"Ergebnis: Veganismus"},"content":{"rendered":"\n<p>Veganismus ist die Hinwendung zur pflanzenbasierten Ern\u00e4hrung und zu tierfreien Produkten. Dies wird als \u00f6kologisch nachhaltig, gesund und ethisch sinnvoll erachtet. Gleichzeitig senkt es den individuellen CO<sub>2<\/sub>-Fu\u00dfabdruck. Viele sehen im veganen Lebensstil einen Beitrag zum Klimaschutz und einen Schritt Richtung globale Nahrungssicherheit.<\/p>\n","protected":false},"excerpt":{"rendered":"<p>Veganismus ist die Hinwendung zur pflanzenbasierten Ern\u00e4hrung und zu tierfreien Produkten. Dies wird als \u00f6kologisch nachhaltig, gesund und ethisch sinnvoll erachtet. Gleichzeitig senkt es den individuellen CO2-Fu\u00dfabdruck. Viele sehen im veganen Lebensstil einen Beitrag zum Klimaschutz und einen Schritt Richtung globale Nahrungssicherheit.<\/p>\n","protected":false},"author":1,"featured_media":0,"parent":2709,"menu_order":0,"comment_status":"closed","ping_status":"closed","template":"","meta":{"footnotes":""},"class_list":["post-2801","page","type-page","status-publish","hentry"],"_links":{"self":[{"href":"https:\/\/www.travelslowly.de\/index.php?rest_route=\/wp\/v2\/pages\/2801","targetHints":{"allow":["GET"]}}],"collection":[{"href":"https:\/\/www.travelslowly.de\/index.php?rest_route=\/wp\/v2\/pages"}],"about":[{"href":"https:\/\/www.travelslowly.de\/index.php?rest_route=\/wp\/v2\/types\/page"}],"author":[{"embeddable":true,"href":"https:\/\/www.travelslowly.de\/index.php?rest_route=\/wp\/v2\/users\/1"}],"replies":[{"embeddable":true,"href":"https:\/\/www.travelslowly.de\/index.php?rest_route=%2Fwp%2Fv2%2Fcomments&post=2801"}],"version-history":[{"count":1,"href":"https:\/\/www.travelslowly.de\/index.php?rest_route=\/wp\/v2\/pages\/2801\/revisions"}],"predecessor-version":[{"id":2802,"href":"https:\/\/www.travelslowly.de\/index.php?rest_route=\/wp\/v2\/pages\/2801\/revisions\/2802"}],"up":[{"embeddable":true,"href":"https:\/\/www.travelslowly.de\/index.php?rest_route=\/wp\/v2\/pages\/2709"}],"wp:attachment":[{"href":"https:\/\/www.travelslowly.de\/index.php?rest_route=%2Fwp%2Fv2%2Fmedia&parent=2801"}],"curies":[{"name":"wp","href":"https:\/\/api.w.org\/{rel}","templated":true}]}}