{"id":2798,"date":"2022-01-16T18:16:44","date_gmt":"2022-01-16T18:16:44","guid":{"rendered":"https:\/\/www.travelslowly.de\/?page_id=2798"},"modified":"2022-01-16T19:40:54","modified_gmt":"2022-01-16T19:40:54","slug":"ergebnis-lebensmittelretten","status":"publish","type":"page","link":"https:\/\/www.travelslowly.de\/?page_id=2798","title":{"rendered":"Ergebnis: Lebensmittelretten"},"content":{"rendered":"\n<p>Das Lebensmittelretten ist eine Gegenbewegung zur Lebensmittelverschwendung der \u00dcberflussgesellschaft. Ganzheitlich betrachtet bek\u00e4mpft es den Klimawandel und Welthunger. Noch genie\u00dfbare Produkte werden an jeglicher Stelle der Wertsch\u00f6pfungskette vor der M\u00fclltonne \u201egerettet\u201c. Das f\u00e4ngt bei der Landwirtschaft an, geht \u00fcber die Hersteller, Spediteure und H\u00e4ndler bis hin zum privaten Haushalt. Die geretteten Lebensmittel werden durch Unternehmen, Einzelpersonen sowie Initiativen an Menschen weitergegeben oder weiterverkauft.<\/p>\n","protected":false},"excerpt":{"rendered":"<p>Das Lebensmittelretten ist eine Gegenbewegung zur Lebensmittelverschwendung der \u00dcberflussgesellschaft. Ganzheitlich betrachtet bek\u00e4mpft es den Klimawandel und Welthunger. Noch genie\u00dfbare Produkte werden an jeglicher Stelle der Wertsch\u00f6pfungskette vor der M\u00fclltonne \u201egerettet\u201c. Das f\u00e4ngt bei der Landwirtschaft an, geht \u00fcber die Hersteller, Spediteure und H\u00e4ndler bis hin zum privaten Haushalt. Die geretteten Lebensmittel werden durch Unternehmen, Einzelpersonen&#8230;<\/p>\n","protected":false},"author":1,"featured_media":0,"parent":2709,"menu_order":0,"comment_status":"closed","ping_status":"closed","template":"","meta":{"footnotes":""},"class_list":["post-2798","page","type-page","status-publish","hentry"],"_links":{"self":[{"href":"https:\/\/www.travelslowly.de\/index.php?rest_route=\/wp\/v2\/pages\/2798","targetHints":{"allow":["GET"]}}],"collection":[{"href":"https:\/\/www.travelslowly.de\/index.php?rest_route=\/wp\/v2\/pages"}],"about":[{"href":"https:\/\/www.travelslowly.de\/index.php?rest_route=\/wp\/v2\/types\/page"}],"author":[{"embeddable":true,"href":"https:\/\/www.travelslowly.de\/index.php?rest_route=\/wp\/v2\/users\/1"}],"replies":[{"embeddable":true,"href":"https:\/\/www.travelslowly.de\/index.php?rest_route=%2Fwp%2Fv2%2Fcomments&post=2798"}],"version-history":[{"count":1,"href":"https:\/\/www.travelslowly.de\/index.php?rest_route=\/wp\/v2\/pages\/2798\/revisions"}],"predecessor-version":[{"id":2799,"href":"https:\/\/www.travelslowly.de\/index.php?rest_route=\/wp\/v2\/pages\/2798\/revisions\/2799"}],"up":[{"embeddable":true,"href":"https:\/\/www.travelslowly.de\/index.php?rest_route=\/wp\/v2\/pages\/2709"}],"wp:attachment":[{"href":"https:\/\/www.travelslowly.de\/index.php?rest_route=%2Fwp%2Fv2%2Fmedia&parent=2798"}],"curies":[{"name":"wp","href":"https:\/\/api.w.org\/{rel}","templated":true}]}}