{"id":2784,"date":"2022-01-16T18:07:40","date_gmt":"2022-01-16T18:07:40","guid":{"rendered":"https:\/\/www.travelslowly.de\/?page_id=2784"},"modified":"2022-01-16T19:37:40","modified_gmt":"2022-01-16T19:37:40","slug":"ergebnis-slow-travel","status":"publish","type":"page","link":"https:\/\/www.travelslowly.de\/?page_id=2784","title":{"rendered":"Ergebnis: Slow Travel"},"content":{"rendered":"\n<p>W\u00e4hrend Slow Food als Gegenbewegung zu Fast Food gilt, ist mit Slow Travel die Abwendung vom Pauschaltourismus gemeint. Bei dem Trend geht es um das bewusste, langsame Reisen, bei dem der Mensch und seine Umgebung im Mittelpunkt stehen. \u00c4hnlich dem \u00d6ko-Tourismus zielt Slow Travel auf \u00f6kologische Nachhaltigkeit ab.<\/p>\n","protected":false},"excerpt":{"rendered":"<p>W\u00e4hrend Slow Food als Gegenbewegung zu Fast Food gilt, ist mit Slow Travel die Abwendung vom Pauschaltourismus gemeint. Bei dem Trend geht es um das bewusste, langsame Reisen, bei dem der Mensch und seine Umgebung im Mittelpunkt stehen. \u00c4hnlich dem \u00d6ko-Tourismus zielt Slow Travel auf \u00f6kologische Nachhaltigkeit ab.<\/p>\n","protected":false},"author":1,"featured_media":0,"parent":2709,"menu_order":0,"comment_status":"closed","ping_status":"closed","template":"","meta":{"footnotes":""},"class_list":["post-2784","page","type-page","status-publish","hentry"],"_links":{"self":[{"href":"https:\/\/www.travelslowly.de\/index.php?rest_route=\/wp\/v2\/pages\/2784","targetHints":{"allow":["GET"]}}],"collection":[{"href":"https:\/\/www.travelslowly.de\/index.php?rest_route=\/wp\/v2\/pages"}],"about":[{"href":"https:\/\/www.travelslowly.de\/index.php?rest_route=\/wp\/v2\/types\/page"}],"author":[{"embeddable":true,"href":"https:\/\/www.travelslowly.de\/index.php?rest_route=\/wp\/v2\/users\/1"}],"replies":[{"embeddable":true,"href":"https:\/\/www.travelslowly.de\/index.php?rest_route=%2Fwp%2Fv2%2Fcomments&post=2784"}],"version-history":[{"count":1,"href":"https:\/\/www.travelslowly.de\/index.php?rest_route=\/wp\/v2\/pages\/2784\/revisions"}],"predecessor-version":[{"id":2785,"href":"https:\/\/www.travelslowly.de\/index.php?rest_route=\/wp\/v2\/pages\/2784\/revisions\/2785"}],"up":[{"embeddable":true,"href":"https:\/\/www.travelslowly.de\/index.php?rest_route=\/wp\/v2\/pages\/2709"}],"wp:attachment":[{"href":"https:\/\/www.travelslowly.de\/index.php?rest_route=%2Fwp%2Fv2%2Fmedia&parent=2784"}],"curies":[{"name":"wp","href":"https:\/\/api.w.org\/{rel}","templated":true}]}}