{"id":2781,"date":"2022-01-16T18:06:15","date_gmt":"2022-01-16T18:06:15","guid":{"rendered":"https:\/\/www.travelslowly.de\/?page_id=2781"},"modified":"2022-01-16T19:40:22","modified_gmt":"2022-01-16T19:40:22","slug":"ergebnis-autarkie","status":"publish","type":"page","link":"https:\/\/www.travelslowly.de\/?page_id=2781","title":{"rendered":"Ergebnis: Autarkie"},"content":{"rendered":"\n<p>Autarkie bedeutet auf Altgriechisch sinngem\u00e4\u00df \u201eSelbstgen\u00fcgsamkeit\u201c. Der Trend zur autarken Lebensweise bezieht sich auf H\u00e4user und Individuen. Gemeint ist die wirtschaftliche Unabh\u00e4ngigkeit eines Haushalts, in dem sich die Menschen selbst mit Dienstleistungen und Produkten versorgen. Dazu z\u00e4hlen eigene Strom-, Heiz- und Wasserversorgung, private Kl\u00e4ranlagen, Tierhaltung und Gem\u00fcseg\u00e4rten.<\/p>\n","protected":false},"excerpt":{"rendered":"<p>Autarkie bedeutet auf Altgriechisch sinngem\u00e4\u00df \u201eSelbstgen\u00fcgsamkeit\u201c. Der Trend zur autarken Lebensweise bezieht sich auf H\u00e4user und Individuen. Gemeint ist die wirtschaftliche Unabh\u00e4ngigkeit eines Haushalts, in dem sich die Menschen selbst mit Dienstleistungen und Produkten versorgen. Dazu z\u00e4hlen eigene Strom-, Heiz- und Wasserversorgung, private Kl\u00e4ranlagen, Tierhaltung und Gem\u00fcseg\u00e4rten.<\/p>\n","protected":false},"author":1,"featured_media":0,"parent":2709,"menu_order":0,"comment_status":"closed","ping_status":"closed","template":"","meta":{"footnotes":""},"class_list":["post-2781","page","type-page","status-publish","hentry"],"_links":{"self":[{"href":"https:\/\/www.travelslowly.de\/index.php?rest_route=\/wp\/v2\/pages\/2781","targetHints":{"allow":["GET"]}}],"collection":[{"href":"https:\/\/www.travelslowly.de\/index.php?rest_route=\/wp\/v2\/pages"}],"about":[{"href":"https:\/\/www.travelslowly.de\/index.php?rest_route=\/wp\/v2\/types\/page"}],"author":[{"embeddable":true,"href":"https:\/\/www.travelslowly.de\/index.php?rest_route=\/wp\/v2\/users\/1"}],"replies":[{"embeddable":true,"href":"https:\/\/www.travelslowly.de\/index.php?rest_route=%2Fwp%2Fv2%2Fcomments&post=2781"}],"version-history":[{"count":1,"href":"https:\/\/www.travelslowly.de\/index.php?rest_route=\/wp\/v2\/pages\/2781\/revisions"}],"predecessor-version":[{"id":2782,"href":"https:\/\/www.travelslowly.de\/index.php?rest_route=\/wp\/v2\/pages\/2781\/revisions\/2782"}],"up":[{"embeddable":true,"href":"https:\/\/www.travelslowly.de\/index.php?rest_route=\/wp\/v2\/pages\/2709"}],"wp:attachment":[{"href":"https:\/\/www.travelslowly.de\/index.php?rest_route=%2Fwp%2Fv2%2Fmedia&parent=2781"}],"curies":[{"name":"wp","href":"https:\/\/api.w.org\/{rel}","templated":true}]}}