{"id":2761,"date":"2022-01-16T17:52:50","date_gmt":"2022-01-16T17:52:50","guid":{"rendered":"https:\/\/www.travelslowly.de\/?page_id=2761"},"modified":"2022-01-16T19:40:40","modified_gmt":"2022-01-16T19:40:40","slug":"ergebnis-capsule-wardrobe","status":"publish","type":"page","link":"https:\/\/www.travelslowly.de\/?page_id=2761","title":{"rendered":"Ergebnis: Capsule Wardrobe"},"content":{"rendered":"\n<p>Die Capsule Wardrobe wird im Deutschen auch Minimalistischer Kleiderschrank genannt \u2013 direkt \u00fcbersetzt handelt es sich um den Trend zur \u201eKapsel-Garderobe\u201c. Es geht darum, wenige, jedoch gut miteinander kombinierbare Kleidungsst\u00fccke zu besitzen. Ziel ist es, Outfits f\u00fcr jeden Anlass erstellen zu k\u00f6nnen, ohne einen \u00fcppig best\u00fcckten Kleiderschrank. Die Capsule Wardrobe ist ein n\u00fctzliches Konzept, um den eigenen Modekonsum nachhaltig und kreativ zu gestalten.<\/p>\n","protected":false},"excerpt":{"rendered":"<p>Die Capsule Wardrobe wird im Deutschen auch Minimalistischer Kleiderschrank genannt \u2013 direkt \u00fcbersetzt handelt es sich um den Trend zur \u201eKapsel-Garderobe\u201c. Es geht darum, wenige, jedoch gut miteinander kombinierbare Kleidungsst\u00fccke zu besitzen. Ziel ist es, Outfits f\u00fcr jeden Anlass erstellen zu k\u00f6nnen, ohne einen \u00fcppig best\u00fcckten Kleiderschrank. Die Capsule Wardrobe ist ein n\u00fctzliches Konzept, um&#8230;<\/p>\n","protected":false},"author":1,"featured_media":0,"parent":2709,"menu_order":0,"comment_status":"closed","ping_status":"closed","template":"","meta":{"footnotes":""},"class_list":["post-2761","page","type-page","status-publish","hentry"],"_links":{"self":[{"href":"https:\/\/www.travelslowly.de\/index.php?rest_route=\/wp\/v2\/pages\/2761","targetHints":{"allow":["GET"]}}],"collection":[{"href":"https:\/\/www.travelslowly.de\/index.php?rest_route=\/wp\/v2\/pages"}],"about":[{"href":"https:\/\/www.travelslowly.de\/index.php?rest_route=\/wp\/v2\/types\/page"}],"author":[{"embeddable":true,"href":"https:\/\/www.travelslowly.de\/index.php?rest_route=\/wp\/v2\/users\/1"}],"replies":[{"embeddable":true,"href":"https:\/\/www.travelslowly.de\/index.php?rest_route=%2Fwp%2Fv2%2Fcomments&post=2761"}],"version-history":[{"count":1,"href":"https:\/\/www.travelslowly.de\/index.php?rest_route=\/wp\/v2\/pages\/2761\/revisions"}],"predecessor-version":[{"id":2762,"href":"https:\/\/www.travelslowly.de\/index.php?rest_route=\/wp\/v2\/pages\/2761\/revisions\/2762"}],"up":[{"embeddable":true,"href":"https:\/\/www.travelslowly.de\/index.php?rest_route=\/wp\/v2\/pages\/2709"}],"wp:attachment":[{"href":"https:\/\/www.travelslowly.de\/index.php?rest_route=%2Fwp%2Fv2%2Fmedia&parent=2761"}],"curies":[{"name":"wp","href":"https:\/\/api.w.org\/{rel}","templated":true}]}}