{"id":2741,"date":"2022-01-16T17:34:01","date_gmt":"2022-01-16T17:34:01","guid":{"rendered":"https:\/\/www.travelslowly.de\/?page_id=2741"},"modified":"2022-01-16T19:36:42","modified_gmt":"2022-01-16T19:36:42","slug":"minimalismus","status":"publish","type":"page","link":"https:\/\/www.travelslowly.de\/?page_id=2741","title":{"rendered":"Ergebnis: Minimalismus"},"content":{"rendered":"\n<p>Minimalismus ist die Reduzierung des Besitzes und die Konzentration auf das Wesentliche. Es ist ein freiwilliger Verzicht auf die zahlreichen Produktangebote und ein Ausstieg aus der Konsumgesellschaft. Ziel ist es, Kaufgewohnheiten entgegenzuwirken und ein erf\u00fclltes, unabh\u00e4ngiges Leben zu f\u00fchren. <\/p>\n\n\n\n<p>Minimalismus ist eine \u201eLebensphilosophie des Essenziellen\u201c.<a href=\"#_ftn1\"><sup>[1]<\/sup><\/a><\/p>\n\n\n\n<hr class=\"wp-block-separator\"\/>\n\n\n\n<p><a href=\"#_ftnref1\">[1]<\/a> Matthias Horx in: Giger, Andreas (2004): Der Simplify-Trend. Die neue Einfachheit wird auch das Konsumverhalten beeinflussen, In: <a href=\"http:\/\/www.gigerheimat.ch\/Worte\/simplify.html\">http:\/\/www.gigerheimat.ch\/Worte\/simplify.html<\/a> (05.09.2020).<\/p>\n","protected":false},"excerpt":{"rendered":"<p>Minimalismus ist die Reduzierung des Besitzes und die Konzentration auf das Wesentliche. Es ist ein freiwilliger Verzicht auf die zahlreichen Produktangebote und ein Ausstieg aus der Konsumgesellschaft. Ziel ist es, Kaufgewohnheiten entgegenzuwirken und ein erf\u00fclltes, unabh\u00e4ngiges Leben zu f\u00fchren. Minimalismus ist eine \u201eLebensphilosophie des Essenziellen\u201c.[1] [1] Matthias Horx in: Giger, Andreas (2004): Der Simplify-Trend. Die&#8230;<\/p>\n","protected":false},"author":1,"featured_media":0,"parent":2709,"menu_order":0,"comment_status":"closed","ping_status":"closed","template":"","meta":{"footnotes":""},"class_list":["post-2741","page","type-page","status-publish","hentry"],"_links":{"self":[{"href":"https:\/\/www.travelslowly.de\/index.php?rest_route=\/wp\/v2\/pages\/2741","targetHints":{"allow":["GET"]}}],"collection":[{"href":"https:\/\/www.travelslowly.de\/index.php?rest_route=\/wp\/v2\/pages"}],"about":[{"href":"https:\/\/www.travelslowly.de\/index.php?rest_route=\/wp\/v2\/types\/page"}],"author":[{"embeddable":true,"href":"https:\/\/www.travelslowly.de\/index.php?rest_route=\/wp\/v2\/users\/1"}],"replies":[{"embeddable":true,"href":"https:\/\/www.travelslowly.de\/index.php?rest_route=%2Fwp%2Fv2%2Fcomments&post=2741"}],"version-history":[{"count":2,"href":"https:\/\/www.travelslowly.de\/index.php?rest_route=\/wp\/v2\/pages\/2741\/revisions"}],"predecessor-version":[{"id":2745,"href":"https:\/\/www.travelslowly.de\/index.php?rest_route=\/wp\/v2\/pages\/2741\/revisions\/2745"}],"up":[{"embeddable":true,"href":"https:\/\/www.travelslowly.de\/index.php?rest_route=\/wp\/v2\/pages\/2709"}],"wp:attachment":[{"href":"https:\/\/www.travelslowly.de\/index.php?rest_route=%2Fwp%2Fv2%2Fmedia&parent=2741"}],"curies":[{"name":"wp","href":"https:\/\/api.w.org\/{rel}","templated":true}]}}