{"id":2709,"date":"2022-01-16T16:53:12","date_gmt":"2022-01-16T16:53:12","guid":{"rendered":"https:\/\/www.travelslowly.de\/?page_id=2709"},"modified":"2022-01-22T18:40:37","modified_gmt":"2022-01-22T18:40:37","slug":"lifestyle-test","status":"publish","type":"page","link":"https:\/\/www.travelslowly.de\/?page_id=2709","title":{"rendered":"Lifestyle-Test"},"content":{"rendered":"\n<h2 class=\"wp-block-heading\">Welcher Trend passt zu mir oder meinem aktuellen Lebensstil?<\/h2>\n\n\n\n<p>Dieser kurze Test bietet einen spielerischen Einstieg in die Lekt\u00fcre des Buches <a href=\"https:\/\/www.travelslowly.de\/?page_id=1695\" data-type=\"URL\" data-id=\"https:\/\/www.travelslowly.de\/?page_id=1695\">&#8220;Simply Green&#8221;<\/a>. Die Beantwortung der verschiedenen Fragen f\u00fchrt dich zu einem der 16 Trends, die im Buch vorstellt werden. Dieses Ergebnis wird als Startkapitel empfohlen. Das bedeutet keineswegs, der Trend soll oder muss im eigenen Alltag umgesetzt werden. Er k\u00f6nnte allerdings gerade jetzt f\u00fcr dich interessant oder in deiner Lebenssituation passend sein. Eine klare Leseempfehlung!<\/p>\n\n\n\n<p>So funktioniert`s: Klicke einfach auf die jeweilige Antwort und du gelangst zur n\u00e4chsten Frage.<\/p>\n\n\n\n<p>Viel Spa\u00df!<\/p>\n\n\n\n<hr class=\"wp-block-separator\"\/>\n\n\n\n<h2 class=\"wp-block-heading\"><strong>START<\/strong><\/h2>\n\n\n\n<h2 class=\"wp-block-heading\"><strong>Gehst du gerne Kleidung, M\u00f6bel, Dekoobjekte, Technikequipment oder andere Produkte einkaufen?<\/strong><\/h2>\n\n\n\n<div class=\"wp-block-buttons is-layout-flex wp-block-buttons-is-layout-flex\">\n<div class=\"wp-block-button is-style-outline is-style-outline--1\"><a class=\"wp-block-button__link\" href=\"https:\/\/www.travelslowly.de\/?page_id=2937\">A) Nein. Ich empfinde Einkaufen als anstrengend oder l\u00e4stig. Meist kaufe ich nur was ich brauche.<\/a><\/div>\n\n\n\n<div class=\"wp-block-button is-style-outline is-style-outline--2\"><a class=\"wp-block-button__link\" href=\"https:\/\/www.travelslowly.de\/?page_id=2940\">B) Jein. Notwendige Eink\u00e4ufe erledige ich eher ungern, wie z.B. wenn ich Dinge ersetzen muss oder Neues ben\u00f6tige. Aber Online-Shopping oder Bummeln gef\u00e4llt mir schon.<\/a><\/div>\n\n\n\n<div class=\"wp-block-button is-style-outline is-style-outline--3\"><a class=\"wp-block-button__link\" href=\"https:\/\/www.travelslowly.de\/?page_id=2942\">C) Ja. Einkaufen bereitet mir Freude. Ich g\u00f6nne mir gerne etwas, wie neue Kleidung, Schmuck oder M\u00f6bel. Wenn es mir nicht so gut geht, heitert mich ein neues Teil auch auf.<\/a><\/div>\n<\/div>\n\n\n\n<hr class=\"wp-block-separator\"\/>\n\n\n\n<h2 class=\"wp-block-heading\"><\/h2>\n","protected":false},"excerpt":{"rendered":"<p>Welcher Trend passt zu mir oder meinem aktuellen Lebensstil? Dieser kurze Test bietet einen spielerischen Einstieg in die Lekt\u00fcre des Buches &#8220;Simply Green&#8221;. Die Beantwortung der verschiedenen Fragen f\u00fchrt dich zu einem der 16 Trends, die im Buch vorstellt werden. Dieses Ergebnis wird als Startkapitel empfohlen. Das bedeutet keineswegs, der Trend soll oder muss im&#8230;<\/p>\n","protected":false},"author":1,"featured_media":0,"parent":0,"menu_order":0,"comment_status":"closed","ping_status":"closed","template":"","meta":{"footnotes":""},"class_list":["post-2709","page","type-page","status-publish","hentry"],"_links":{"self":[{"href":"https:\/\/www.travelslowly.de\/index.php?rest_route=\/wp\/v2\/pages\/2709","targetHints":{"allow":["GET"]}}],"collection":[{"href":"https:\/\/www.travelslowly.de\/index.php?rest_route=\/wp\/v2\/pages"}],"about":[{"href":"https:\/\/www.travelslowly.de\/index.php?rest_route=\/wp\/v2\/types\/page"}],"author":[{"embeddable":true,"href":"https:\/\/www.travelslowly.de\/index.php?rest_route=\/wp\/v2\/users\/1"}],"replies":[{"embeddable":true,"href":"https:\/\/www.travelslowly.de\/index.php?rest_route=%2Fwp%2Fv2%2Fcomments&post=2709"}],"version-history":[{"count":117,"href":"https:\/\/www.travelslowly.de\/index.php?rest_route=\/wp\/v2\/pages\/2709\/revisions"}],"predecessor-version":[{"id":3001,"href":"https:\/\/www.travelslowly.de\/index.php?rest_route=\/wp\/v2\/pages\/2709\/revisions\/3001"}],"wp:attachment":[{"href":"https:\/\/www.travelslowly.de\/index.php?rest_route=%2Fwp%2Fv2%2Fmedia&parent=2709"}],"curies":[{"name":"wp","href":"https:\/\/api.w.org\/{rel}","templated":true}]}}