{"id":204,"date":"2020-09-28T07:16:25","date_gmt":"2020-09-28T07:16:25","guid":{"rendered":"https:\/\/www.travelslowly.de\/?page_id=204"},"modified":"2020-10-04T19:29:34","modified_gmt":"2020-10-04T19:29:34","slug":"vorteile","status":"publish","type":"page","link":"https:\/\/www.travelslowly.de\/?page_id=204","title":{"rendered":"Vorteile"},"content":{"rendered":"\n<p><strong>Vorteil 1 \u2013 Entschleunigung<\/strong><\/p>\n\n\n\n<p>Slow Traveller sind weniger gestresst. Ohne lange To-Do-Listen entsteht mehr Zeit f\u00fcr das Verweilen, den Austausch mit Einheimischen und das Eintauchen in fremde Orte. Entschleunigung tr\u00e4gt zum Wohlbefinden bei und verhindert ein Urlaubs-Burnout. Statt sich zu verausgaben, reisen Slow Traveller lieber entspannt.<\/p>\n\n\n\n<p><strong>Vorteil 2 \u2013 Nachhaltigkeit<\/strong><\/p>\n\n\n\n<p>Das Langsamreisen ist \u00f6kologisch und sozial nachhaltiger als andere Reisearten. Reisen zu Fu\u00df oder die Nutzung von Z\u00fcgen, Fahrr\u00e4dern oder Booten sind umweltfreundlicher als Fliegen oder Kreuzfahrten.<\/p>\n\n\n\n<p>Wer Routen abseits des Massentourismus w\u00e4hlt, tr\u00e4gt nicht zum Overtourism und damit der Zerst\u00f6rung der Lebensr\u00e4ume von Mensch und Tier bei. Achtsame Reisende haben kaum negativen Einfluss auf die Bev\u00f6lkerung vor Ort. Es werden z. B. keine ausbeuterischen Tour-Anbieter unterst\u00fctzt. Auch werden Attraktionen vermieden, die soziale Missst\u00e4nde oder Tierqu\u00e4lerei f\u00f6rdern.<\/p>\n\n\n\n<p>Slow Traveller unterst\u00fctzen Produkte von Einheimischen und lokale Unternehmen. Die bewusste Wahl von lokalen Angeboten kommt direkt der Bev\u00f6lkerung zu Gute. Durch die Unterst\u00fctzung der Wirtschaft vor Ort ist der Tourismus nachhaltig. Es erm\u00f6glicht auch anderen Reisenden die Region k\u00fcnftig zu besuchen.<a href=\"#_ftn1\">[1]<\/a><\/p>\n\n\n\n<p><strong>Vorteil 3 \u2013 Weniger Kosten<\/strong><\/p>\n\n\n\n<p>Slow Travel ist oft g\u00fcnstiger, als die Durchschnittsreise. Reisende sparen Transportkosten, wenn sie l\u00e4nger an einem Ort verweilen. Zug-, Bus- oder Fahrradfahren kostet meist weniger als viele Fl\u00fcge. Auf einer Wandertour entstehen kaum Transportkosten.<\/p>\n\n\n\n<p>Dazu sind private oder kleine Unterk\u00fcnfte weniger kostenintensiv als Luxuszimmer der Hotelketten. Wer in seiner Unterkunft kochen kann, spart nicht nur Restaurantkosten, sondern kann regionale Produkte selbst verwenden. Bei Homestays oder Bauernh\u00f6fen sind die Mahlzeiten h\u00e4ufig inklusive. Und wer auf ein Haus aufpasst, zahlt f\u00fcr die \u00dcbernachtung gar nichts (House-Sitting).<\/p>\n\n\n\n<p><strong>Vorteil 4 \u2013 Inneres Wachstum<\/strong><\/p>\n\n\n\n<p>Ein weiterer Vorteil von Slow Travel ist das eigene Wachstum. Sich auf andere Kulturen einzulassen ist anspruchsvoll und intensiv. Die Reisenden m\u00fcssen Sprachbarrieren \u00fcberwinden, sich kulturelle Gepflogenheiten aneignen und manchmal um Hilfe bitten. Die Reise kann abenteuerliche Z\u00fcge annehmen. Slow Traveller k\u00f6nnen an ihre eigenen Grenzen sto\u00dfen. Entlohnt werden sie mit erinnerungsw\u00fcrdigen Erfahrungen, neuen Fertigkeiten und mehr Selbstbewusstsein.<a href=\"#_ftn2\">[2]<\/a><\/p>\n\n\n\n<p><strong>Vorteil 5 \u2013 Soziale Beziehungen<\/strong><\/p>\n\n\n\n<p>Beim Slow Travel gehen Reisende offen und bewusst in Austausch mit der Umgebung. Das f\u00fchrt h\u00e4ufig zu neuen Bekanntschaften. Diese k\u00f6nnen zu interkulturellen Freundschaften oder gar zu beruflichen Chancen oder kreativen Kooperationen f\u00fchren.<a href=\"#_ftn3\">[3]<\/a><\/p>\n\n\n\n<hr class=\"wp-block-separator\"\/>\n\n\n\n<p><a href=\"#_ftnref1\">[1]<\/a> Vgl. Lori und Angelo (2020): The Power of Slow Travel (How To Experience More By Slowing Down), In: <a href=\"https:\/\/www.travlinmad.com\/blog\/slow-traveling-what-it-is-how-to-do-it\">https:\/\/www.travlinmad.com\/blog\/slow-traveling-what-it-is-how-to-do-it<\/a> (26.09.2020).<\/p>\n\n\n\n<p><a href=\"#_ftnref2\">[2]<\/a> Vgl. Schlichter, Sarah (2007): The art of Slow Travel. Avoid post-vacation burnout and take time to enjoy your journeys, In: <a href=\"http:\/\/www.nbcnews.com\/id\/20429755\/ns\/travel-travel_tips\/t\/art-slow-travel\/\">http:\/\/www.nbcnews.com\/id\/20429755\/ns\/travel-travel_tips\/t\/art-slow-travel\/<\/a> (26.09.2020).<\/p>\n\n\n\n<p><a href=\"#_ftnref3\">[3]<\/a> Vgl. Lori und Angelo (2020): The Power of Slow Travel (How To Experience More By Slowing Down), In: <a href=\"https:\/\/www.travlinmad.com\/blog\/slow-traveling-what-it-is-how-to-do-it\">https:\/\/www.travlinmad.com\/blog\/slow-traveling-what-it-is-how-to-do-it<\/a> (26.09.2020).<\/p>\n","protected":false},"excerpt":{"rendered":"<p>Vorteil 1 \u2013 Entschleunigung Slow Traveller sind weniger gestresst. Ohne lange To-Do-Listen entsteht mehr Zeit f\u00fcr das Verweilen, den Austausch mit Einheimischen und das Eintauchen in fremde Orte. Entschleunigung tr\u00e4gt zum Wohlbefinden bei und verhindert ein Urlaubs-Burnout. Statt sich zu verausgaben, reisen Slow Traveller lieber entspannt. Vorteil 2 \u2013 Nachhaltigkeit Das Langsamreisen ist \u00f6kologisch und&#8230;<\/p>\n","protected":false},"author":1,"featured_media":0,"parent":85,"menu_order":0,"comment_status":"closed","ping_status":"closed","template":"","meta":{"footnotes":""},"class_list":["post-204","page","type-page","status-publish","hentry"],"_links":{"self":[{"href":"https:\/\/www.travelslowly.de\/index.php?rest_route=\/wp\/v2\/pages\/204","targetHints":{"allow":["GET"]}}],"collection":[{"href":"https:\/\/www.travelslowly.de\/index.php?rest_route=\/wp\/v2\/pages"}],"about":[{"href":"https:\/\/www.travelslowly.de\/index.php?rest_route=\/wp\/v2\/types\/page"}],"author":[{"embeddable":true,"href":"https:\/\/www.travelslowly.de\/index.php?rest_route=\/wp\/v2\/users\/1"}],"replies":[{"embeddable":true,"href":"https:\/\/www.travelslowly.de\/index.php?rest_route=%2Fwp%2Fv2%2Fcomments&post=204"}],"version-history":[{"count":5,"href":"https:\/\/www.travelslowly.de\/index.php?rest_route=\/wp\/v2\/pages\/204\/revisions"}],"predecessor-version":[{"id":761,"href":"https:\/\/www.travelslowly.de\/index.php?rest_route=\/wp\/v2\/pages\/204\/revisions\/761"}],"up":[{"embeddable":true,"href":"https:\/\/www.travelslowly.de\/index.php?rest_route=\/wp\/v2\/pages\/85"}],"wp:attachment":[{"href":"https:\/\/www.travelslowly.de\/index.php?rest_route=%2Fwp%2Fv2%2Fmedia&parent=204"}],"curies":[{"name":"wp","href":"https:\/\/api.w.org\/{rel}","templated":true}]}}