{"id":203,"date":"2020-09-28T07:16:25","date_gmt":"2020-09-28T07:16:25","guid":{"rendered":"https:\/\/www.travelslowly.de\/?page_id=203"},"modified":"2020-10-02T02:55:02","modified_gmt":"2020-10-02T02:55:02","slug":"kritik","status":"publish","type":"page","link":"https:\/\/www.travelslowly.de\/?page_id=203","title":{"rendered":"Kritik"},"content":{"rendered":"\n<p>Ulrich Reinhardt, Leiter der Stiftung f\u00fcr Zukunftsfragen, kritisierte schon 2013, dass der Begriff Slow Travel in der Tourismusindustrie zu gro\u00dfz\u00fcgig eingesetzt wurde. Mit dem Slogan \u201eZeit f\u00fcr Gef\u00fchle\u201c warb sogar die Tui AG f\u00fcr bewusstes Reisen. Slow Travel sei teils \u201ealter Wein in neuen Schl\u00e4uchen\u201c, meinte Reinhardt. M\u00fc\u00dfiggang habe es schon im antiken Griechenland gegeben. Entschleunigung sei keine neue Erfindung.<\/p>\n\n\n\n<p>Dar\u00fcber hinaus wurde Slow Travel als Nischen-Tourismus eingestuft. Laut Silke Leder, Professorin f\u00fcr Tourismusmanagement, w\u00fcrde der Trend nie die Tourismusbranche revolutionieren. Es sei zwar ein R\u00fcckgang des klassischen Erlebnisurlaubs zu erkennen. Es g\u00e4be jedoch immer Menschen, die ihr Image \u00fcber ihre Reisen definierten. Partytourismus und Eventreisen w\u00fcrden auch in der Zukunft dominieren.<\/p>\n\n\n\n<p>Slow Travel wurde als exklusive Reiseart gewertet. Die Zielgruppe seien reisefreudige und finanziell besser gestellte Menschen. Der Trend treffe auf der einen Seite den Wunsch nach Entschleunigung der Vielbesch\u00e4ftigten. Auf der anderen Seite sei langsames Reisen f\u00fcr \u00c4ltere interessant, die nicht mehr gerne fliegen und den Urlaub ruhiger angehen.<a href=\"#_ftn1\">[1]<\/a> Das wirft die Frage auf, ob Slow Travel bestimmten Menschen verwehrt bleibt?<\/p>\n\n\n\n<p>Familien mit kleinen Kindern stehen Slow Travel ebenfalls kritisch gegen\u00fcber. Dazu z\u00e4hlen beispielsweise Lena Marie und Martin Hahn, die auf ihrem Reiseblog <a href=\"https:\/\/www.family4travel.de\/slow-travel-ist-das-was-wir-machen\/\">family4travel.de<\/a> das Slow Travel-Konzept bem\u00e4ngeln. Sie haben drei Kinder, zwei Teenager und ein kleines M\u00e4dchen. Die Konstellation erfordere es, gewisse Dinge zu beachten, an die Alleinreisende nicht denken m\u00fcssten. Allein aus Kostengr\u00fcnden, w\u00fcssten sie gerne, wo sie abends unterkommen. Sie wollten nicht einfach irgendwas nehmen, nur weit die Dunkelheit hereinbricht. Daher buchten sie Unterk\u00fcnfte im Voraus.<a href=\"#_ftn2\">[2]<\/a>&nbsp;&nbsp;<\/p>\n\n\n\n<p>Die Hahns nutzen alternative \u00dcbernachtungsm\u00f6glichkeiten und sehen den Weg als das Ziel an. Sie wollen jedoch nicht auf Reisef\u00fchrer verzichten. In Rum\u00e4nien waren sie ein Monat unterwegs. Ein Land, in dem es Stra\u00dfenhunde, Tollwut und B\u00e4ren gibt. Sich vorab gut informiert zu haben, lie\u00df die Eltern die Situation besser einsch\u00e4tzen.<a href=\"#_ftn3\">[3]<\/a> Sie \u00fcbertr\u00fcgen Slow Travel nicht wie eine Schablone auf ihre Reisen. Stattdessen \u00fcbern\u00e4hmen sie nur das, was f\u00fcr die als Familie passe.<a href=\"#_ftn4\">[4]<\/a><\/p>\n\n\n\n<p>Neben Familie Hahn sprechen sich viele deutsche Reiseblogger f\u00fcr die Planung vorab und die Verwendung von Reisef\u00fchrern aus. Sie kritisieren, dass es nicht ohne Reiseplanung ginge. \u201eSich treiben lassen\u201c oder \u201eGo with the flow\u201c seien romantisierte Klischees.<a href=\"#_ftn5\">[5]<\/a> Eine Reisebloggerin verteidigt den Besuch von ber\u00fchmten Sehensw\u00fcrdigkeiten. Sie verbinde eines ihrer sch\u00f6nsten Reiseerlebnisse beispielsweise mit dem Eifelturm in Paris. Daf\u00fcr h\u00e4tte sie sich aber nicht verlaufen oder falsch abbiegen m\u00fcssen.<a href=\"#_ftn6\">[6]<\/a><\/p>\n\n\n\n<p>Viele der kritischen Reiseblogger machen die Definition von Slow Travel am Buch \u201eSlow Travel. Die Kunst des Reisens\u201c (2014) des Autors Dan Kieran fest. Kieran ist allerdings ein extremer Slow Traveller. In seinem Buch beschreibt er sich als Individualreisender, der am liebsten alleine unterwegs ist. Er plant nichts und nutzt weder Reisef\u00fchrer noch Flugzeuge. Es fehlt an Aufkl\u00e4rung zum Slow Travel-Begriff.<\/p>\n\n\n\n<p>Pauline Kenny, die Slow Travel als Begrifflichkeit im Jahr 2000 schuf, spricht sich klar f\u00fcr die Reiseplanung vorab aus. Dar\u00fcber hinaus wird die Reiseart im <a href=\"https:\/\/www.travelslowly.de\/?p=670\">Slow Travel-Manifest<\/a> sehr weit auslegt. Es wird zwar vorgeschlagen, Flugzeuge und gro\u00dfe Sehensw\u00fcrdigkeiten zu meiden \u2013 von einem Verbot ist allerdings nicht die Rede.<\/p>\n\n\n\n<hr class=\"wp-block-separator\"\/>\n\n\n\n<p><a href=\"#_ftnref1\">[1]<\/a> Vgl. Heimann, Andreas (2013): Warum pilgern nicht peinlich ist, In: <a href=\"https:\/\/www.spiegel.de\/reise\/aktuell\/slow-tourism-warum-pilgern-nicht-peinlich-ist-a-935136.html\">https:\/\/www.spiegel.de\/reise\/aktuell\/slow-tourism-warum-pilgern-nicht-peinlich-ist-a-935136.html<\/a> (25.09.2020).<\/p>\n\n\n\n<p><a href=\"#_ftnref2\">[2]<\/a> Vgl. Hahn, Lena Marie (2016): Slow Travel: Ist das, was wir machen?, In: <a href=\"https:\/\/www.family4travel.de\/slow-travel-ist-das-was-wir-machen\/\">https:\/\/www.family4travel.de\/slow-travel-ist-das-was-wir-machen\/<\/a> (25.09.2020).<\/p>\n\n\n\n<p><a href=\"#_ftnref3\">[3]<\/a> Vgl. Hahn, Lena Marie (2014): Erfahrungsbericht: Wie sicher ist Rum\u00e4nien als Urlaubsland? <a href=\"https:\/\/www.family4travel.de\/erfahrungsbericht-wie-sicher-ist-rumaenien-als-urlaubsland\/\">https:\/\/www.family4travel.de\/erfahrungsbericht-wie-sicher-ist-rumaenien-als-urlaubsland\/<\/a> (25.09.2020).<\/p>\n\n\n\n<p><a href=\"#_ftnref4\">[4]<\/a> Vgl. Hahn, Lena Marie (2016): Slow Travel: Ist das, was wir machen?, In: <a href=\"https:\/\/www.family4travel.de\/slow-travel-ist-das-was-wir-machen\/\">https:\/\/www.family4travel.de\/slow-travel-ist-das-was-wir-machen\/<\/a> (25.09.2020).<\/p>\n\n\n\n<p><a href=\"#_ftnref5\">[5]<\/a> Vgl. George, Stefanie (2016): Wie planlos ist slow travel eigentlich? \u2013 Teil 3, In: <a href=\"https:\/\/www.comfortzoneless.de\/wie-planlos-ist-slow-travel-reisen\/\">https:\/\/www.comfortzoneless.de\/wie-planlos-ist-slow-travel-reisen\/<\/a> (25.09.2020).<\/p>\n\n\n\n<p><a href=\"#_ftnref6\">[6]<\/a> Vgl. Bleistein, Iris (2016): Slow Travel: wider den To-Do-Listen? In: <a href=\"https:\/\/www.freiheitsgefuehle.com\/slow-travel-wider-den-to-do-listen\/\">https:\/\/www.freiheitsgefuehle.com\/slow-travel-wider-den-to-do-listen\/<\/a> (25.09.2020).<\/p>\n","protected":false},"excerpt":{"rendered":"<p>Ulrich Reinhardt, Leiter der Stiftung f\u00fcr Zukunftsfragen, kritisierte schon 2013, dass der Begriff Slow Travel in der Tourismusindustrie zu gro\u00dfz\u00fcgig eingesetzt wurde. Mit dem Slogan \u201eZeit f\u00fcr Gef\u00fchle\u201c warb sogar die Tui AG f\u00fcr bewusstes Reisen. Slow Travel sei teils \u201ealter Wein in neuen Schl\u00e4uchen\u201c, meinte Reinhardt. M\u00fc\u00dfiggang habe es schon im antiken Griechenland gegeben&#8230;.<\/p>\n","protected":false},"author":1,"featured_media":0,"parent":85,"menu_order":0,"comment_status":"closed","ping_status":"closed","template":"","meta":{"footnotes":""},"class_list":["post-203","page","type-page","status-publish","hentry"],"_links":{"self":[{"href":"https:\/\/www.travelslowly.de\/index.php?rest_route=\/wp\/v2\/pages\/203","targetHints":{"allow":["GET"]}}],"collection":[{"href":"https:\/\/www.travelslowly.de\/index.php?rest_route=\/wp\/v2\/pages"}],"about":[{"href":"https:\/\/www.travelslowly.de\/index.php?rest_route=\/wp\/v2\/types\/page"}],"author":[{"embeddable":true,"href":"https:\/\/www.travelslowly.de\/index.php?rest_route=\/wp\/v2\/users\/1"}],"replies":[{"embeddable":true,"href":"https:\/\/www.travelslowly.de\/index.php?rest_route=%2Fwp%2Fv2%2Fcomments&post=203"}],"version-history":[{"count":3,"href":"https:\/\/www.travelslowly.de\/index.php?rest_route=\/wp\/v2\/pages\/203\/revisions"}],"predecessor-version":[{"id":733,"href":"https:\/\/www.travelslowly.de\/index.php?rest_route=\/wp\/v2\/pages\/203\/revisions\/733"}],"up":[{"embeddable":true,"href":"https:\/\/www.travelslowly.de\/index.php?rest_route=\/wp\/v2\/pages\/85"}],"wp:attachment":[{"href":"https:\/\/www.travelslowly.de\/index.php?rest_route=%2Fwp%2Fv2%2Fmedia&parent=203"}],"curies":[{"name":"wp","href":"https:\/\/api.w.org\/{rel}","templated":true}]}}