{"id":1990,"date":"2021-05-11T19:58:54","date_gmt":"2021-05-11T19:58:54","guid":{"rendered":"https:\/\/www.travelslowly.de\/?page_id=1990"},"modified":"2025-09-17T10:05:07","modified_gmt":"2025-09-17T10:05:07","slug":"lectures","status":"publish","type":"page","link":"https:\/\/www.travelslowly.de\/?page_id=1990&lang=en","title":{"rendered":"Lectures"},"content":{"rendered":"\n<p>Anika Neugart gives lectures about Slow Travel but also other trends that are mentioned in her book <a href=\"https:\/\/www.travelslowly.de\/?page_id=1735&amp;lang=en\">&#8220;Simply Green&#8221;<\/a>. In some cases the lectures are streamed online.<\/p>\n\n\n\n<figure class=\"wp-block-image size-large is-resized\"><img loading=\"lazy\" decoding=\"async\" width=\"1024\" height=\"683\" src=\"https:\/\/www.travelslowly.de\/wp-content\/uploads\/2023\/08\/csm_20230424_Kleidertauschaktion__9__8176bccac2_c-Alina-di-Sannio-Stadt-Pforzheim-1-1024x683.jpg\" alt=\"\" class=\"wp-image-3589\" style=\"width:840px;height:560px\" srcset=\"https:\/\/www.travelslowly.de\/wp-content\/uploads\/2023\/08\/csm_20230424_Kleidertauschaktion__9__8176bccac2_c-Alina-di-Sannio-Stadt-Pforzheim-1-1024x683.jpg 1024w, https:\/\/www.travelslowly.de\/wp-content\/uploads\/2023\/08\/csm_20230424_Kleidertauschaktion__9__8176bccac2_c-Alina-di-Sannio-Stadt-Pforzheim-1-300x200.jpg 300w, https:\/\/www.travelslowly.de\/wp-content\/uploads\/2023\/08\/csm_20230424_Kleidertauschaktion__9__8176bccac2_c-Alina-di-Sannio-Stadt-Pforzheim-1-768x512.jpg 768w, https:\/\/www.travelslowly.de\/wp-content\/uploads\/2023\/08\/csm_20230424_Kleidertauschaktion__9__8176bccac2_c-Alina-di-Sannio-Stadt-Pforzheim-1-1536x1024.jpg 1536w, https:\/\/www.travelslowly.de\/wp-content\/uploads\/2023\/08\/csm_20230424_Kleidertauschaktion__9__8176bccac2_c-Alina-di-Sannio-Stadt-Pforzheim-1-2048x1366.jpg 2048w, https:\/\/www.travelslowly.de\/wp-content\/uploads\/2023\/08\/csm_20230424_Kleidertauschaktion__9__8176bccac2_c-Alina-di-Sannio-Stadt-Pforzheim-1-850x567.jpg 850w, https:\/\/www.travelslowly.de\/wp-content\/uploads\/2023\/08\/csm_20230424_Kleidertauschaktion__9__8176bccac2_c-Alina-di-Sannio-Stadt-Pforzheim-1-24x16.jpg 24w, https:\/\/www.travelslowly.de\/wp-content\/uploads\/2023\/08\/csm_20230424_Kleidertauschaktion__9__8176bccac2_c-Alina-di-Sannio-Stadt-Pforzheim-1-36x24.jpg 36w, https:\/\/www.travelslowly.de\/wp-content\/uploads\/2023\/08\/csm_20230424_Kleidertauschaktion__9__8176bccac2_c-Alina-di-Sannio-Stadt-Pforzheim-1-48x32.jpg 48w\" sizes=\"auto, (max-width: 1024px) 100vw, 1024px\" \/><figcaption class=\"wp-element-caption\"><em>\u201eSlow Fashion\u201c at Stadtlabor Pforzheim. Picture: Alina di Sannio, Stadt Pforzheim (April 2023)<\/em><\/figcaption><\/figure>\n\n\n\n<p><\/p>\n\n\n\n<p><\/p>\n\n\n\n<h2 class=\"wp-block-heading has-luminous-vivid-orange-color has-text-color\"><strong>Lectures 2024<\/strong><\/h2>\n\n\n\n<p><em>13\/14 Dezember 2024 and 17\/18 January 2025<\/em><\/p>\n\n\n\n<p><strong><em>Sustainable Travel WS 24\/25 <\/em><\/strong><a href=\"https:\/\/www.uni-konstanz.de\/sq\/angebote\/semesterprogramm-wise2023-24\/nachhaltigkeit-qualifikation-n\/\" data-type=\"URL\" data-id=\"https:\/\/www.uni-konstanz.de\/sq\/angebote\/semesterprogramm-wise2023-24\/nachhaltigkeit-qualifikation-n\/\">Key qualification<\/a> seminar as guest lecturer at the University of Konstanz. Participation only for students of the University of Konstanz.<\/p>\n\n\n\n<hr class=\"wp-block-separator has-css-opacity\"\/>\n\n\n\n<h2 class=\"wp-block-heading has-luminous-vivid-orange-color has-text-color\" id=\"block-952ae0b1-d78e-4b1a-8e8a-d3b890455cb3\"><strong>Lectures 2023<\/strong><\/h2>\n\n\n\n<p id=\"block-ebc14d8c-3d7e-4cf1-b4d9-adc7b853e4fa\"><em>13 January 2023 <\/em><\/p>\n\n\n\n<p id=\"block-e1a8fd7d-1d6f-4ea2-91e3-530e5e986850\"><strong><em>Reading &#8220;Simply Green&#8221;<\/em><\/strong> Book presentation at the <a href=\"https:\/\/www.stratum-consult.de\/events\/\" data-type=\"URL\" data-id=\"https:\/\/www.stratum-consult.de\/events\/\">stratum network<\/a> in Berlin.<\/p>\n\n\n\n<hr class=\"wp-block-separator has-css-opacity\"\/>\n\n\n\n<p><em>24 April 2023<\/em><\/p>\n\n\n\n<p><strong><em>Slow Fashion<\/em><\/strong> A lecture in person at the Stadtlabor Pforzheim organized by the Fairtrade Town Pforzheim and the <a href=\"https:\/\/www.hs-pforzheim.de\/hochschule\/die_hochschule\/nachhaltigkeit\/aktuelles\/detailansicht\/news\/change_fashion_vortrag_und_kleidertausch\" data-type=\"URL\" data-id=\"https:\/\/www.hs-pforzheim.de\/hochschule\/die_hochschule\/nachhaltigkeit\/aktuelles\/detailansicht\/news\/change_fashion_vortrag_und_kleidertausch\">Fairtrade University Pforzheim.<\/a><\/p>\n\n\n\n<hr class=\"wp-block-separator has-css-opacity\"\/>\n\n\n\n<p><em>25 May 2023<\/em><\/p>\n\n\n\n<p><strong><em>Reading &#8220;Simply Green&#8221;<\/em><\/strong> A lecture in person at the library Gemeindeb\u00fccherei Altfraunhofen, Bavaria. <\/p>\n\n\n\n<hr class=\"wp-block-separator has-css-opacity\"\/>\n\n\n\n<p><em>20 July 2023<\/em><\/p>\n\n\n\n<p><strong><em>Slow Travel in the region of L\u00f6rrach<\/em><\/strong> Workshop and lecture for the city L\u00f6rrach, department culture and tourism in cooperation with the Slow Food e.V. L\u00f6rrach.<\/p>\n\n\n\n<hr class=\"wp-block-separator has-css-opacity\"\/>\n\n\n\n<p><em>18 October 2023<\/em><\/p>\n\n\n\n<p><strong><em>Slow Travel<\/em><\/strong> A lecture in person at the Day of Sustainability in Pforzheim; organized by the <a href=\"https:\/\/www.hs-pforzheim.de\/hochschule\/die_hochschule\/nachhaltigkeit\/aktuelles\/detailansicht\/news\/tag_der_nachhaltigkeit_5\" data-type=\"URL\" data-id=\"https:\/\/www.hs-pforzheim.de\/hochschule\/die_hochschule\/nachhaltigkeit\/aktuelles\/detailansicht\/news\/tag_der_nachhaltigkeit_5\">Fairtrade-University Pforzheim. <\/a><\/p>\n\n\n\n<hr class=\"wp-block-separator has-css-opacity\"\/>\n\n\n\n<p><em>8 November 2023 | <em>05.30 &#8211; 06.15  p.m.<\/em> | <em>Mehrzweckraum (room) 035<\/em><\/em><\/p>\n\n\n\n<p><strong><em>Slow Fashion<\/em><\/strong> A lecture in person at the Universit\u00e4t Basel, Switzerland; organized by the Sustainable Office of the University Basel and the Sustainability Working Group <a href=\"https:\/\/www.ag-nachhaltigkeit-unibasel.com\/en\/\u00fcber-uns\" data-type=\"URL\" data-id=\"https:\/\/www.ag-nachhaltigkeit-unibasel.com\/en\/\u00fcber-uns\">AG Nachhaltigkeit.<\/a> Afterwards, there will be Closes Swap Party.<\/p>\n\n\n\n<hr class=\"wp-block-separator has-css-opacity\"\/>\n\n\n\n<p><em>17\/18 November and 1.\/2. December 2023<\/em><\/p>\n\n\n\n<p><strong><em>Sustainable Travel \u2013 Slow Travel and Microadventure WS 23\/24<\/em><\/strong> <a href=\"https:\/\/www.uni-konstanz.de\/sq\/angebote\/semesterprogramm-wise2023-24\/nachhaltigkeit-qualifikation-n\/\" data-type=\"URL\" data-id=\"https:\/\/www.uni-konstanz.de\/sq\/angebote\/semesterprogramm-wise2023-24\/nachhaltigkeit-qualifikation-n\/\">Key qualification <\/a>seminar as guest lecturer at the University of Konstanz. Participation only for students of the University of Konstanz.<\/p>\n\n\n\n<figure class=\"wp-block-image size-large is-resized\"><img loading=\"lazy\" decoding=\"async\" width=\"1024\" height=\"768\" src=\"https:\/\/www.travelslowly.de\/wp-content\/uploads\/2022\/06\/20220506_152623_b-1-1024x768.jpg\" alt=\"\" class=\"wp-image-3186\" style=\"width:840px;height:630px\" srcset=\"https:\/\/www.travelslowly.de\/wp-content\/uploads\/2022\/06\/20220506_152623_b-1-1024x768.jpg 1024w, https:\/\/www.travelslowly.de\/wp-content\/uploads\/2022\/06\/20220506_152623_b-1-300x225.jpg 300w, https:\/\/www.travelslowly.de\/wp-content\/uploads\/2022\/06\/20220506_152623_b-1-768x576.jpg 768w, https:\/\/www.travelslowly.de\/wp-content\/uploads\/2022\/06\/20220506_152623_b-1-1536x1152.jpg 1536w, https:\/\/www.travelslowly.de\/wp-content\/uploads\/2022\/06\/20220506_152623_b-1-2048x1536.jpg 2048w, https:\/\/www.travelslowly.de\/wp-content\/uploads\/2022\/06\/20220506_152623_b-1-850x638.jpg 850w, https:\/\/www.travelslowly.de\/wp-content\/uploads\/2022\/06\/20220506_152623_b-1-24x18.jpg 24w, https:\/\/www.travelslowly.de\/wp-content\/uploads\/2022\/06\/20220506_152623_b-1-36x27.jpg 36w, https:\/\/www.travelslowly.de\/wp-content\/uploads\/2022\/06\/20220506_152623_b-1-48x36.jpg 48w\" sizes=\"auto, (max-width: 1024px) 100vw, 1024px\" \/><figcaption class=\"wp-element-caption\"><em>&#8220;Slow Travel&#8221; at the Frankfurt University of Applied Science (May 2022)<\/em><\/figcaption><\/figure>\n\n\n\n<h2 class=\"wp-block-heading has-luminous-vivid-orange-color has-text-color\"><strong>Lectures 2022<\/strong><\/h2>\n\n\n\n<p><em>30 April 2022 <\/em><\/p>\n\n\n\n<p><strong><em>Reading &#8220;Simply Green&#8221;<\/em><\/strong> A lecture in person at the <a href=\"https:\/\/www.gogroon.de\/programmdetails\/von-achtsamkeit-bis-zero-waste-nachhaltige-lebensstile-im-faktencheck\" data-type=\"URL\" data-id=\"https:\/\/www.gogroon.de\/programmdetails\/von-achtsamkeit-bis-zero-waste-nachhaltige-lebensstile-im-faktencheck\">Go.Gr\u00f8\u00f8n \u2013 Messe f\u00fcr Nachhaltiges &amp; Faires<\/a> in L\u00fcbeck, Germany.<\/p>\n\n\n\n<hr class=\"wp-block-separator has-css-opacity\"\/>\n\n\n\n<p><em>06 May 2022 <\/em><\/p>\n\n\n\n<p><em><strong><em><strong>Slow Travel<\/strong><\/em><\/strong><\/em> A lecture in person as part of the <a href=\"https:\/\/www.frankfurt-university.de\/de\/newsmodule\/campuskultur\/?tx_news_pi1%5Bnews%5D=7755&amp;tx_news_pi1%5Bcontroller%5D=News&amp;tx_news_pi1%5Baction%5D=detail&amp;cHash=aa8effc4a9866c9ec5db4d477e631ffc\" data-type=\"URL\" data-id=\"https:\/\/www.frankfurt-university.de\/de\/newsmodule\/campuskultur\/?tx_news_pi1%5Bnews%5D=7755&amp;tx_news_pi1%5Bcontroller%5D=News&amp;tx_news_pi1%5Baction%5D=detail&amp;cHash=aa8effc4a9866c9ec5db4d477e631ffc\">Europawoch<\/a><a href=\"https:\/\/www.frankfurt-university.de\/de\/newsmodule\/campuskultur\/?tx_news_pi1%5Bnews%5D=7872&amp;tx_news_pi1%5Bcontroller%5D=News&amp;tx_news_pi1%5Baction%5D=detail&amp;cHash=d5fc15a2ed943e54d9688331990d5c14\" data-type=\"URL\" data-id=\"https:\/\/www.frankfurt-university.de\/de\/newsmodule\/campuskultur\/?tx_news_pi1%5Bnews%5D=7872&amp;tx_news_pi1%5Bcontroller%5D=News&amp;tx_news_pi1%5Baction%5D=detail&amp;cHash=d5fc15a2ed943e54d9688331990d5c14\">e <\/a>(Europe week) at the Frankfurt University of Applied Sciences.<\/p>\n\n\n\n<hr class=\"wp-block-separator has-css-opacity\"\/>\n\n\n\n<p><em>14 June 2022<\/em><\/p>\n\n\n\n<p><strong><em>Slow Fashion<\/em><\/strong> A lecture in person at the Literatur-Caf\u00e9, <a href=\"https:\/\/www.ph-ludwigsburg.de\/hochschule\/campusleben\/literatur-cafe\/aktuelles\/detail\/simply-green-autorenlesung-mit-anika-neugart\" data-type=\"URL\" data-id=\"https:\/\/www.ph-ludwigsburg.de\/hochschule\/campusleben\/literatur-cafe\/aktuelles\/detail\/simply-green-autorenlesung-mit-anika-neugart\">PH Ludwigsburg,<\/a> Germany.<\/p>\n\n\n\n<hr class=\"wp-block-separator has-css-opacity\"\/>\n\n\n\n<p id=\"block-a2217cbf-7f67-41db-904c-f950acfdda19\"><em>24 September 2022 <\/em><\/p>\n\n\n\n<p id=\"block-567ddfe1-71fd-458e-a58e-97b6abcc1b04\"><strong><em>Slow Fashion <\/em><\/strong>A short lecture at the women&#8217;s cultural breakfast at the <a href=\"https:\/\/www.rheinfelden.de\/Buergertreffpunkt-Gambrinus\">B\u00fcrgertreffpunkt Gambrinus<\/a>, Rheinfelden (Baden), with fashion swap party afterwards.<\/p>\n\n\n\n<hr class=\"wp-block-separator has-css-opacity\"\/>\n\n\n\n<p id=\"block-647e3a5b-321f-41e7-bea7-d935f815bc10\"><em>10 November 2022<\/em><\/p>\n\n\n\n<p><strong><em><em>Trend zum nachhaltigen Leben &#8211; Die G\u00e4ste der Zukunft<\/em> <\/em><\/strong>Lecture in person at the conference of the club <a href=\"https:\/\/www.sbg-bawue.de\" data-type=\"URL\" data-id=\"https:\/\/www.sbg-bawue.de\">&#8220;Verein der Schl\u00f6sser, Burgen, G\u00e4rten und Kl\u00f6ster in Baden-W\u00fcrttemberg&#8221;<\/a> at Kloster Lorch in Schw\u00e4bisch Gm\u00fcnd.<\/p>\n\n\n\n<hr class=\"wp-block-separator has-css-opacity\"\/>\n\n\n\n<p id=\"block-4c14e7a6-b222-4d7e-adf1-be09433548f0\"><em>17 November 2022<\/em><\/p>\n\n\n\n<p id=\"block-d21e37f4-f4e9-4767-a4dd-c161b5909fe6\"><em><strong><em><strong>Slow Fashion<\/strong><\/em><\/strong><\/em> Digital lecture for the <a href=\"https:\/\/www.vhs-taufkirchen.de\/\">VHS Taufkirchen.<\/a><\/p>\n\n\n\n<hr class=\"wp-block-separator has-css-opacity\"\/>\n\n\n\n<h2 class=\"wp-block-heading has-luminous-vivid-orange-color has-text-color\"><strong>Lectures 2021<\/strong><\/h2>\n\n\n\n<p><em>09 June 2021<\/em><\/p>\n\n\n\n<p><em><strong><em><strong>Slow Fashion <\/strong><\/em><\/strong><\/em>Online lecture for the <a href=\"https:\/\/www.hs-fresenius.de\/rethink-woche-der-nachhaltigkeit\/\" data-type=\"URL\" data-id=\"https:\/\/www.hs-fresenius.de\/rethink-woche-der-nachhaltigkeit\/\">Green Office <\/a>at the Hochschule Fresenius, University of Applied Science, Cologne.<\/p>\n\n\n\n<hr class=\"wp-block-separator has-css-opacity\"\/>\n\n\n\n<p><em>15 June 2021 <\/em><\/p>\n\n\n\n<p id=\"block-c99c2135-3d55-415b-8731-dea150116f8a\"><em><strong>Slow Fashion <\/strong><\/em>A lecture at the Filmhaus Saarbr\u00fccken as part of the program <a href=\"https:\/\/www.uni-saarland.de\/page\/meerwissen.html\">#Meerwissen<\/a> by the Saarland University, Germany (incl. live streaming via Zoom and Instagram).<\/p>\n\n\n\n<hr class=\"wp-block-separator has-css-opacity\"\/>\n\n\n\n<p><em>21 June 2021<\/em><\/p>\n\n\n\n<p><em><strong>Slow Fashion <\/strong><\/em>Online lecture as part of the <a href=\"https:\/\/www.ku.de\/en\/campus-life\/sustainability\" data-type=\"URL\" data-id=\"https:\/\/www.ku.de\/en\/campus-life\/sustainability\">sustainability concept<\/a> of the Catholic University of Eichst\u00e4tt-Ingolstadt, which is also Fairtrade University.<\/p>\n\n\n\n<hr class=\"wp-block-separator has-css-opacity\"\/>\n\n\n\n<p><em>23 June 2021 <\/em><\/p>\n\n\n\n<p><em><strong>Simply Green \u2013 Slow Travel und Mikroabenteuer <\/strong><\/em>Online lecture for the German course at the University of Lille, France, financed with DAAD funds.<\/p>\n\n\n\n<hr class=\"wp-block-separator has-css-opacity\"\/>\n\n\n\n<p><em>28 June 2021<\/em> <\/p>\n\n\n\n<p><em><strong>Slow Fashion <\/strong><\/em>Online lecture as part of the Fairtrade <a href=\"https:\/\/www.umwelt-campus.de\/campus\/aktuelles\/termine-veranstaltungen\">Program<\/a> of the Trier University of Applied Sciences (Environmental Campus Birkenfeld and Campus of Art and Design). <\/p>\n\n\n\n<hr class=\"wp-block-separator has-css-opacity\"\/>\n\n\n\n<p id=\"block-16b677df-eb95-4982-b2aa-df7e609affdc\"><em>02 July 2021<\/em><\/p>\n\n\n\n<p id=\"block-c99c2135-3d55-415b-8731-dea150116f8a\"><em><strong>Slow Fashion <\/strong><\/em>The online<a href=\"https:\/\/www.frankfurt-university.de\/de\/newsmodule\/campuskultur\/?tx_news_pi1%5Bnews%5D=6287&amp;tx_news_pi1%5Bcontroller%5D=News&amp;tx_news_pi1%5Baction%5D=detail&amp;cHash=08c53939b53c2a404c5a545665232ac9\"> lecture<\/a> was part of the sustainability strategy and <a href=\"https:\/\/www.frankfurt-university.de\/de\/hochschule\/einrichtungen-und-services\/campuskultur\/veranstaltungskalender\/\">application<\/a> as Fairtrade University of the Frankfurt University of Applied Sciences. <\/p>\n\n\n\n<hr class=\"wp-block-separator has-css-opacity\"\/>\n","protected":false},"excerpt":{"rendered":"<p>Anika Neugart gives lectures about Slow Travel but also other trends that are mentioned in her book &#8220;Simply Green&#8221;. In some cases the lectures are streamed online. Lectures 2024 13\/14 Dezember 2024 and 17\/18 January 2025 Sustainable Travel WS 24\/25 Key qualification seminar as guest lecturer at the University of Konstanz. Participation only for students&#8230;<\/p>\n","protected":false},"author":1,"featured_media":0,"parent":0,"menu_order":0,"comment_status":"closed","ping_status":"closed","template":"","meta":{"footnotes":""},"class_list":["post-1990","page","type-page","status-publish","hentry"],"_links":{"self":[{"href":"https:\/\/www.travelslowly.de\/index.php?rest_route=\/wp\/v2\/pages\/1990","targetHints":{"allow":["GET"]}}],"collection":[{"href":"https:\/\/www.travelslowly.de\/index.php?rest_route=\/wp\/v2\/pages"}],"about":[{"href":"https:\/\/www.travelslowly.de\/index.php?rest_route=\/wp\/v2\/types\/page"}],"author":[{"embeddable":true,"href":"https:\/\/www.travelslowly.de\/index.php?rest_route=\/wp\/v2\/users\/1"}],"replies":[{"embeddable":true,"href":"https:\/\/www.travelslowly.de\/index.php?rest_route=%2Fwp%2Fv2%2Fcomments&post=1990"}],"version-history":[{"count":87,"href":"https:\/\/www.travelslowly.de\/index.php?rest_route=\/wp\/v2\/pages\/1990\/revisions"}],"predecessor-version":[{"id":4234,"href":"https:\/\/www.travelslowly.de\/index.php?rest_route=\/wp\/v2\/pages\/1990\/revisions\/4234"}],"wp:attachment":[{"href":"https:\/\/www.travelslowly.de\/index.php?rest_route=%2Fwp%2Fv2%2Fmedia&parent=1990"}],"curies":[{"name":"wp","href":"https:\/\/api.w.org\/{rel}","templated":true}]}}