{"id":199,"date":"2020-09-28T07:16:25","date_gmt":"2020-09-28T07:16:25","guid":{"rendered":"https:\/\/www.travelslowly.de\/?page_id=199"},"modified":"2024-01-22T09:26:19","modified_gmt":"2024-01-22T09:26:19","slug":"uber-die-autorin","status":"publish","type":"page","link":"https:\/\/www.travelslowly.de\/?page_id=199","title":{"rendered":"\u00dcber die Autorin"},"content":{"rendered":"\n<figure class=\"wp-block-gallery columns-1 is-cropped wp-block-gallery-1 is-layout-flex wp-block-gallery-is-layout-flex\"><ul class=\"blocks-gallery-grid\"><li class=\"blocks-gallery-item\"><figure><img loading=\"lazy\" decoding=\"async\" width=\"1024\" height=\"795\" src=\"https:\/\/www.travelslowly.de\/wp-content\/uploads\/2020\/10\/signal-2019-06-16-085437-82-1-1024x795.jpg\" alt=\"\" data-id=\"766\" data-full-url=\"https:\/\/www.travelslowly.de\/wp-content\/uploads\/2020\/10\/signal-2019-06-16-085437-82-1.jpg\" data-link=\"https:\/\/www.travelslowly.de\/?attachment_id=766\" class=\"wp-image-766\" srcset=\"https:\/\/www.travelslowly.de\/wp-content\/uploads\/2020\/10\/signal-2019-06-16-085437-82-1-1024x795.jpg 1024w, https:\/\/www.travelslowly.de\/wp-content\/uploads\/2020\/10\/signal-2019-06-16-085437-82-1-300x233.jpg 300w, https:\/\/www.travelslowly.de\/wp-content\/uploads\/2020\/10\/signal-2019-06-16-085437-82-1-768x596.jpg 768w, https:\/\/www.travelslowly.de\/wp-content\/uploads\/2020\/10\/signal-2019-06-16-085437-82-1-1536x1192.jpg 1536w, https:\/\/www.travelslowly.de\/wp-content\/uploads\/2020\/10\/signal-2019-06-16-085437-82-1-850x660.jpg 850w, https:\/\/www.travelslowly.de\/wp-content\/uploads\/2020\/10\/signal-2019-06-16-085437-82-1.jpg 1920w\" sizes=\"auto, (max-width: 1024px) 100vw, 1024px\" \/><\/figure><\/li><\/ul><figcaption class=\"blocks-gallery-caption\"><em><em><em><sub>Anika Neugart, Seoul, S\u00fcdkorea, 2019.<\/sub><\/em><\/em><\/em><\/figcaption><\/figure>\n\n\n\n<p><\/p>\n\n\n\n<p><\/p>\n\n\n\n<p>TRAVEL SLOWLY wurde im September 2020 von Anika Neugart ins Leben gerufen. <\/p>\n\n\n\n<p>Sie besch\u00e4ftigte sich bereits in ihrem Kulturmanagement-Studium (M.A.) mit dem Thema Nachhaltigkeit. Ihre Masterarbeit f\u00fchrte zu einem <a href=\"https:\/\/kupoge.de\/kumi\/pdf\/164\/kumi164_60-63.pdf\">Artikel<\/a> in der Fachzeitschrift Kulturpolitische Mitteilungen (Nr. 164, 2019). <\/p>\n\n\n\n<p>Anika verreist viel und gerne. Auf ihren Reisen begegneten ihr viele Missst\u00e4nde der Tourismusindustrie, wie beispielsweise Elefantenreiten und Long Neck-D\u00f6rfer in Thailand, angekettete Babyaffen in Malaysia sowie unterbezahlte und schlecht ausger\u00fcstete Porter im Himalaya-Gebirge. <\/p>\n\n\n\n<p>Als sie auf die Slow-Travel-Bewegung stie\u00df, erkannte sie die Zukunftsf\u00e4higkeit und Notwendigkeit dieses Reisestils. Es ist an der Zeit, sich der Verbindung zwischen dem eigenen Handeln und der Umwelt bewusst zu werden. Auch sollten kurze sowie lange Flugreisen vermieden werden. Auf TRAVEL SLOWLY schreibt sie \u00fcber den Reise-Trend, um ihn bekannt zu machen.<\/p>\n\n\n\n<p>Anika schrieb au\u00dferdem das <a href=\"https:\/\/www.travelslowly.de\/?page_id=1695\">Buch<\/a> &#8220;Simply Green. Von Achtsamkeit bis Zero Waste: Nachhaltige Lebensstile im Faktencheck&#8221; (oekom Verlag, 2022) und gibt <a href=\"https:\/\/www.travelslowly.de\/?page_id=1983\">Vortr\u00e4ge<\/a> zu verschiedenen Nachhaltigkeits-Themen.<\/p>\n\n\n\n<hr class=\"wp-block-separator\"\/>\n\n\n\n<h2 class=\"wp-block-heading\">Unterst\u00fctzen<\/h2>\n\n\n\n<p>Es gibt keine Werbung auf dem Blog und Anika schreibt ehrenamtlich. Unterst\u00fctze ihre Arbeit und lade sie auf eine Tasse Kaffee ein.<\/p>\n\n\n\n<p>Hier ist der link zu Paypal:<\/p>\n\n\n\n<!-- Begin PayPal Donations by https:\/\/www.tipsandtricks-hq.com\/paypal-donations-widgets-plugin -->\n\n<form action=\"https:\/\/www.paypal.com\/cgi-bin\/webscr\" method=\"post\" target=\"_blank\">\n    <div class=\"paypal-donations\">\n        <input type=\"hidden\" name=\"cmd\" value=\"_donations\" \/>\n        <input type=\"hidden\" name=\"bn\" value=\"TipsandTricks_SP\" \/>\n        <input type=\"hidden\" name=\"business\" value=\"anikaneugart@gmail.com\" \/>\n        <input type=\"hidden\" name=\"item_name\" value=\"Support Anika with a coffee. She drinks a lot of coffee...\" \/>\n        <input type=\"hidden\" name=\"rm\" value=\"0\" \/>\n        <input type=\"hidden\" name=\"currency_code\" value=\"EUR\" \/>\n        <input type=\"image\" style=\"cursor: pointer;\" src=\"https:\/\/www.paypalobjects.com\/de_DE\/DE\/i\/btn\/btn_donate_LG.gif\" name=\"submit\" alt=\"PayPal - The safer, easier way to pay online.\" \/>\n        <img loading=\"lazy\" decoding=\"async\" alt=\"\" src=\"https:\/\/www.paypalobjects.com\/en_US\/i\/scr\/pixel.gif\" width=\"1\" height=\"1\" \/>\n    <\/div>\n<\/form>\n<!-- End PayPal Donations -->\n\n","protected":false},"excerpt":{"rendered":"<p>TRAVEL SLOWLY wurde im September 2020 von Anika Neugart ins Leben gerufen. Sie besch\u00e4ftigte sich bereits in ihrem Kulturmanagement-Studium (M.A.) mit dem Thema Nachhaltigkeit. Ihre Masterarbeit f\u00fchrte zu einem Artikel in der Fachzeitschrift Kulturpolitische Mitteilungen (Nr. 164, 2019). Anika verreist viel und gerne. Auf ihren Reisen begegneten ihr viele Missst\u00e4nde der Tourismusindustrie, wie beispielsweise Elefantenreiten&#8230;<\/p>\n","protected":false},"author":1,"featured_media":0,"parent":82,"menu_order":0,"comment_status":"closed","ping_status":"closed","template":"","meta":{"footnotes":""},"class_list":["post-199","page","type-page","status-publish","hentry"],"_links":{"self":[{"href":"https:\/\/www.travelslowly.de\/index.php?rest_route=\/wp\/v2\/pages\/199","targetHints":{"allow":["GET"]}}],"collection":[{"href":"https:\/\/www.travelslowly.de\/index.php?rest_route=\/wp\/v2\/pages"}],"about":[{"href":"https:\/\/www.travelslowly.de\/index.php?rest_route=\/wp\/v2\/types\/page"}],"author":[{"embeddable":true,"href":"https:\/\/www.travelslowly.de\/index.php?rest_route=\/wp\/v2\/users\/1"}],"replies":[{"embeddable":true,"href":"https:\/\/www.travelslowly.de\/index.php?rest_route=%2Fwp%2Fv2%2Fcomments&post=199"}],"version-history":[{"count":18,"href":"https:\/\/www.travelslowly.de\/index.php?rest_route=\/wp\/v2\/pages\/199\/revisions"}],"predecessor-version":[{"id":4007,"href":"https:\/\/www.travelslowly.de\/index.php?rest_route=\/wp\/v2\/pages\/199\/revisions\/4007"}],"up":[{"embeddable":true,"href":"https:\/\/www.travelslowly.de\/index.php?rest_route=\/wp\/v2\/pages\/82"}],"wp:attachment":[{"href":"https:\/\/www.travelslowly.de\/index.php?rest_route=%2Fwp%2Fv2%2Fmedia&parent=199"}],"curies":[{"name":"wp","href":"https:\/\/api.w.org\/{rel}","templated":true}]}}