{"id":1983,"date":"2021-05-11T19:41:02","date_gmt":"2021-05-11T19:41:02","guid":{"rendered":"https:\/\/www.travelslowly.de\/?page_id=1983"},"modified":"2025-09-17T10:05:24","modified_gmt":"2025-09-17T10:05:24","slug":"vortrage","status":"publish","type":"page","link":"https:\/\/www.travelslowly.de\/?page_id=1983","title":{"rendered":"Vortr\u00e4ge"},"content":{"rendered":"\n<p>Anika Neugart spricht nicht nur \u00fcber Slow Travel sondern auch \u00fcber andere Trends, die in ihrem Buch <a href=\"https:\/\/www.travelslowly.de\/?page_id=1695\">&#8220;Simply Green&#8221;<\/a> vorkommen. H\u00e4ufig werden die Vortr\u00e4ge online \u00fcbertragen. <\/p>\n\n\n\n<figure class=\"wp-block-gallery has-nested-images columns-default is-cropped wp-block-gallery-1 is-layout-flex wp-block-gallery-is-layout-flex\">\n<figure class=\"wp-block-image size-large\"><img loading=\"lazy\" decoding=\"async\" width=\"1024\" height=\"683\" data-id=\"3581\" src=\"https:\/\/www.travelslowly.de\/wp-content\/uploads\/2023\/08\/csm_20230424_Kleidertauschaktion__9__8176bccac2_c-Alina-di-Sannio-Stadt-Pforzheim-1024x683.jpg\" alt=\"\" class=\"wp-image-3581\" srcset=\"https:\/\/www.travelslowly.de\/wp-content\/uploads\/2023\/08\/csm_20230424_Kleidertauschaktion__9__8176bccac2_c-Alina-di-Sannio-Stadt-Pforzheim-1024x683.jpg 1024w, https:\/\/www.travelslowly.de\/wp-content\/uploads\/2023\/08\/csm_20230424_Kleidertauschaktion__9__8176bccac2_c-Alina-di-Sannio-Stadt-Pforzheim-300x200.jpg 300w, https:\/\/www.travelslowly.de\/wp-content\/uploads\/2023\/08\/csm_20230424_Kleidertauschaktion__9__8176bccac2_c-Alina-di-Sannio-Stadt-Pforzheim-768x512.jpg 768w, https:\/\/www.travelslowly.de\/wp-content\/uploads\/2023\/08\/csm_20230424_Kleidertauschaktion__9__8176bccac2_c-Alina-di-Sannio-Stadt-Pforzheim-1536x1024.jpg 1536w, https:\/\/www.travelslowly.de\/wp-content\/uploads\/2023\/08\/csm_20230424_Kleidertauschaktion__9__8176bccac2_c-Alina-di-Sannio-Stadt-Pforzheim-2048x1366.jpg 2048w, https:\/\/www.travelslowly.de\/wp-content\/uploads\/2023\/08\/csm_20230424_Kleidertauschaktion__9__8176bccac2_c-Alina-di-Sannio-Stadt-Pforzheim-850x567.jpg 850w, https:\/\/www.travelslowly.de\/wp-content\/uploads\/2023\/08\/csm_20230424_Kleidertauschaktion__9__8176bccac2_c-Alina-di-Sannio-Stadt-Pforzheim-24x16.jpg 24w, https:\/\/www.travelslowly.de\/wp-content\/uploads\/2023\/08\/csm_20230424_Kleidertauschaktion__9__8176bccac2_c-Alina-di-Sannio-Stadt-Pforzheim-36x24.jpg 36w, https:\/\/www.travelslowly.de\/wp-content\/uploads\/2023\/08\/csm_20230424_Kleidertauschaktion__9__8176bccac2_c-Alina-di-Sannio-Stadt-Pforzheim-48x32.jpg 48w\" sizes=\"auto, (max-width: 1024px) 100vw, 1024px\" \/><\/figure>\n<figcaption class=\"blocks-gallery-caption wp-element-caption\"><em>&#8220;Slow Fashion&#8221; im Stadtlabor Pforzheim. Foto: Alina di Sannio, Stadt Pforzheim (April 2023).<\/em><\/figcaption><\/figure>\n\n\n\n<p><\/p>\n\n\n\n<p><\/p>\n\n\n\n<h2 class=\"wp-block-heading has-luminous-vivid-orange-color has-text-color\"><strong>Vortr\u00e4ge 2024<\/strong><\/h2>\n\n\n\n<p><em>13.\/14. Dezember 2024 und 17.\/18. Januar 2025<\/em><\/p>\n\n\n\n<p><strong><em>Nachhaltig Reisen WS 24\/25<\/em><\/strong><a href=\"https:\/\/www.uni-konstanz.de\/sq\/angebote\/semesterprogramm-wise2023-24\/nachhaltigkeit-qualifikation-n\/\" data-type=\"URL\" data-id=\"https:\/\/www.uni-konstanz.de\/sq\/angebote\/semesterprogramm-wise2023-24\/nachhaltigkeit-qualifikation-n\/\"> Schl\u00fcsselqualifikations-Seminar <\/a>als Gast-Dozentin an der Universit\u00e4t Konstanz. Teilnahme nur f\u00fcr Studierende der Universit\u00e4t Konstanz.<\/p>\n\n\n\n<hr class=\"wp-block-separator has-css-opacity\"\/>\n\n\n\n<h2 class=\"wp-block-heading has-luminous-vivid-orange-color has-text-color\"><strong>Vortr\u00e4ge 2023<\/strong><\/h2>\n\n\n\n<p><em>13. Januar 2023<\/em><\/p>\n\n\n\n<p><strong><em>Lesung &#8220;Simply Green&#8221;<\/em><\/strong> Buchvorstellung in Pr\u00e4senz beim <a href=\"https:\/\/www.stratum-consult.de\/events\/\" data-type=\"URL\" data-id=\"https:\/\/www.stratum-consult.de\/events\/\">stratum-Netzwerk<\/a> in Berlin mit Live-Stream.<\/p>\n\n\n\n<hr class=\"wp-block-separator has-css-opacity\"\/>\n\n\n\n<p><em>24. April 2023<\/em><\/p>\n\n\n\n<p><strong><em>Slow Fashion<\/em><\/strong> Ein Pr\u00e4senz-Vortrag mit Kleidertauschparty im Stadtlabor Pforzheim; organisiert von der Fairtrade-Town Pforzheim und der <a href=\"https:\/\/www.hs-pforzheim.de\/hochschule\/die_hochschule\/nachhaltigkeit\/aktuelles\/detailansicht\/news\/change_fashion_vortrag_und_kleidertausch\" data-type=\"URL\" data-id=\"https:\/\/www.hs-pforzheim.de\/hochschule\/die_hochschule\/nachhaltigkeit\/aktuelles\/detailansicht\/news\/change_fashion_vortrag_und_kleidertausch\">Fairtrade-University Pforzheim.<\/a><\/p>\n\n\n\n<hr class=\"wp-block-separator has-css-opacity\"\/>\n\n\n\n<p><em>25. Mai 2023<\/em><\/p>\n\n\n\n<p><strong><em>Lesung &#8220;Simply Green&#8221;<\/em><\/strong> Eine Buchvorstellung in Pr\u00e4senz in der Gemeindeb\u00fccherei Altfraunhofen.<\/p>\n\n\n\n<hr class=\"wp-block-separator has-css-opacity\"\/>\n\n\n\n<p><em>20. Juli 2023<\/em><\/p>\n\n\n\n<p><strong><em>Slow Travel in der Region L\u00f6rrach<\/em><\/strong> Workshop und Vortrag f\u00fcr die Stadt L\u00f6rrach, Fachbereich Kultur und Tourismus in Kooperation mit dem Slow Food e.V. L\u00f6rrach.<\/p>\n\n\n\n<hr class=\"wp-block-separator has-css-opacity\"\/>\n\n\n\n<p><em>18. Oktober 2023<\/em><\/p>\n\n\n\n<p><strong><em>Slow Travel<\/em><\/strong> Ein Pr\u00e4senz-Vortrag im Rahmen des &#8220;Tag der Nachhaltigkeit&#8221; in Pforzheim; organisiert von der <a href=\"https:\/\/www.hs-pforzheim.de\/hochschule\/die_hochschule\/nachhaltigkeit\">F<\/a><a href=\"https:\/\/www.hs-pforzheim.de\/hochschule\/die_hochschule\/nachhaltigkeit\/aktuelles\/detailansicht\/news\/tag_der_nachhaltigkeit_5\" data-type=\"URL\" data-id=\"https:\/\/www.hs-pforzheim.de\/hochschule\/die_hochschule\/nachhaltigkeit\/aktuelles\/detailansicht\/news\/tag_der_nachhaltigkeit_5\">airtrade-University Pforzheim. <\/a><\/p>\n\n\n\n<hr class=\"wp-block-separator has-css-opacity\"\/>\n\n\n\n<p><em>8. November 2023<\/em> <\/p>\n\n\n\n<p><strong><em>Slow Fashion<\/em><\/strong> Ein Pr\u00e4senz-Vortrag an der Universit\u00e4t Basel, CH; organisiert von der Fachstelle f\u00fcr Nachhaltigkeit der Universit\u00e4t Basel&nbsp;und der Studierendenvereinigung <a href=\"https:\/\/www.ag-nachhaltigkeit-unibasel.com\/\u00fcber-uns\" data-type=\"URL\" data-id=\"https:\/\/www.ag-nachhaltigkeit-unibasel.com\/\u00fcber-uns\">AG Nachhaltigkeit.<\/a> Im Anschluss findet eine offene Kleidertauschparty statt.<\/p>\n\n\n\n<hr class=\"wp-block-separator has-css-opacity\"\/>\n\n\n\n<p><em>17.\/18. November und 1.\/2. Dezember 2023<\/em><\/p>\n\n\n\n<p><strong><em>Nachhaltig Reisen \u2013 Slow Travel und Mikroabenteuer WS 23\/24<\/em><\/strong> <a href=\"https:\/\/www.uni-konstanz.de\/sq\/angebote\/semesterprogramm-wise2023-24\/nachhaltigkeit-qualifikation-n\/\" data-type=\"URL\" data-id=\"https:\/\/www.uni-konstanz.de\/sq\/angebote\/semesterprogramm-wise2023-24\/nachhaltigkeit-qualifikation-n\/\">Schl\u00fcsselqualifikations-Seminar <\/a>als Gast-Dozentin an der Universit\u00e4t Konstanz. Teilnahme nur f\u00fcr Studierende der Universit\u00e4t Konstanz.<\/p>\n\n\n\n<figure class=\"wp-block-image size-large\"><img loading=\"lazy\" decoding=\"async\" width=\"1024\" height=\"768\" src=\"https:\/\/www.travelslowly.de\/wp-content\/uploads\/2022\/06\/20220506_152623_b-1024x768.jpg\" alt=\"\" class=\"wp-image-3173\" srcset=\"https:\/\/www.travelslowly.de\/wp-content\/uploads\/2022\/06\/20220506_152623_b-1024x768.jpg 1024w, https:\/\/www.travelslowly.de\/wp-content\/uploads\/2022\/06\/20220506_152623_b-300x225.jpg 300w, https:\/\/www.travelslowly.de\/wp-content\/uploads\/2022\/06\/20220506_152623_b-768x576.jpg 768w, https:\/\/www.travelslowly.de\/wp-content\/uploads\/2022\/06\/20220506_152623_b-1536x1152.jpg 1536w, https:\/\/www.travelslowly.de\/wp-content\/uploads\/2022\/06\/20220506_152623_b-2048x1536.jpg 2048w, https:\/\/www.travelslowly.de\/wp-content\/uploads\/2022\/06\/20220506_152623_b-850x638.jpg 850w, https:\/\/www.travelslowly.de\/wp-content\/uploads\/2022\/06\/20220506_152623_b-24x18.jpg 24w, https:\/\/www.travelslowly.de\/wp-content\/uploads\/2022\/06\/20220506_152623_b-36x27.jpg 36w, https:\/\/www.travelslowly.de\/wp-content\/uploads\/2022\/06\/20220506_152623_b-48x36.jpg 48w\" sizes=\"auto, (max-width: 1024px) 100vw, 1024px\" \/><figcaption class=\"wp-element-caption\"><em>&#8220;Slow Travel&#8221; an der Frankfurt University of Applied Science (Mai 2022)<\/em><\/figcaption><\/figure>\n\n\n\n<h2 class=\"wp-block-heading has-luminous-vivid-orange-color has-text-color\"><strong>Vortr\u00e4ge 2022<\/strong><\/h2>\n\n\n\n<p id=\"block-4c1637cb-683d-49b3-ae25-cf0d47ea5af3\"><em>30. April 2022<\/em><\/p>\n\n\n\n<p id=\"block-5f10d6c7-e128-4a0d-8dcc-8f50780d0185\"><strong><em>Lesung &#8220;Simply Green&#8221;<\/em><\/strong> Ein Pr\u00e4senz-Vortrag auf der <a href=\"https:\/\/www.gogroon.de\/programmdetails\/von-achtsamkeit-bis-zero-waste-nachhaltige-lebensstile-im-faktencheck\">Go.Gr\u00f8\u00f8n \u2013 Messe f\u00fcr Nachhaltiges &amp; Faires<\/a> in L\u00fcbeck.<\/p>\n\n\n\n<hr class=\"wp-block-separator\" id=\"block-8c806c0d-e0b7-4fd3-8330-a6e8e6a50f74\"\/>\n\n\n\n<p id=\"block-d0841e02-e44d-4d90-bfd4-ad0dc5d2328f\"><em>06. Mai 2022<\/em><\/p>\n\n\n\n<p id=\"block-3f783eb7-e811-4228-915b-d47aeca47458\"><strong><em>Slow Travel<\/em><\/strong> Ein Pr\u00e4senz-Vortrag im Rahmen der <a href=\"https:\/\/www.frankfurt-university.de\/de\/newsmodule\/campuskultur\/?tx_news_pi1%5Bnews%5D=7755&amp;tx_news_pi1%5Bcontroller%5D=News&amp;tx_news_pi1%5Baction%5D=detail&amp;cHash=aa8effc4a9866c9ec5db4d477e631ffc\">Europawoch<\/a><a href=\"https:\/\/www.frankfurt-university.de\/de\/newsmodule\/campuskultur\/?tx_news_pi1%5Bnews%5D=7872&amp;tx_news_pi1%5Bcontroller%5D=News&amp;tx_news_pi1%5Baction%5D=detail&amp;cHash=d5fc15a2ed943e54d9688331990d5c14\">e<\/a> an der Frankfurt University of Applied Science.<\/p>\n\n\n\n<hr class=\"wp-block-separator\" id=\"block-52cb57ec-f508-4071-ba98-4a661db27414\"\/>\n\n\n\n<p id=\"block-f4072872-be35-4c1f-a82d-46e68fe119f9\"><em>14. Juni 2022<\/em><\/p>\n\n\n\n<p id=\"block-e4f48ad2-f724-4134-8677-683416b59fb5\"><strong><em>Slow Fashion<\/em><\/strong> Ein Pr\u00e4senz-Vortrag im Literatur-Caf\u00e9 der <a href=\"https:\/\/www.ph-ludwigsburg.de\/hochschule\/campusleben\/literatur-cafe\/aktuelles\/detail\/simply-green-autorenlesung-mit-anika-neugart\">PH Ludwigsburg<\/a>.<\/p>\n\n\n\n<hr class=\"wp-block-separator has-css-opacity\"\/>\n\n\n\n<p><em>24. September 2022<\/em><\/p>\n\n\n\n<p><strong><em>Slow Fashion <\/em><\/strong>Ein Kurzvortrag in Pr\u00e4senz beim Frauen-Kultur-Fr\u00fchst\u00fcck im <a href=\"https:\/\/www.rheinfelden.de\/Buergertreffpunkt-Gambrinus\" data-type=\"URL\" data-id=\"https:\/\/www.rheinfelden.de\/Buergertreffpunkt-Gambrinus\">B\u00fcrgertreffpunkt Gambrinus<\/a>, Rheinfelden (Baden) mit anschlie\u00dfender Kleidertauschparty.<\/p>\n\n\n\n<hr class=\"wp-block-separator has-css-opacity\"\/>\n\n\n\n<p><em>10. November 2022<\/em><\/p>\n\n\n\n<p><strong><em><em>Trend zum nachhaltigen Leben &#8211; Die G\u00e4ste der Zukunft<\/em> <\/em><\/strong>Ein Vortrag in Pr\u00e4senz bei der Tagung des <a href=\"https:\/\/www.sbg-bawue.de\" data-type=\"URL\" data-id=\"https:\/\/www.sbg-bawue.de\">Vereins der Schl\u00f6sser, Burgen, G\u00e4rten und Kl\u00f6ster in Baden-W\u00fcrttemberg<\/a> auf Kloster Lorch bei Schw\u00e4bisch Gm\u00fcnd.<\/p>\n\n\n\n<hr class=\"wp-block-separator has-css-opacity\"\/>\n\n\n\n<p><em>17. November 2022 <\/em><\/p>\n\n\n\n<p><em><strong><em><strong>Slow Fashion<\/strong><\/em><\/strong><\/em>  Eine digitale Vortragsveranstaltung f\u00fcr die <a href=\"https:\/\/www.vhs-taufkirchen.de\" data-type=\"URL\" data-id=\"https:\/\/www.vhs-taufkirchen.de\">VHS Taufkirchen.<\/a><\/p>\n\n\n\n<hr class=\"wp-block-separator has-css-opacity\"\/>\n\n\n\n<h2 class=\"wp-block-heading has-luminous-vivid-orange-color has-text-color\"><strong>Vortr\u00e4ge 2021<\/strong><\/h2>\n\n\n\n<p><em>09. Juni 2021<\/em><\/p>\n\n\n\n<p><em><strong><em><strong>Slow Fashion <\/strong><\/em><\/strong><\/em>Eine digitale Vortragsveranstaltung des <a href=\"https:\/\/www.hs-fresenius.de\/rethink-woche-der-nachhaltigkeit\/\" data-type=\"URL\" data-id=\"https:\/\/www.hs-fresenius.de\/rethink-woche-der-nachhaltigkeit\/\">Green Office<\/a> der Hochschule Fresenius f\u00fcr Wirtschaft und Medien, K\u00f6ln.<\/p>\n\n\n\n<hr class=\"wp-block-separator has-css-opacity\"\/>\n\n\n\n<p><em>15. Juni 2021<\/em><\/p>\n\n\n\n<p><em><strong>Slow Fashion<\/strong><\/em> Ein Vortrag im Filmhaus Saarbr\u00fccken im Rahmen des Programms von <a href=\"https:\/\/www.uni-saarland.de\/page\/meerwissen.html\">#Meerwissen<\/a> der Universit\u00e4t des Saarlandes (mit Live-Stream via Zoom und Instagram).<\/p>\n\n\n\n<hr class=\"wp-block-separator has-css-opacity\"\/>\n\n\n\n<p><em>21. Juni 2021<\/em><\/p>\n\n\n\n<p><em><strong><em><strong>Slow Fashion <\/strong><\/em><\/strong><\/em>Ein Online-Vortrag im Rahmen des <a href=\"https:\/\/www.ku.de\/unileben\/nachhaltige-ku\" data-type=\"URL\" data-id=\"https:\/\/www.ku.de\/unileben\/nachhaltige-ku\">Nachhaltigkeitsgesamtkonzeptes<\/a> der Katholischen Universit\u00e4t Eichst\u00e4tt-Ingolstadt, welche auch Fairtrade University ist.<\/p>\n\n\n\n<hr class=\"wp-block-separator has-css-opacity\"\/>\n\n\n\n<p><em>23. Juni 2021 <\/em><\/p>\n\n\n\n<p><em><strong>Simply Green \u2013 Slow Travel und Mikroabenteuer <\/strong><\/em>Ein Online-Vortrag im Rahmen des Studienfachs Deutsch an der Universit\u00e4t Lille, Frankreich, finanziert mit DAAD-Mitteln.<\/p>\n\n\n\n<hr class=\"wp-block-separator has-css-opacity\"\/>\n\n\n\n<p><em>28. Juni 2021<\/em><\/p>\n\n\n\n<p><em><strong>Slow Fashion<\/strong><\/em> Ein Online-Vortrag im Rahmen des Fairtrade-<a href=\"https:\/\/www.umwelt-campus.de\/campus\/aktuelles\/termine-veranstaltungen\">Programms<\/a> der Hochschule Trier (Umwelt-Campus Birkenfeld und Campus Gestaltung).<\/p>\n\n\n\n<hr class=\"wp-block-separator has-css-opacity\"\/>\n\n\n\n<p><em>02. Juli 2021<\/em><\/p>\n\n\n\n<p><em><strong>Slow Fashion<\/strong><\/em> Ein Online-<a href=\"https:\/\/www.frankfurt-university.de\/de\/newsmodule\/campuskultur\/?tx_news_pi1%5Bnews%5D=6287&amp;tx_news_pi1%5Bcontroller%5D=News&amp;tx_news_pi1%5Baction%5D=detail&amp;cHash=08c53939b53c2a404c5a545665232ac9\">Vortrag <\/a>begleitend zur <a href=\"https:\/\/www.frankfurt-university.de\/de\/hochschule\/einrichtungen-und-services\/campuskultur\/veranstaltungskalender\/\">Nachhaltigkeitsstrategie<\/a> und Bewerbung als Fairtrade University an der Frankfurt University of Applied Science.<\/p>\n\n\n\n<hr class=\"wp-block-separator has-css-opacity\"\/>\n","protected":false},"excerpt":{"rendered":"<p>Anika Neugart spricht nicht nur \u00fcber Slow Travel sondern auch \u00fcber andere Trends, die in ihrem Buch &#8220;Simply Green&#8221; vorkommen. H\u00e4ufig werden die Vortr\u00e4ge online \u00fcbertragen. Vortr\u00e4ge 2024 13.\/14. Dezember 2024 und 17.\/18. Januar 2025 Nachhaltig Reisen WS 24\/25 Schl\u00fcsselqualifikations-Seminar als Gast-Dozentin an der Universit\u00e4t Konstanz. Teilnahme nur f\u00fcr Studierende der Universit\u00e4t Konstanz. Vortr\u00e4ge 2023&#8230;<\/p>\n","protected":false},"author":1,"featured_media":0,"parent":0,"menu_order":0,"comment_status":"closed","ping_status":"closed","template":"","meta":{"footnotes":""},"class_list":["post-1983","page","type-page","status-publish","hentry"],"_links":{"self":[{"href":"https:\/\/www.travelslowly.de\/index.php?rest_route=\/wp\/v2\/pages\/1983","targetHints":{"allow":["GET"]}}],"collection":[{"href":"https:\/\/www.travelslowly.de\/index.php?rest_route=\/wp\/v2\/pages"}],"about":[{"href":"https:\/\/www.travelslowly.de\/index.php?rest_route=\/wp\/v2\/types\/page"}],"author":[{"embeddable":true,"href":"https:\/\/www.travelslowly.de\/index.php?rest_route=\/wp\/v2\/users\/1"}],"replies":[{"embeddable":true,"href":"https:\/\/www.travelslowly.de\/index.php?rest_route=%2Fwp%2Fv2%2Fcomments&post=1983"}],"version-history":[{"count":94,"href":"https:\/\/www.travelslowly.de\/index.php?rest_route=\/wp\/v2\/pages\/1983\/revisions"}],"predecessor-version":[{"id":4235,"href":"https:\/\/www.travelslowly.de\/index.php?rest_route=\/wp\/v2\/pages\/1983\/revisions\/4235"}],"wp:attachment":[{"href":"https:\/\/www.travelslowly.de\/index.php?rest_route=%2Fwp%2Fv2%2Fmedia&parent=1983"}],"curies":[{"name":"wp","href":"https:\/\/api.w.org\/{rel}","templated":true}]}}