{"id":1695,"date":"2021-03-19T08:52:13","date_gmt":"2021-03-19T08:52:13","guid":{"rendered":"https:\/\/www.travelslowly.de\/?page_id=1695"},"modified":"2022-10-24T10:59:03","modified_gmt":"2022-10-24T10:59:03","slug":"buch","status":"publish","type":"page","link":"https:\/\/www.travelslowly.de\/?page_id=1695","title":{"rendered":"Buch"},"content":{"rendered":"\n<figure class=\"wp-block-image size-large\"><img loading=\"lazy\" decoding=\"async\" width=\"651\" height=\"1024\" src=\"https:\/\/www.travelslowly.de\/wp-content\/uploads\/2021\/11\/pure-cover_neu2-651x1024.jpg\" alt=\"\" class=\"wp-image-2673\" srcset=\"https:\/\/www.travelslowly.de\/wp-content\/uploads\/2021\/11\/pure-cover_neu2-651x1024.jpg 651w, https:\/\/www.travelslowly.de\/wp-content\/uploads\/2021\/11\/pure-cover_neu2-191x300.jpg 191w, https:\/\/www.travelslowly.de\/wp-content\/uploads\/2021\/11\/pure-cover_neu2-768x1209.jpg 768w, https:\/\/www.travelslowly.de\/wp-content\/uploads\/2021\/11\/pure-cover_neu2-976x1536.jpg 976w, https:\/\/www.travelslowly.de\/wp-content\/uploads\/2021\/11\/pure-cover_neu2-1301x2048.jpg 1301w, https:\/\/www.travelslowly.de\/wp-content\/uploads\/2021\/11\/pure-cover_neu2-300x472.jpg 300w, https:\/\/www.travelslowly.de\/wp-content\/uploads\/2021\/11\/pure-cover_neu2-850x1338.jpg 850w, https:\/\/www.travelslowly.de\/wp-content\/uploads\/2021\/11\/pure-cover_neu2-15x24.jpg 15w, https:\/\/www.travelslowly.de\/wp-content\/uploads\/2021\/11\/pure-cover_neu2-23x36.jpg 23w, https:\/\/www.travelslowly.de\/wp-content\/uploads\/2021\/11\/pure-cover_neu2-30x48.jpg 30w, https:\/\/www.travelslowly.de\/wp-content\/uploads\/2021\/11\/pure-cover_neu2-scaled.jpg 1627w\" sizes=\"auto, (max-width: 651px) 100vw, 651px\" \/><\/figure>\n\n\n\n<h2 class=\"wp-block-heading\" id=\"block-c8990247-1cd8-4303-9b25-a283449db1b5\">Das Crowdfunding zum Buch war erfolgreich<\/h2>\n\n\n\n<p>Vom 07. April bis 17. Mai 2021 fand eine Crowdfunding-Kampagne f\u00fcr mein Buch <strong>Simply Green<\/strong> statt. <\/p>\n\n\n\n<p>Nur bei gen\u00fcgend Vorbestellungen (Spenden) sollte das Buch vom Oekom Verlag ver\u00f6ffentlich werden. <\/p>\n\n\n\n<p>Der Zielbetrag wurde zu meiner gro\u00dfen Freude erreicht und das Buch erschien im April 2022.<\/p>\n\n\n\n<hr class=\"wp-block-separator\"\/>\n\n\n\n<h2 class=\"wp-block-heading\">Inhalt <\/h2>\n\n\n\n<p>Im Buch &#8220;Simply Green. Von Achtsamkeit bis Zero Waste. Nachhaltige Lebensstile im Faktencheck&#8221; geht es um folgende 16 Themen:<\/p>\n\n\n\n<ul class=\"wp-block-list\" id=\"block-7164a173-4cf6-41a4-8a73-69c7ed15d92b\"><li>Capsule Wardrobe<\/li><li>Slow Fashion<\/li><li>Tiny House<\/li><li>Minimalismus<\/li><li>Autarkie<\/li><li>Veganismus<\/li><li>Lebensmittelretten<\/li><li>Lokal statt global<\/li><li>Plastikfrei<\/li><li>Zero Waste<\/li><li>Urban Gardening<\/li><li>Autofrei<\/li><li>Lastenrad<\/li><li>Mikroabenteuer<\/li><li>Slow Travel<\/li><li>Achtsamkeit<\/li><\/ul>\n\n\n\n<p>Alternative Lebensstil-Trends sind zahlreich: Minimalismus, Zero Waste,  Tiny House, Urban Gardening und Slow Travel, um nur einige zu nennen. Gemeinsam haben die Bewegungen das Streben nach gesellschaftlichen Verhaltens\u00e4nderungen. Es werden neue (und alte) Konzepte genutzt, um \u00f6kologisch nachhaltig und klimaneutral zu leben. In einigen Bewegungen bildet Klimafreundlichkeit den Fokus. Bei anderen, wie bei der Tiny House-Bewegung, ist sie ein Nebeneffekt. Es sind Ideen, die der Ausrichtung auf Wirtschaftswachstum sowie st\u00e4ndigen Konsum entgegentreten und das Leben schlichter gestalten.<\/p>\n\n\n\n<p>Jede Bewegung deckt einen gewissen Lebensaspekt ab, sei es Konsum, Wohnen, Fortbewegung, Ern\u00e4hrung, Reisen oder Spiritualit\u00e4t. Die Verfechter*innen des jeweiligen Trends propagieren ihre Fortschritte \u00fcber Social-Media-Plattformen sowie eigene Websites und Publikationen. F\u00fcr Interessierte ist es schwer aus dem medialen Informationsangebot zu w\u00e4hlen. Die Recherche ist zeitaufw\u00e4ndig. Das Buch \u201eSimply Green\u201c soll eine \u00dcbersicht bieten.<\/p>\n\n\n\n<p>Die aktuellen Trends werden informativ zusammengefasst und gegen\u00fcbergestellt. Das ideale Medium f\u00fcr Menschen, die ihre Gewohnheiten \u00e4ndern und etwas zur nachhaltigen Entwicklung beisteuern m\u00f6chten. Die Leser*innen k\u00f6nnen sich einen \u00dcberblick verschaffen und daraufhin die Ans\u00e4tze w\u00e4hlen, die sie in ihren Alltag integrieren wollen. Das Sachbuch bietet nicht nur Orientierung im Informations\u00fcberfluss, sondern ist dar\u00fcber hinaus ein Beitrag zur Ver\u00e4nderung der Gesellschaft und zur \u00f6kologischen Nachhaltigkeit.<\/p>\n\n\n\n<hr class=\"wp-block-separator\"\/>\n\n\n\n<h2 class=\"wp-block-heading\">Cover<\/h2>\n\n\n\n<figure class=\"wp-block-image size-large\"><img loading=\"lazy\" decoding=\"async\" width=\"1024\" height=\"755\" src=\"https:\/\/www.travelslowly.de\/wp-content\/uploads\/2021\/11\/Cover-1-und-2-1024x755.jpg\" alt=\"\" class=\"wp-image-2658\" srcset=\"https:\/\/www.travelslowly.de\/wp-content\/uploads\/2021\/11\/Cover-1-und-2-1024x755.jpg 1024w, https:\/\/www.travelslowly.de\/wp-content\/uploads\/2021\/11\/Cover-1-und-2-300x221.jpg 300w, https:\/\/www.travelslowly.de\/wp-content\/uploads\/2021\/11\/Cover-1-und-2-768x566.jpg 768w, https:\/\/www.travelslowly.de\/wp-content\/uploads\/2021\/11\/Cover-1-und-2-1536x1132.jpg 1536w, https:\/\/www.travelslowly.de\/wp-content\/uploads\/2021\/11\/Cover-1-und-2-2048x1510.jpg 2048w, https:\/\/www.travelslowly.de\/wp-content\/uploads\/2021\/11\/Cover-1-und-2-850x627.jpg 850w, https:\/\/www.travelslowly.de\/wp-content\/uploads\/2021\/11\/Cover-1-und-2-24x18.jpg 24w, https:\/\/www.travelslowly.de\/wp-content\/uploads\/2021\/11\/Cover-1-und-2-36x27.jpg 36w, https:\/\/www.travelslowly.de\/wp-content\/uploads\/2021\/11\/Cover-1-und-2-48x35.jpg 48w\" sizes=\"auto, (max-width: 1024px) 100vw, 1024px\" \/><figcaption><em>Die ersten Coverentw\u00fcrfe (erscheint nicht in dieser Form).<\/em><\/figcaption><\/figure>\n\n\n\n<p>Es war ein langer Prozess bis das Buchcover feststand. Im April 2021 stand der erste Entwurf (links) mit einer gezeichneten Gl\u00fchbirne in der ein gr\u00fcner Zweig leuchtete. Die Zeichnung ist von Lenja Lorkowski, einer Grafikerin aus Berlin. Sie hat eine eigene Website <a href=\"https:\/\/www.littlepiep.com\/\">Little Piep<\/a> und zeigt ihre Illustrationen auf <a href=\"https:\/\/www.instagram.com\/little.piep\/\">Instagram.<\/a> <\/p>\n\n\n\n<p>Sp\u00e4ter wurde das Cover weiter bearbeitet und mit einem wei\u00dfem Look versehen (rechts). Dabei ist es allerdings nicht geblieben. Wir sind zum urspr\u00fcnglichen gr\u00fcnen Cover zur\u00fcckgekehrt: dieses Mal mit Pflanzen im Hintergrund. Ich hoffe, es gef\u00e4llt euch.<\/p>\n\n\n\n<hr class=\"wp-block-separator\"\/>\n\n\n\n<div class=\"wp-block-buttons is-layout-flex wp-block-buttons-is-layout-flex\">\n<div class=\"wp-block-button is-style-outline is-style-outline--1\"><a class=\"wp-block-button__link has-luminous-vivid-orange-color has-text-color\" href=\"https:\/\/www.oekom-crowd.de\/projekte\/simply-green\/\" style=\"border-radius:50px\">Zur Spendenaktion<\/a><\/div>\n\n\n\n<div class=\"wp-block-button is-style-outline is-style-outline--2\"><a class=\"wp-block-button__link has-luminous-vivid-orange-color has-text-color\" href=\"https:\/\/www.oekom.de\/buch\/simply-green-9783962383305\" style=\"border-radius:50px\">Zum Buch beim Oekom Verlag<\/a><\/div>\n<\/div>\n","protected":false},"excerpt":{"rendered":"<p>Das Crowdfunding zum Buch war erfolgreich Vom 07. April bis 17. Mai 2021 fand eine Crowdfunding-Kampagne f\u00fcr mein Buch Simply Green statt. Nur bei gen\u00fcgend Vorbestellungen (Spenden) sollte das Buch vom Oekom Verlag ver\u00f6ffentlich werden. Der Zielbetrag wurde zu meiner gro\u00dfen Freude erreicht und das Buch erschien im April 2022. Inhalt Im Buch &#8220;Simply Green&#8230;.<\/p>\n","protected":false},"author":1,"featured_media":0,"parent":0,"menu_order":0,"comment_status":"open","ping_status":"closed","template":"","meta":{"footnotes":""},"class_list":["post-1695","page","type-page","status-publish","hentry"],"_links":{"self":[{"href":"https:\/\/www.travelslowly.de\/index.php?rest_route=\/wp\/v2\/pages\/1695","targetHints":{"allow":["GET"]}}],"collection":[{"href":"https:\/\/www.travelslowly.de\/index.php?rest_route=\/wp\/v2\/pages"}],"about":[{"href":"https:\/\/www.travelslowly.de\/index.php?rest_route=\/wp\/v2\/types\/page"}],"author":[{"embeddable":true,"href":"https:\/\/www.travelslowly.de\/index.php?rest_route=\/wp\/v2\/users\/1"}],"replies":[{"embeddable":true,"href":"https:\/\/www.travelslowly.de\/index.php?rest_route=%2Fwp%2Fv2%2Fcomments&post=1695"}],"version-history":[{"count":61,"href":"https:\/\/www.travelslowly.de\/index.php?rest_route=\/wp\/v2\/pages\/1695\/revisions"}],"predecessor-version":[{"id":3273,"href":"https:\/\/www.travelslowly.de\/index.php?rest_route=\/wp\/v2\/pages\/1695\/revisions\/3273"}],"wp:attachment":[{"href":"https:\/\/www.travelslowly.de\/index.php?rest_route=%2Fwp%2Fv2%2Fmedia&parent=1695"}],"curies":[{"name":"wp","href":"https:\/\/api.w.org\/{rel}","templated":true}]}}