{"id":1559,"date":"2021-02-18T13:16:19","date_gmt":"2021-02-18T13:16:19","guid":{"rendered":"https:\/\/www.travelslowly.de\/?page_id=1559"},"modified":"2021-10-16T17:09:47","modified_gmt":"2021-10-16T17:09:47","slug":"beitrage-2020","status":"publish","type":"page","link":"https:\/\/www.travelslowly.de\/?page_id=1559","title":{"rendered":"2020"},"content":{"rendered":"\n<p><strong>Hier sind alle Blog-Artikel des Jahres 2020 aufgelistet. <\/strong><\/p>\n\n\n\n<div class=\"wp-block-columns is-layout-flex wp-container-core-columns-is-layout-1 wp-block-columns-is-layout-flex\">\n<div class=\"wp-block-column is-layout-flow wp-block-column-is-layout-flow\" style=\"flex-basis:66.66%\">\n<figure class=\"wp-block-image size-large\"><img loading=\"lazy\" decoding=\"async\" width=\"1024\" height=\"768\" src=\"https:\/\/www.travelslowly.de\/wp-content\/uploads\/2020\/12\/P_20190722_181823_smaller-1-1024x768.jpg\" alt=\"\" class=\"wp-image-1362\" srcset=\"https:\/\/www.travelslowly.de\/wp-content\/uploads\/2020\/12\/P_20190722_181823_smaller-1-1024x768.jpg 1024w, https:\/\/www.travelslowly.de\/wp-content\/uploads\/2020\/12\/P_20190722_181823_smaller-1-300x225.jpg 300w, https:\/\/www.travelslowly.de\/wp-content\/uploads\/2020\/12\/P_20190722_181823_smaller-1-768x576.jpg 768w, https:\/\/www.travelslowly.de\/wp-content\/uploads\/2020\/12\/P_20190722_181823_smaller-1-1536x1152.jpg 1536w, https:\/\/www.travelslowly.de\/wp-content\/uploads\/2020\/12\/P_20190722_181823_smaller-1-2048x1536.jpg 2048w, https:\/\/www.travelslowly.de\/wp-content\/uploads\/2020\/12\/P_20190722_181823_smaller-1-850x638.jpg 850w, https:\/\/www.travelslowly.de\/wp-content\/uploads\/2020\/12\/P_20190722_181823_smaller-1-24x18.jpg 24w, https:\/\/www.travelslowly.de\/wp-content\/uploads\/2020\/12\/P_20190722_181823_smaller-1-36x27.jpg 36w, https:\/\/www.travelslowly.de\/wp-content\/uploads\/2020\/12\/P_20190722_181823_smaller-1-48x36.jpg 48w\" sizes=\"auto, (max-width: 1024px) 100vw, 1024px\" \/><figcaption>Kategorie: Inspiration und Tipps <\/figcaption><\/figure>\n\n\n\n<p><\/p>\n<\/div>\n\n\n\n<div class=\"wp-block-column is-layout-flow wp-block-column-is-layout-flow\" style=\"flex-basis:33.33%\">\n<p>22. Dezember 2020<\/p>\n\n\n\n<h2 class=\"wp-block-heading\"><strong>Wie genie\u00dfen Slow Traveller Mahlzeiten?<\/strong><\/h2>\n\n\n\n<p>Slow Travel will gelernt sein. Jede Handlung oder Aktivit\u00e4t soll sich w\u00e4hrend des Reisens voll entfalten. Der Slow Traveller richtet seine Wahrnehmung bewusst aus \u2013 auch bei Aktivit\u00e4ten, die im Alltag meist nebenher passieren, wie Mahlzeiten. &nbsp;<\/p>\n\n\n\n<div class=\"wp-block-buttons is-layout-flex wp-block-buttons-is-layout-flex\">\n<div class=\"wp-block-button is-style-outline is-style-outline--1\"><a class=\"wp-block-button__link\" href=\"https:\/\/www.travelslowly.de\/?p=1332\" style=\"border-radius:50px\">Beitrag weiterlesen<\/a><\/div>\n<\/div>\n\n\n\n<p><\/p>\n<\/div>\n<\/div>\n\n\n\n<hr class=\"wp-block-separator\"\/>\n\n\n\n<div class=\"wp-block-columns is-layout-flex wp-container-core-columns-is-layout-2 wp-block-columns-is-layout-flex\">\n<div class=\"wp-block-column is-layout-flow wp-block-column-is-layout-flow\" style=\"flex-basis:66.66%\">\n<figure class=\"wp-block-image size-large\"><img loading=\"lazy\" decoding=\"async\" width=\"1024\" height=\"768\" src=\"https:\/\/www.travelslowly.de\/wp-content\/uploads\/2020\/11\/IMG_20191126_001439_441-2-1024x768.jpg\" alt=\"\" class=\"wp-image-1259\" srcset=\"https:\/\/www.travelslowly.de\/wp-content\/uploads\/2020\/11\/IMG_20191126_001439_441-2-1024x768.jpg 1024w, https:\/\/www.travelslowly.de\/wp-content\/uploads\/2020\/11\/IMG_20191126_001439_441-2-300x225.jpg 300w, https:\/\/www.travelslowly.de\/wp-content\/uploads\/2020\/11\/IMG_20191126_001439_441-2-768x576.jpg 768w, https:\/\/www.travelslowly.de\/wp-content\/uploads\/2020\/11\/IMG_20191126_001439_441-2-1536x1152.jpg 1536w, https:\/\/www.travelslowly.de\/wp-content\/uploads\/2020\/11\/IMG_20191126_001439_441-2-2048x1536.jpg 2048w, https:\/\/www.travelslowly.de\/wp-content\/uploads\/2020\/11\/IMG_20191126_001439_441-2-850x638.jpg 850w, https:\/\/www.travelslowly.de\/wp-content\/uploads\/2020\/11\/IMG_20191126_001439_441-2-24x18.jpg 24w, https:\/\/www.travelslowly.de\/wp-content\/uploads\/2020\/11\/IMG_20191126_001439_441-2-36x27.jpg 36w, https:\/\/www.travelslowly.de\/wp-content\/uploads\/2020\/11\/IMG_20191126_001439_441-2-48x36.jpg 48w\" sizes=\"auto, (max-width: 1024px) 100vw, 1024px\" \/><figcaption>Kategorie: Reisebericht<\/figcaption><\/figure>\n\n\n\n<p><\/p>\n<\/div>\n\n\n\n<div class=\"wp-block-column is-layout-flow wp-block-column-is-layout-flow\" style=\"flex-basis:33.33%\">\n<p>26. November 2020<\/p>\n\n\n\n<h2 class=\"wp-block-heading\"><strong>Volunteering in Nordamerika<\/strong><\/h2>\n\n\n\n<p>Es ist nicht nur eine Reiseerz\u00e4hlung \u2013 es ist eine internationale Liebesgeschichte zweier abenteuerlicher Langzeitreisenden, die sich an einem ausgestorbenen Ort kennenlernten, durch den ansonsten nur Seehunde und Polarb\u00e4ren streifen. <\/p>\n\n\n\n<div class=\"wp-block-buttons is-layout-flex wp-block-buttons-is-layout-flex\">\n<div class=\"wp-block-button is-style-outline is-style-outline--2\"><a class=\"wp-block-button__link\" href=\"https:\/\/www.travelslowly.de\/?p=1115\" style=\"border-radius:50px\">Beitrag weiterlesen<\/a><\/div>\n<\/div>\n<\/div>\n<\/div>\n\n\n\n<hr class=\"wp-block-separator\"\/>\n\n\n\n<div class=\"wp-block-columns is-layout-flex wp-container-core-columns-is-layout-3 wp-block-columns-is-layout-flex\">\n<div class=\"wp-block-column is-layout-flow wp-block-column-is-layout-flow\" style=\"flex-basis:66.66%\">\n<figure class=\"wp-block-image size-large\"><img loading=\"lazy\" decoding=\"async\" width=\"1024\" height=\"768\" src=\"https:\/\/www.travelslowly.de\/wp-content\/uploads\/2020\/11\/a-1024x768.jpg\" alt=\"\" class=\"wp-image-1090\" srcset=\"https:\/\/www.travelslowly.de\/wp-content\/uploads\/2020\/11\/a-1024x768.jpg 1024w, https:\/\/www.travelslowly.de\/wp-content\/uploads\/2020\/11\/a-300x225.jpg 300w, https:\/\/www.travelslowly.de\/wp-content\/uploads\/2020\/11\/a-768x576.jpg 768w, https:\/\/www.travelslowly.de\/wp-content\/uploads\/2020\/11\/a-850x638.jpg 850w, https:\/\/www.travelslowly.de\/wp-content\/uploads\/2020\/11\/a-24x18.jpg 24w, https:\/\/www.travelslowly.de\/wp-content\/uploads\/2020\/11\/a-36x27.jpg 36w, https:\/\/www.travelslowly.de\/wp-content\/uploads\/2020\/11\/a-48x36.jpg 48w, https:\/\/www.travelslowly.de\/wp-content\/uploads\/2020\/11\/a.jpg 1280w\" sizes=\"auto, (max-width: 1024px) 100vw, 1024px\" \/><figcaption>Kategorie: Reisebericht<\/figcaption><\/figure>\n<\/div>\n\n\n\n<div class=\"wp-block-column is-layout-flow wp-block-column-is-layout-flow\" style=\"flex-basis:33.33%\">\n<p>23. Oktober 2020<\/p>\n\n\n\n<h2 class=\"wp-block-heading\"><strong>Eselwanderungen. Individualreise oder gef\u00fchrte Tagestour<\/strong><\/h2>\n\n\n\n<p>Im Jahr 2014 traf ich auf einem Musikfestival einen interessanten Menschen \u2013 einen H\u00e4ndler aus Hannover, der Schaffelle verkaufte. Am n\u00e4chtlichen Lagerfeuer berichtete er mir von seiner dreimonatigen Reise mit einem Esel in den spanischen Pyren\u00e4en. <\/p>\n\n\n\n<div class=\"wp-block-buttons is-layout-flex wp-block-buttons-is-layout-flex\">\n<div class=\"wp-block-button is-style-outline is-style-outline--3\"><a class=\"wp-block-button__link\" href=\"https:\/\/www.travelslowly.de\/?p=919\" style=\"border-radius:50px\">Beitrag weiterlesen<\/a><\/div>\n<\/div>\n<\/div>\n<\/div>\n\n\n\n<hr class=\"wp-block-separator\"\/>\n\n\n\n<div class=\"wp-block-columns is-layout-flex wp-container-core-columns-is-layout-4 wp-block-columns-is-layout-flex\">\n<div class=\"wp-block-column is-layout-flow wp-block-column-is-layout-flow\" style=\"flex-basis:66.66%\">\n<figure class=\"wp-block-image size-large\"><img loading=\"lazy\" decoding=\"async\" width=\"1024\" height=\"680\" src=\"https:\/\/www.travelslowly.de\/wp-content\/uploads\/2020\/10\/3_kyrgyzstan_2-7-1024x680.jpg\" alt=\"\" class=\"wp-image-890\" srcset=\"https:\/\/www.travelslowly.de\/wp-content\/uploads\/2020\/10\/3_kyrgyzstan_2-7-1024x680.jpg 1024w, https:\/\/www.travelslowly.de\/wp-content\/uploads\/2020\/10\/3_kyrgyzstan_2-7-300x199.jpg 300w, https:\/\/www.travelslowly.de\/wp-content\/uploads\/2020\/10\/3_kyrgyzstan_2-7-768x510.jpg 768w, https:\/\/www.travelslowly.de\/wp-content\/uploads\/2020\/10\/3_kyrgyzstan_2-7-1536x1020.jpg 1536w, https:\/\/www.travelslowly.de\/wp-content\/uploads\/2020\/10\/3_kyrgyzstan_2-7-2048x1360.jpg 2048w, https:\/\/www.travelslowly.de\/wp-content\/uploads\/2020\/10\/3_kyrgyzstan_2-7-850x565.jpg 850w\" sizes=\"auto, (max-width: 1024px) 100vw, 1024px\" \/><figcaption>Kategorie: Reisebericht<\/figcaption><\/figure>\n<\/div>\n\n\n\n<div class=\"wp-block-column is-layout-flow wp-block-column-is-layout-flow\" style=\"flex-basis:33.33%\">\n<p>09. Oktober 2020<\/p>\n\n\n\n<h2 class=\"wp-block-heading\"><strong>Eine Auszeit. Mit dem Rad von Deutschland nach S\u00fcdkorea<\/strong><\/h2>\n\n\n\n<p>Im Jahr 2016 brach der koreanische Architekt Nam Dongho zu einem Abenteuer auf. Er hatte einige Zeit in Amsterdam gearbeitet und steckte nun in einem unbefriedigenden Job in einem Architekturb\u00fcro in M\u00fcnchen fest. Seit l\u00e4ngerer Zeit &#8230;<\/p>\n\n\n\n<div class=\"wp-block-buttons is-layout-flex wp-block-buttons-is-layout-flex\">\n<div class=\"wp-block-button is-style-outline is-style-outline--4\"><a class=\"wp-block-button__link\" href=\"https:\/\/www.travelslowly.de\/?p=773\" style=\"border-radius:50px\">Beitrag weiterlesen<\/a><\/div>\n<\/div>\n<\/div>\n<\/div>\n\n\n\n<hr class=\"wp-block-separator\"\/>\n\n\n\n<div class=\"wp-block-columns is-layout-flex wp-container-core-columns-is-layout-5 wp-block-columns-is-layout-flex\">\n<div class=\"wp-block-column is-layout-flow wp-block-column-is-layout-flow\" style=\"flex-basis:66.66%\">\n<figure class=\"wp-block-image size-large\"><img loading=\"lazy\" decoding=\"async\" width=\"1024\" height=\"680\" src=\"https:\/\/www.travelslowly.de\/wp-content\/uploads\/2020\/12\/Manifest-Image-M2-1024x680.jpg\" alt=\"\" class=\"wp-image-1365\" srcset=\"https:\/\/www.travelslowly.de\/wp-content\/uploads\/2020\/12\/Manifest-Image-M2-1024x680.jpg 1024w, https:\/\/www.travelslowly.de\/wp-content\/uploads\/2020\/12\/Manifest-Image-M2-300x199.jpg 300w, https:\/\/www.travelslowly.de\/wp-content\/uploads\/2020\/12\/Manifest-Image-M2-768x510.jpg 768w, https:\/\/www.travelslowly.de\/wp-content\/uploads\/2020\/12\/Manifest-Image-M2-1536x1020.jpg 1536w, https:\/\/www.travelslowly.de\/wp-content\/uploads\/2020\/12\/Manifest-Image-M2-2048x1360.jpg 2048w, https:\/\/www.travelslowly.de\/wp-content\/uploads\/2020\/12\/Manifest-Image-M2-850x565.jpg 850w, https:\/\/www.travelslowly.de\/wp-content\/uploads\/2020\/12\/Manifest-Image-M2-24x16.jpg 24w, https:\/\/www.travelslowly.de\/wp-content\/uploads\/2020\/12\/Manifest-Image-M2-36x24.jpg 36w, https:\/\/www.travelslowly.de\/wp-content\/uploads\/2020\/12\/Manifest-Image-M2-48x32.jpg 48w\" sizes=\"auto, (max-width: 1024px) 100vw, 1024px\" \/><figcaption>Kategorie: Slow Travel Grundlagen<\/figcaption><\/figure>\n<\/div>\n\n\n\n<div class=\"wp-block-column is-layout-flow wp-block-column-is-layout-flow\" style=\"flex-basis:33.33%\">\n<p>01. Oktober 2020<\/p>\n\n\n\n<h2 class=\"wp-block-heading\"><strong>Slow Travel-Manifest<\/strong><\/h2>\n\n\n\n<p>Im Jahr 2009 formulierte die Reiseautorin Nicky Gardner das Slow Travel-Manifest auf Englisch. Anbei findet sich die von TRAVEL SLOWLY verfasste deutsche \u00dcbersetzung.<\/p>\n\n\n\n<div class=\"wp-block-buttons is-layout-flex wp-block-buttons-is-layout-flex\">\n<div class=\"wp-block-button is-style-outline is-style-outline--5\"><a class=\"wp-block-button__link\" href=\"https:\/\/www.travelslowly.de\/?p=670\" style=\"border-radius:50px\">Beitrag weiterlesen<\/a><\/div>\n<\/div>\n<\/div>\n<\/div>\n\n\n\n<hr class=\"wp-block-separator\"\/>\n\n\n\n<div class=\"wp-block-buttons is-layout-flex wp-block-buttons-is-layout-flex\">\n<div class=\"wp-block-button\"><a class=\"wp-block-button__link has-white-color has-black-background-color has-text-color has-background\" href=\"https:\/\/www.travelslowly.de\" style=\"border-radius:50px\">Zu den neusten Artikeln<\/a><\/div>\n<\/div>\n\n\n\n<div class=\"wp-block-buttons is-layout-flex wp-block-buttons-is-layout-flex\">\n<div class=\"wp-block-button is-style-outline is-style-outline--6\"><a class=\"wp-block-button__link\" href=\"https:\/\/www.travelslowly.de\/?page_id=2290\" style=\"border-radius:50px\">Artikel 2021<\/a><\/div>\n<\/div>\n","protected":false},"excerpt":{"rendered":"<p>Hier sind alle Blog-Artikel des Jahres 2020 aufgelistet. 22. Dezember 2020 Wie genie\u00dfen Slow Traveller Mahlzeiten? Slow Travel will gelernt sein. Jede Handlung oder Aktivit\u00e4t soll sich w\u00e4hrend des Reisens voll entfalten. Der Slow Traveller richtet seine Wahrnehmung bewusst aus \u2013 auch bei Aktivit\u00e4ten, die im Alltag meist nebenher passieren, wie Mahlzeiten. &nbsp; 26. November&#8230;<\/p>\n","protected":false},"author":1,"featured_media":0,"parent":136,"menu_order":0,"comment_status":"closed","ping_status":"closed","template":"","meta":{"footnotes":""},"class_list":["post-1559","page","type-page","status-publish","hentry"],"_links":{"self":[{"href":"https:\/\/www.travelslowly.de\/index.php?rest_route=\/wp\/v2\/pages\/1559","targetHints":{"allow":["GET"]}}],"collection":[{"href":"https:\/\/www.travelslowly.de\/index.php?rest_route=\/wp\/v2\/pages"}],"about":[{"href":"https:\/\/www.travelslowly.de\/index.php?rest_route=\/wp\/v2\/types\/page"}],"author":[{"embeddable":true,"href":"https:\/\/www.travelslowly.de\/index.php?rest_route=\/wp\/v2\/users\/1"}],"replies":[{"embeddable":true,"href":"https:\/\/www.travelslowly.de\/index.php?rest_route=%2Fwp%2Fv2%2Fcomments&post=1559"}],"version-history":[{"count":18,"href":"https:\/\/www.travelslowly.de\/index.php?rest_route=\/wp\/v2\/pages\/1559\/revisions"}],"predecessor-version":[{"id":2512,"href":"https:\/\/www.travelslowly.de\/index.php?rest_route=\/wp\/v2\/pages\/1559\/revisions\/2512"}],"up":[{"embeddable":true,"href":"https:\/\/www.travelslowly.de\/index.php?rest_route=\/wp\/v2\/pages\/136"}],"wp:attachment":[{"href":"https:\/\/www.travelslowly.de\/index.php?rest_route=%2Fwp%2Fv2%2Fmedia&parent=1559"}],"curies":[{"name":"wp","href":"https:\/\/api.w.org\/{rel}","templated":true}]}}